{"id":10860,"date":"2025-01-24T13:42:14","date_gmt":"2025-01-24T13:42:14","guid":{"rendered":"https:\/\/tehnikabacko.rs\/?post_type=product&#038;p=10860"},"modified":"2025-01-24T13:42:14","modified_gmt":"2025-01-24T13:42:14","slug":"ingco-cosli240789e-aku-set","status":"publish","type":"product","link":"https:\/\/tehnikabacko.rs\/index.php\/product\/ingco-cosli240789e-aku-set\/","title":{"rendered":"INGCO COSLI240789E AKU SET"},"content":{"rendered":"<p><strong>Ingco Aku set alata 3\/1 COSLI240789E Super Ingco<\/strong>\u00a0&#8211; obuhvata udarni odvija\u010d od 850Nm, ugaon brusilicu od 115mm, ru\u010dni usisiva\u010d, dve baterije od 5Ah i punja\u010d.<\/p>\n<p>&nbsp;<\/p>\n<p><strong>Opis proizvoda:<\/strong><\/p>\n<p><strong>Udarni odvija\u010d<\/strong>\u00a0<strong>CIWLI20851<\/strong><br \/>\nSUPER INGCO akumulatorski udarni odvija\u010d je dizajniran da se koristi za aplikacije vezane za automatsku popravku ili odr\u017eavanje ure\u0111aja.<br \/>\nNapravljen je dovoljno jak da obavlja te\u0161ke zadatke i poma\u017ee u lakim poslovima na domac\u0301em nivou i na taj na\u010din se pokazao kao proizvod od velike upotrebe za razli\u010dite primene.<br \/>\nErgonomski dizajniran da pru\u017ei najbolju podr\u0161ku i udobnost korisniku.<br \/>\nDizajn omoguc\u0301ava korisniku da radi duge sate bez mnogo nelagodnosti i umora<br \/>\nOvaj udarni odvija\u010d obezbe\u0111uje maksimalnu snagu, brzinu i performanse.<br \/>\n<strong>Ugaona brusilica CAGLI21154<\/strong><br \/>\nUgaona brusilica SUPER INGCO modela CAGLI21154 je visokokvalitetni akumulatorski alat dizajniran za se\u010denje, poliranje i bru\u0161enje materijala.<br \/>\nNapon 20V brzina bez opterec\u0301enja 3.000 \/ 6.000 \/ 9000 o\/min, \u0161to ga \u010dini idealnim za poslove velike potra\u017enje.<br \/>\nPre\u010dnik diska mu je 115 mm, a navoj za pode\u0161avanje je M14.<br \/>\n<strong>Ru\u010dni usisiva\u010d CVLI201261<\/strong><br \/>\nSUPER INGCO akumulatorski usisiva\u010d je lagani ru\u010dni usisiva\u010d koji \u010dini \u010di\u0161\u0107enje brzim i jednostavnim.<br \/>\nLagani ru\u010dni dizajn i prakti\u010dni nastavci \u010dine ga idealnim saveznikom za \u010disto\u0107u va\u0161eg doma ili automobila.<br \/>\nOvaj usisiva\u010d ima napon od 20V, a kapacitet spremnika je 0,5 litara.<\/p>\n<p>&nbsp;<\/p>\n<p><strong>Tehni\u010dke karakteristike proizvoda:<\/strong><\/p>\n<ul>\n<li>Brend: SUPER INGCO<\/li>\n<li>Oznaka seta: COSLI240789E<\/li>\n<li>Napon: 20V<\/li>\n<li>Akumulatorski udarni odvija\u010d (<strong>CIWLI20851<\/strong>)<\/li>\n<li>BL motor bez \u010detkica<\/li>\n<li>Napon: 20V<\/li>\n<li>Kvadratni priklju\u010dak: 1\/2\u201d<\/li>\n<li>Brzina bez optere\u0107enja: 0-1600\/0- 2100\/0-2400 o\/min<\/li>\n<li>Brzina udarca: 0-1500\/0-1800\/0- 2200 udaraca u min<\/li>\n<li>Moment zatezanja: 850 Nm<\/li>\n<li>Moment za otpu\u0161tanje navoja: 1000 Nm<\/li>\n<li>Integrisano LED radno svetlo<\/li>\n<li>Akumulatorska ugaona brusilica (<strong>CAGLI21154<\/strong>):<\/li>\n<li>BL motor bez \u010detkica<\/li>\n<li>Napon: 20V<\/li>\n<li>Brzina bez optere\u0107enja: 3000\/6000\/9000 o\/min<\/li>\n<li>Pre\u010dnik diska: 115 mm<\/li>\n<li>Navoj na osovini: M14<\/li>\n<li>Akumulatorski usisiva\u010d (<strong>CVLI201261<\/strong>):<\/li>\n<li>Napon: 20V<\/li>\n<\/ul>\n","protected":false},"excerpt":{"rendered":"<p>Ingco Aku set alata 3\/1 COSLI240789E Super Ingco\u00a0&#8211; obuhvata udarni odvija\u010d od 850Nm, ugaon brusilicu od 115mm, ru\u010dni usisiva\u010d, dve baterije od 5Ah i punja\u010d. &nbsp; Opis proizvoda: Udarni odvija\u010d\u00a0CIWLI20851 SUPER INGCO akumulatorski udarni odvija\u010d je dizajniran da se koristi za aplikacije vezane za automatsku popravku ili odr\u017eavanje ure\u0111aja. Napravljen je dovoljno jak da obavlja [&hellip;]<\/p>\n","protected":false},"featured_media":10861,"comment_status":"open","ping_status":"closed","template":"","meta":{"inline_featured_image":false},"product_brand":[],"product_cat":[148,297,343],"product_tag":[],"class_list":{"0":"post-10860","1":"product","2":"type-product","3":"status-publish","4":"has-post-thumbnail","6":"product_cat-alati","7":"product_cat-brusilice","8":"product_cat-odvrtaci","10":"first","11":"instock","12":"sale","13":"shipping-taxable","14":"purchasable","15":"product-type-simple"},"_links":{"self":[{"href":"https:\/\/tehnikabacko.rs\/index.php\/wp-json\/wp\/v2\/product\/10860","targetHints":{"allow":["GET"]}}],"collection":[{"href":"https:\/\/tehnikabacko.rs\/index.php\/wp-json\/wp\/v2\/product"}],"about":[{"href":"https:\/\/tehnikabacko.rs\/index.php\/wp-json\/wp\/v2\/types\/product"}],"replies":[{"embeddable":true,"href":"https:\/\/tehnikabacko.rs\/index.php\/wp-json\/wp\/v2\/comments?post=10860"}],"wp:featuredmedia":[{"embeddable":true,"href":"https:\/\/tehnikabacko.rs\/index.php\/wp-json\/wp\/v2\/media\/10861"}],"wp:attachment":[{"href":"https:\/\/tehnikabacko.rs\/index.php\/wp-json\/wp\/v2\/media?parent=10860"}],"wp:term":[{"taxonomy":"product_brand","embeddable":true,"href":"https:\/\/tehnikabacko.rs\/index.php\/wp-json\/wp\/v2\/product_brand?post=10860"},{"taxonomy":"product_cat","embeddable":true,"href":"https:\/\/tehnikabacko.rs\/index.php\/wp-json\/wp\/v2\/product_cat?post=10860"},{"taxonomy":"product_tag","embeddable":true,"href":"https:\/\/tehnikabacko.rs\/index.php\/wp-json\/wp\/v2\/product_tag?post=10860"}],"curies":[{"name":"wp","href":"https:\/\/api.w.org\/{rel}","templated":true}]}}