{"id":10858,"date":"2025-01-24T13:15:47","date_gmt":"2025-01-24T13:15:47","guid":{"rendered":"https:\/\/tehnikabacko.rs\/?post_type=product&#038;p=10858"},"modified":"2025-01-24T13:15:47","modified_gmt":"2025-01-24T13:15:47","slug":"ingco-set-busilica-45nm-i-odvijac-170nm-cosli230708","status":"publish","type":"product","link":"https:\/\/tehnikabacko.rs\/index.php\/product\/ingco-set-busilica-45nm-i-odvijac-170nm-cosli230708\/","title":{"rendered":"INGCO SET BUSILICA 45Nm I ODVIJA\u010c 170Nm COSLI230708"},"content":{"rendered":"<p><strong>Ingco Aku set bu\u0161ilica 45Nm i odvija\u010d 170Nm\u00a0COSLI230708 SUPER INGCO\u00a0<\/strong>&#8211; prodaje se se sa punja\u010dem i dve baterije od 2Ah.<\/p>\n<p><strong>Tehni\u010dke karakteristike proizvoda:<\/strong><\/p>\n<ul>\n<li>Brend: SUPER INGCO<\/li>\n<li>Set: COSLI230708<\/li>\n<li><strong>BL motori \u2013 motori bez cetkica (<\/strong>brushless motor<strong>)<\/strong><\/li>\n<li>Napon: 20V<\/li>\n<li><strong>\u0160rafilica CDLI200528<\/strong><\/li>\n<li>Brzina 0-400\/0-1500 o\/min<\/li>\n<li>Obrtni moment 45 Nm<\/li>\n<li>Postavke obrtnog momenta 15+1<\/li>\n<li>uti\u010dnica za steznu glavu 0,8-10 mm<\/li>\n<li>Funkcija zaklju\u010davanja vretena<\/li>\n<li>Te\u017eina: 1kg.<\/li>\n<li><strong>Udarni odvija\u010d\u00a0<\/strong><\/li>\n<li>Brzina 0-1300\/0-2100 o\/min<\/li>\n<li>Udarci 0-2000\/0-3300 i\/min<\/li>\n<li>Obrtni moment 170 Nm<\/li>\n<li>Prihvat 1\/4\u2033<\/li>\n<li>Te\u017eina: 1,3 kg.<\/li>\n<\/ul>\n<p>&nbsp;<\/p>\n<p><strong>Opis proizvoda:<\/strong><\/p>\n<p>SUPER INGCO be\u017ei\u010dni udarni odvija\u010d je dizajniran da se koristi za najzahtevnije aplikacije vezane za automatsku popravku ili odr\u017eavanje ure\u0111aja u kuc\u0301i.<br \/>\nNapravljen je dovoljno jak da obavlja te\u0161ke zadatke i poma\u017ee u lakim poslovima na domac\u0301em nivou i na taj na\u010din se pokazao kao proizvod od velike upotrebe za razli\u010dite primene.<br \/>\nErgonomski dizajniran da pru\u017ei najbolju podr\u0161ku i udobnost korisniku.<br \/>\nDizajn omoguc\u0301ava korisniku da radi duge sate bez mnogo nelagodnosti i umora.<br \/>\nTakodje udarna bu\u0161ilica je idealna za sve vrste domac\u0301ih zadataka, za bu\u0161enje na bilo kojoj vrsti povr\u0161ina kao \u0161to su beton, drvo i metal.<br \/>\nNjegova ergonomska priroda \u010dini ga lakim za du\u017ee vreme bez zamora, \u0161to ga \u010dini savr\u0161enim za bilo koji posao.<br \/>\nIntegrisano LED svetlo vam poma\u017ee da sa lakoc\u0301om radite u tamnim oblastima.<br \/>\nOva kompaktna, lagana jedinica se napaja baterijama i idealna je za poslove u kuc\u0301i, uklju\u010dujuc\u0301i zadatke bu\u0161enja i uvrtanja \u0161rafova.<br \/>\nNjegova brza i laka stezna glava \u010dini va\u0161 posao lak\u0161im nego ikada ranije.<\/p>\n","protected":false},"excerpt":{"rendered":"<p>Ingco Aku set bu\u0161ilica 45Nm i odvija\u010d 170Nm\u00a0COSLI230708 SUPER INGCO\u00a0&#8211; prodaje se se sa punja\u010dem i dve baterije od 2Ah. Tehni\u010dke karakteristike proizvoda: Brend: SUPER INGCO Set: COSLI230708 BL motori \u2013 motori bez cetkica (brushless motor) Napon: 20V \u0160rafilica CDLI200528 Brzina 0-400\/0-1500 o\/min Obrtni moment 45 Nm Postavke obrtnog momenta 15+1 uti\u010dnica za steznu glavu [&hellip;]<\/p>\n","protected":false},"featured_media":10859,"comment_status":"open","ping_status":"closed","template":"","meta":{"inline_featured_image":false},"product_brand":[],"product_cat":[232,148,298],"product_tag":[],"class_list":{"0":"post-10858","1":"product","2":"type-product","3":"status-publish","4":"has-post-thumbnail","6":"product_cat-aku-alati","7":"product_cat-alati","8":"product_cat-busilica","10":"first","11":"instock","12":"sale","13":"shipping-taxable","14":"purchasable","15":"product-type-simple"},"_links":{"self":[{"href":"https:\/\/tehnikabacko.rs\/index.php\/wp-json\/wp\/v2\/product\/10858","targetHints":{"allow":["GET"]}}],"collection":[{"href":"https:\/\/tehnikabacko.rs\/index.php\/wp-json\/wp\/v2\/product"}],"about":[{"href":"https:\/\/tehnikabacko.rs\/index.php\/wp-json\/wp\/v2\/types\/product"}],"replies":[{"embeddable":true,"href":"https:\/\/tehnikabacko.rs\/index.php\/wp-json\/wp\/v2\/comments?post=10858"}],"wp:featuredmedia":[{"embeddable":true,"href":"https:\/\/tehnikabacko.rs\/index.php\/wp-json\/wp\/v2\/media\/10859"}],"wp:attachment":[{"href":"https:\/\/tehnikabacko.rs\/index.php\/wp-json\/wp\/v2\/media?parent=10858"}],"wp:term":[{"taxonomy":"product_brand","embeddable":true,"href":"https:\/\/tehnikabacko.rs\/index.php\/wp-json\/wp\/v2\/product_brand?post=10858"},{"taxonomy":"product_cat","embeddable":true,"href":"https:\/\/tehnikabacko.rs\/index.php\/wp-json\/wp\/v2\/product_cat?post=10858"},{"taxonomy":"product_tag","embeddable":true,"href":"https:\/\/tehnikabacko.rs\/index.php\/wp-json\/wp\/v2\/product_tag?post=10858"}],"curies":[{"name":"wp","href":"https:\/\/api.w.org\/{rel}","templated":true}]}}