{"id":10856,"date":"2025-01-24T12:08:54","date_gmt":"2025-01-24T12:08:54","guid":{"rendered":"https:\/\/tehnikabacko.rs\/?post_type=product&#038;p=10856"},"modified":"2025-01-24T12:08:54","modified_gmt":"2025-01-24T12:08:54","slug":"aku-set-cosli23011-ud-odvijac-lampa-super-ingco","status":"publish","type":"product","link":"https:\/\/tehnikabacko.rs\/index.php\/product\/aku-set-cosli23011-ud-odvijac-lampa-super-ingco\/","title":{"rendered":"AKU SET COSLI23011  (UD. ODVIJA\u010c + LAMPA) SUPER INGCO"},"content":{"rendered":"<p>Napon: 20V<br \/>\nUklju\u010duje:<br \/>\n1 kom litiijum-jonsku udarnu bu\u0161ilicu (CIWLI2038)<br \/>\n1 kom radnu lampu (HWLI35261)<\/p>\n<p><strong>Litiijum-jonska udarna bu\u0161ilica (CIWLI2038):<\/strong><\/p>\n<ul>\n<li>Motor bez \u010detkica<\/li>\n<li>Napon: 20V<\/li>\n<li>Kvadratni prihvat: 1\/2&#8243;<\/li>\n<li>Brzina bez optere\u0107enja: 0-1300\/0-2300 o\/min<\/li>\n<li>Frekvencija udara: 0-2000\/0-3300 udaraca\/min<\/li>\n<li>Maksimalni obrtni moment: 300Nm<\/li>\n<li>Ugra\u0111ena LED radna svetla<\/li>\n<\/ul>\n<p><strong>Radna lampa (HWLI35261):<\/strong><\/p>\n<ul>\n<li>Koristi Li-polimer punjivu bateriju<\/li>\n<li>Lumeni:\n<ul>\n<li>Maks: 300 \u00b110%<\/li>\n<li>Nisko: 75 \u00b110%<\/li>\n<\/ul>\n<\/li>\n<li>LED snaga: 3,5W<\/li>\n<\/ul>\n<p><strong>Sadr\u017ei:<\/strong><\/p>\n<ul>\n<li>1 kom USB kabl za punjenje<\/li>\n<li>10 kom 1\/2&#8243; DR. set nasadnih klju\u010deva<\/li>\n<li>1 kom adapter 1\/2&#8243; kvadratni prihvat na 1\/4&#8243; hex<\/li>\n<li>10 kom PH2+SL6.0 65mm bitova za \u0161rafciger<\/li>\n<li>2 kom baterija od 2.0Ah (FBLI20011)<\/li>\n<li>1 kom punja\u010d (FCLI2001)<\/li>\n<li>Napon punjenja: 220-240V~50\/60Hz<\/li>\n<\/ul>\n","protected":false},"excerpt":{"rendered":"<p>Napon: 20V Uklju\u010duje: 1 kom litiijum-jonsku udarnu bu\u0161ilicu (CIWLI2038) 1 kom radnu lampu (HWLI35261) Litiijum-jonska udarna bu\u0161ilica (CIWLI2038): Motor bez \u010detkica Napon: 20V Kvadratni prihvat: 1\/2&#8243; Brzina bez optere\u0107enja: 0-1300\/0-2300 o\/min Frekvencija udara: 0-2000\/0-3300 udaraca\/min Maksimalni obrtni moment: 300Nm Ugra\u0111ena LED radna svetla Radna lampa (HWLI35261): Koristi Li-polimer punjivu bateriju Lumeni: Maks: 300 \u00b110% Nisko: [&hellip;]<\/p>\n","protected":false},"featured_media":10857,"comment_status":"open","ping_status":"closed","template":"","meta":{"inline_featured_image":false},"product_brand":[],"product_cat":[232,148,298],"product_tag":[],"class_list":{"0":"post-10856","1":"product","2":"type-product","3":"status-publish","4":"has-post-thumbnail","6":"product_cat-aku-alati","7":"product_cat-alati","8":"product_cat-busilica","10":"first","11":"instock","12":"sale","13":"shipping-taxable","14":"purchasable","15":"product-type-simple"},"_links":{"self":[{"href":"https:\/\/tehnikabacko.rs\/index.php\/wp-json\/wp\/v2\/product\/10856","targetHints":{"allow":["GET"]}}],"collection":[{"href":"https:\/\/tehnikabacko.rs\/index.php\/wp-json\/wp\/v2\/product"}],"about":[{"href":"https:\/\/tehnikabacko.rs\/index.php\/wp-json\/wp\/v2\/types\/product"}],"replies":[{"embeddable":true,"href":"https:\/\/tehnikabacko.rs\/index.php\/wp-json\/wp\/v2\/comments?post=10856"}],"wp:featuredmedia":[{"embeddable":true,"href":"https:\/\/tehnikabacko.rs\/index.php\/wp-json\/wp\/v2\/media\/10857"}],"wp:attachment":[{"href":"https:\/\/tehnikabacko.rs\/index.php\/wp-json\/wp\/v2\/media?parent=10856"}],"wp:term":[{"taxonomy":"product_brand","embeddable":true,"href":"https:\/\/tehnikabacko.rs\/index.php\/wp-json\/wp\/v2\/product_brand?post=10856"},{"taxonomy":"product_cat","embeddable":true,"href":"https:\/\/tehnikabacko.rs\/index.php\/wp-json\/wp\/v2\/product_cat?post=10856"},{"taxonomy":"product_tag","embeddable":true,"href":"https:\/\/tehnikabacko.rs\/index.php\/wp-json\/wp\/v2\/product_tag?post=10856"}],"curies":[{"name":"wp","href":"https:\/\/api.w.org\/{rel}","templated":true}]}}