{"id":10828,"date":"2024-12-20T13:25:57","date_gmt":"2024-12-20T13:25:57","guid":{"rendered":"https:\/\/tehnikabacko.rs\/?post_type=product&#038;p=10828"},"modified":"2024-12-20T13:25:57","modified_gmt":"2024-12-20T13:25:57","slug":"alpina-akumulatorska-kosacica-al-3020-li-kit","status":"publish","type":"product","link":"https:\/\/tehnikabacko.rs\/index.php\/product\/alpina-akumulatorska-kosacica-al-3020-li-kit\/","title":{"rendered":"ALPINA AKUMULATORSKA KOSA\u010cICA AL 3020 Li Kit"},"content":{"rendered":"<table>\n<tbody>\n<tr>\n<td class=\"prvired\">Te\u017eina pakovanja<\/td>\n<td class=\"drugired\">12.21 kg<\/td>\n<\/tr>\n<tr>\n<td class=\"prvired\">Tip elektromotora<\/td>\n<td class=\"drugired\">Indukcioni elektromotor<\/td>\n<\/tr>\n<tr>\n<td class=\"prvired\">Brend<\/td>\n<td class=\"drugired\">Alpina<\/td>\n<\/tr>\n<tr>\n<td class=\"prvired\">Tip baterije<\/td>\n<td class=\"drugired\">Li-ion<\/td>\n<\/tr>\n<tr>\n<td class=\"prvired\">Napon<\/td>\n<td class=\"drugired\">20 V<\/td>\n<\/tr>\n<tr>\n<td class=\"prvired\">\u0160irina ko\u0161enja<\/td>\n<td class=\"drugired\">300 mm<\/td>\n<\/tr>\n<tr>\n<td class=\"prvired\">Kapacitet baterije<\/td>\n<td class=\"drugired\">4 Ah<\/td>\n<\/tr>\n<\/tbody>\n<\/table>\n","protected":false},"excerpt":{"rendered":"<p>Sa \u0161irinom ko\u0161enja od samo 30 cm, ova akumulatorska kosilica za travu s tihim radom jedan je od najkompaktnijih ure\u0111aja te vrste u proizvodnji.<br \/>\nSnaga dolazi iz kombinacije vrhunske Li-ion baterije od 20V (4Ah) i motora bez \u010detkica \u2013 u\u017eiva\u0107ete u radu s niskim nivoom buke.<br \/>\nSakuplja\u010d trave od 30 litara posebno je dizajniran kako bi osigurao optimalan u\u010dinak sakupljanja. Zahvaljuju\u0107i prakti\u010dnoj gornjoj ru\u010dki, kolektor se lako skida i prazni.<br \/>\nAL1 3020 Li Kit ima polipropilensku plo\u010du koja nudi savr\u0161enu ravnote\u017eu izme\u0111u lako\u0107e i robusnosti.<\/p>\n","protected":false},"featured_media":10829,"comment_status":"open","ping_status":"closed","template":"","meta":{"inline_featured_image":false},"product_brand":[],"product_cat":[274,244],"product_tag":[],"class_list":{"0":"post-10828","1":"product","2":"type-product","3":"status-publish","4":"has-post-thumbnail","6":"product_cat-akumulatorska-kosilica","7":"product_cat-kosacice","9":"first","10":"instock","11":"shipping-taxable","12":"purchasable","13":"product-type-simple"},"_links":{"self":[{"href":"https:\/\/tehnikabacko.rs\/index.php\/wp-json\/wp\/v2\/product\/10828","targetHints":{"allow":["GET"]}}],"collection":[{"href":"https:\/\/tehnikabacko.rs\/index.php\/wp-json\/wp\/v2\/product"}],"about":[{"href":"https:\/\/tehnikabacko.rs\/index.php\/wp-json\/wp\/v2\/types\/product"}],"replies":[{"embeddable":true,"href":"https:\/\/tehnikabacko.rs\/index.php\/wp-json\/wp\/v2\/comments?post=10828"}],"wp:featuredmedia":[{"embeddable":true,"href":"https:\/\/tehnikabacko.rs\/index.php\/wp-json\/wp\/v2\/media\/10829"}],"wp:attachment":[{"href":"https:\/\/tehnikabacko.rs\/index.php\/wp-json\/wp\/v2\/media?parent=10828"}],"wp:term":[{"taxonomy":"product_brand","embeddable":true,"href":"https:\/\/tehnikabacko.rs\/index.php\/wp-json\/wp\/v2\/product_brand?post=10828"},{"taxonomy":"product_cat","embeddable":true,"href":"https:\/\/tehnikabacko.rs\/index.php\/wp-json\/wp\/v2\/product_cat?post=10828"},{"taxonomy":"product_tag","embeddable":true,"href":"https:\/\/tehnikabacko.rs\/index.php\/wp-json\/wp\/v2\/product_tag?post=10828"}],"curies":[{"name":"wp","href":"https:\/\/api.w.org\/{rel}","templated":true}]}}