{"id":10826,"date":"2024-12-19T18:15:34","date_gmt":"2024-12-19T18:15:34","guid":{"rendered":"https:\/\/tehnikabacko.rs\/?post_type=product&#038;p=10826"},"modified":"2025-06-01T16:00:34","modified_gmt":"2025-06-01T16:00:34","slug":"keno-set-za-kompresor-5-delova","status":"publish","type":"product","link":"https:\/\/tehnikabacko.rs\/index.php\/product\/keno-set-za-kompresor-5-delova\/","title":{"rendered":"KENO SET ZA KOMPRESOR 5 DELOVA"},"content":{"rendered":"<ul>\n<li>Pi\u0161tolj za izduvavanje<\/li>\n<li>Pi\u0161tolj za pumpanje guma sa manometrom<\/li>\n<li>Pi\u0161tolj za farbanje sa posudom<\/li>\n<li>Pi\u0161tolj za prskanje sa metalnom posudom<\/li>\n<li>Spiralno crevo<\/li>\n<li><img fetchpriority=\"high\" decoding=\"async\" class=\"\" src=\"https:\/\/alatiprodaja.rs\/wp-content\/uploads\/2024\/01\/PT-5PCS.jpg\" alt=\"Image Zoom\" width=\"1049\" height=\"529\" \/><\/li>\n<\/ul>\n","protected":false},"excerpt":{"rendered":"<p>Pi\u0161tolj za izduvavanje Pi\u0161tolj za pumpanje guma sa manometrom Pi\u0161tolj za farbanje sa posudom Pi\u0161tolj za prskanje sa metalnom posudom Spiralno crevo<\/p>\n","protected":false},"featured_media":10827,"comment_status":"open","ping_status":"closed","template":"","meta":{"inline_featured_image":false},"product_brand":[],"product_cat":[372,371],"product_tag":[],"class_list":{"0":"post-10826","1":"product","2":"type-product","3":"status-publish","4":"has-post-thumbnail","6":"product_cat-kompresori-2","7":"product_cat-set-za-kompresor","9":"first","10":"instock","11":"shipping-taxable","12":"purchasable","13":"product-type-simple"},"_links":{"self":[{"href":"https:\/\/tehnikabacko.rs\/index.php\/wp-json\/wp\/v2\/product\/10826","targetHints":{"allow":["GET"]}}],"collection":[{"href":"https:\/\/tehnikabacko.rs\/index.php\/wp-json\/wp\/v2\/product"}],"about":[{"href":"https:\/\/tehnikabacko.rs\/index.php\/wp-json\/wp\/v2\/types\/product"}],"replies":[{"embeddable":true,"href":"https:\/\/tehnikabacko.rs\/index.php\/wp-json\/wp\/v2\/comments?post=10826"}],"wp:featuredmedia":[{"embeddable":true,"href":"https:\/\/tehnikabacko.rs\/index.php\/wp-json\/wp\/v2\/media\/10827"}],"wp:attachment":[{"href":"https:\/\/tehnikabacko.rs\/index.php\/wp-json\/wp\/v2\/media?parent=10826"}],"wp:term":[{"taxonomy":"product_brand","embeddable":true,"href":"https:\/\/tehnikabacko.rs\/index.php\/wp-json\/wp\/v2\/product_brand?post=10826"},{"taxonomy":"product_cat","embeddable":true,"href":"https:\/\/tehnikabacko.rs\/index.php\/wp-json\/wp\/v2\/product_cat?post=10826"},{"taxonomy":"product_tag","embeddable":true,"href":"https:\/\/tehnikabacko.rs\/index.php\/wp-json\/wp\/v2\/product_tag?post=10826"}],"curies":[{"name":"wp","href":"https:\/\/api.w.org\/{rel}","templated":true}]}}