{"id":10807,"date":"2024-12-16T17:08:56","date_gmt":"2024-12-16T17:08:56","guid":{"rendered":"https:\/\/tehnikabacko.rs\/?post_type=product&#038;p=10807"},"modified":"2024-12-16T18:38:49","modified_gmt":"2024-12-16T18:38:49","slug":"hifuture-smart-watch-evo-2","status":"publish","type":"product","link":"https:\/\/tehnikabacko.rs\/index.php\/product\/hifuture-smart-watch-evo-2\/","title":{"rendered":"HiFuture SMART WATCH EVO 2"},"content":{"rendered":"<div class=\"col-12 px-0 pb-3\">\n<div class=\"attributes mb-3\">\n<div class=\"pt-4 row mx-0 px-0\">\n<h3 class=\"col-12 pl-2 px-0 font-weight-bold pb-3\"><\/h3>\n<div class=\"col-12 bg-white mb-3 border-radius-5\">\n<div class=\"col-12 bg-white mb-3 border-radius-5\"><\/div>\n<\/div>\n<div class=\"col-12 bg-white mb-3 border-radius-5\">\n<div class=\"row mx-0 px-0 pb-3\">\n<div class=\"attribute_wrap py-2 d-flex col-12 col-lg-12\">\n<div class=\"pl-5 attribute_text\">\n<div>\n<table class=\"product-full-desc-table\">\n<tbody>\n<tr>\n<td class=\"feature-title\" colspan=\"2\">HIFUTURE pametni sat Evo 2<\/td>\n<\/tr>\n<tr>\n<td class=\"feature\">Ekran<\/td>\n<td>1,47&#8243; AMOLED<\/td>\n<\/tr>\n<tr>\n<td class=\"feature\">Rezolucija<\/td>\n<td>172 x 320 pix, TFT<\/td>\n<\/tr>\n<tr>\n<td class=\"feature-title\" colspan=\"2\">Bluetooth 5.2<\/td>\n<\/tr>\n<tr>\n<td class=\"feature\">Baterija<\/td>\n<td>punjiva Li-Ion, 190 mAh<\/td>\n<\/tr>\n<tr>\n<td class=\"feature\">Trajanje baterije<\/td>\n<td><\/td>\n<\/tr>\n<tr>\n<td class=\"feature-item\" colspan=\"2\">do 15 dana uz standardno kori\u0161\u0107enje<\/td>\n<\/tr>\n<tr>\n<td class=\"feature-item\" colspan=\"2\">do 7-10 dana visoko kori\u0161\u0107enje<\/td>\n<\/tr>\n<tr>\n<td class=\"feature-title\" colspan=\"2\">Magnetno punjenje<\/td>\n<\/tr>\n<tr>\n<td class=\"feature\">Vodootpornost<\/td>\n<td>1 ATM<\/td>\n<\/tr>\n<tr>\n<td class=\"feature\">Senzori<\/td>\n<td><\/td>\n<\/tr>\n<tr>\n<td class=\"feature-item\" colspan=\"2\">senzor otkucaja srca (sa senzorom kiseonika u krvi)<\/td>\n<\/tr>\n<tr>\n<td class=\"feature\">Karakteristike<\/td>\n<td><\/td>\n<\/tr>\n<tr>\n<td class=\"feature-item\" colspan=\"2\">Alarm<\/td>\n<\/tr>\n<tr>\n<td class=\"feature-item\" colspan=\"2\">Budilnik sa vibracijom<\/td>\n<\/tr>\n<tr>\n<td class=\"feature-item\" colspan=\"2\">E-po\u0161ta<\/td>\n<\/tr>\n<tr>\n<td class=\"feature-item\" colspan=\"2\">Kalendar<\/td>\n<\/tr>\n<tr>\n<td class=\"feature-item\" colspan=\"2\">Kontrola muzike<\/td>\n<\/tr>\n<tr>\n<td class=\"feature-item\" colspan=\"2\">Kvalitet sna<\/td>\n<\/tr>\n<tr>\n<td class=\"feature-item\" colspan=\"2\">Merenje pulsa<\/td>\n<\/tr>\n<tr>\n<td class=\"feature-item\" colspan=\"2\">Napredno ve\u017ebanje<\/td>\n<\/tr>\n<tr>\n<td class=\"feature-item\" colspan=\"2\">Obave\u0161tenja o pozivima<\/td>\n<\/tr>\n<tr>\n<td class=\"feature-item\" colspan=\"2\">Pametni budilnik<\/td>\n<\/tr>\n<tr>\n<td class=\"feature-item\" colspan=\"2\">Potro\u0161ene kalorije<\/td>\n<\/tr>\n<tr>\n<td class=\"feature-item\" colspan=\"2\">Preporuke za trening<\/td>\n<\/tr>\n<tr>\n<td class=\"feature-item\" colspan=\"2\">Pre\u0111ena daljina<\/td>\n<\/tr>\n<tr>\n<td class=\"feature-item\" colspan=\"2\">SMS obave\u0161tenja<\/td>\n<\/tr>\n<tr>\n<td class=\"feature-item\" colspan=\"2\">Vibriraju\u0107i alarm<\/td>\n<\/tr>\n<tr>\n<td class=\"feature\">Sportski re\u017eimi<\/td>\n<td>Vi\u0161e od 24 sportskih re\u017eima; Tr\u010danje na otvorenom, tr\u010danje u zatvorenom, hodanje, biciklizam, planinarenje, spinning, joga, gimnastika, veslanje, ko\u0161arka, fudbal, plivanje, preskakanje konopca, badminton, stoni tenis, tenis, bejzbol (softball), odbojka, kriket, ragbi (ameri\u010dki fudbal), hokej, ples, skakanje, trbu\u0161njaci, itd.<\/td>\n<\/tr>\n<tr>\n<td class=\"feature\">Daljinska kontrola<\/td>\n<td>BT muzika i BT kamera<\/td>\n<\/tr>\n<tr>\n<td class=\"feature\">Kompatibilnost<\/td>\n<td>Android 4.4\/ iOS 9 i novije verzije<\/td>\n<\/tr>\n<tr>\n<td class=\"feature\">Dimenzije proizvoda (ku\u0107i\u0161te)<\/td>\n<td>43.9 mm<\/td>\n<\/tr>\n<tr>\n<td class=\"feature\">Materijal ku\u0107i\u0161ta<\/td>\n<td>Plastika<\/td>\n<\/tr>\n<tr>\n<td class=\"feature\">Materijal narukvice<\/td>\n<td>Silikon<\/td>\n<\/tr>\n<tr>\n<td class=\"feature\">Te\u017eina<\/td>\n<td>28 g<\/td>\n<\/tr>\n<tr>\n<td class=\"feature\"><\/td>\n<td><\/td>\n<\/tr>\n<\/tbody>\n<\/table>\n<\/div>\n<\/div>\n<\/div>\n<\/div>\n<\/div>\n<\/div>\n<\/div>\n<\/div>\n<div class=\"col-12 py-2\">\n<div class=\"banner type_970x250 position_d3 d-none d-lg-block\">\n<div class=\"banner_content\">\n<div id=\"dfp-teh_d_p3-970x250\" data-google-query-id=\"\">\n<div id=\"google_ads_iframe_\/37887210\/teh_dm2_0__container__\"><\/div>\n<\/div>\n<\/div>\n<\/div>\n<\/div>\n<div class=\"col-12 pt-5 pb-3\"><\/div>\n","protected":false},"excerpt":{"rendered":"<p>Pra\u0107enje otkucaja srca.<\/p>\n<p>Pra\u0107enje nivoa kiseonika u krvi.<\/p>\n<p>Pra\u0107enje koraka.<\/p>\n<p>Pra\u0107enje potro\u0161enih kalorija<\/p>\n","protected":false},"featured_media":10808,"comment_status":"open","ping_status":"closed","template":"","meta":{"inline_featured_image":false},"product_brand":[],"product_cat":[369],"product_tag":[],"class_list":{"0":"post-10807","1":"product","2":"type-product","3":"status-publish","4":"has-post-thumbnail","6":"product_cat-pametni-satovi","8":"first","9":"instock","10":"shipping-taxable","11":"purchasable","12":"product-type-simple"},"_links":{"self":[{"href":"https:\/\/tehnikabacko.rs\/index.php\/wp-json\/wp\/v2\/product\/10807","targetHints":{"allow":["GET"]}}],"collection":[{"href":"https:\/\/tehnikabacko.rs\/index.php\/wp-json\/wp\/v2\/product"}],"about":[{"href":"https:\/\/tehnikabacko.rs\/index.php\/wp-json\/wp\/v2\/types\/product"}],"replies":[{"embeddable":true,"href":"https:\/\/tehnikabacko.rs\/index.php\/wp-json\/wp\/v2\/comments?post=10807"}],"wp:featuredmedia":[{"embeddable":true,"href":"https:\/\/tehnikabacko.rs\/index.php\/wp-json\/wp\/v2\/media\/10808"}],"wp:attachment":[{"href":"https:\/\/tehnikabacko.rs\/index.php\/wp-json\/wp\/v2\/media?parent=10807"}],"wp:term":[{"taxonomy":"product_brand","embeddable":true,"href":"https:\/\/tehnikabacko.rs\/index.php\/wp-json\/wp\/v2\/product_brand?post=10807"},{"taxonomy":"product_cat","embeddable":true,"href":"https:\/\/tehnikabacko.rs\/index.php\/wp-json\/wp\/v2\/product_cat?post=10807"},{"taxonomy":"product_tag","embeddable":true,"href":"https:\/\/tehnikabacko.rs\/index.php\/wp-json\/wp\/v2\/product_tag?post=10807"}],"curies":[{"name":"wp","href":"https:\/\/api.w.org\/{rel}","templated":true}]}}