{"id":10795,"date":"2024-12-03T12:16:48","date_gmt":"2024-12-03T12:16:48","guid":{"rendered":"https:\/\/tehnikabacko.rs\/?post_type=product&#038;p=10795"},"modified":"2025-06-06T16:48:10","modified_gmt":"2025-06-06T16:48:10","slug":"perac-pod-pritiskom-vhw-120-villager","status":"publish","type":"product","link":"https:\/\/tehnikabacko.rs\/index.php\/product\/perac-pod-pritiskom-vhw-120-villager\/","title":{"rendered":"Pera\u010d pod pritiskom VHW 120 Villager"},"content":{"rendered":"<p>Pera\u010d pod pritiskom VHW 120 Villager<br \/>\nPouzdani pera\u010di na hladnu vodu prilago\u0111eni za \u010di\u0161\u0107enje razli\u010ditih vrsta prljav\u0161tine. Kompaktne i svestrane ma\u0161ine odli\u010dne za \u010di\u0161\u0107enje staza, prilaznih puteva, dvori\u0161ta, terasa, za pranje automobila i servisa, stepenica i drugih povr\u0161ina. Izuzetno fleksibilni, brzo se sastavljaju, sa dosta dodatne opreme o\u010disti\u0107e i najupornije ne\u010disto\u0107e. Bolje performanse \u010di\u0161\u0107enja uz manju potro\u0161nju vode.<\/p>\n<p>Karakteristike Pera\u010d pod pritiskom VHW 120 Villager:<br \/>\nTip elektromotora Indukcioni elektromotor<br \/>\nNapon 230 V ~ 50 Hz<br \/>\nPriklju\u010dna snaga 2100 W<br \/>\nDu\u017eina kabla i creva 5 m \/ 8 m<br \/>\nMaksimalna temperatura vode \u2013 aparati za pranje 50 \u00b0C<br \/>\nMaksimalni pritisak 165 bar<br \/>\nNamena \u2013 aparati za pranje Hobi pera\u010d<br \/>\nRadni pritisak \u2013 aparati za pranje 110 bar<br \/>\nTip pumpe \u2013 aparati za pranje Aluminijumska<\/p>\n","protected":false},"excerpt":{"rendered":"<p>Pera\u010d pod pritiskom VHW 120 Villager Pouzdani pera\u010di na hladnu vodu prilago\u0111eni za \u010di\u0161\u0107enje razli\u010ditih vrsta prljav\u0161tine. Kompaktne i svestrane ma\u0161ine odli\u010dne za \u010di\u0161\u0107enje staza, prilaznih puteva, dvori\u0161ta, terasa, za pranje automobila i servisa, stepenica i drugih povr\u0161ina. Izuzetno fleksibilni, brzo se sastavljaju, sa dosta dodatne opreme o\u010disti\u0107e i najupornije ne\u010disto\u0107e. Bolje performanse \u010di\u0161\u0107enja uz [&hellip;]<\/p>\n","protected":false},"featured_media":10796,"comment_status":"open","ping_status":"closed","template":"","meta":{"inline_featured_image":false},"product_brand":[],"product_cat":[289],"product_tag":[],"class_list":{"0":"post-10795","1":"product","2":"type-product","3":"status-publish","4":"has-post-thumbnail","6":"product_cat-perac-pod-pritiskom","8":"first","9":"instock","10":"shipping-taxable","11":"purchasable","12":"product-type-simple"},"_links":{"self":[{"href":"https:\/\/tehnikabacko.rs\/index.php\/wp-json\/wp\/v2\/product\/10795","targetHints":{"allow":["GET"]}}],"collection":[{"href":"https:\/\/tehnikabacko.rs\/index.php\/wp-json\/wp\/v2\/product"}],"about":[{"href":"https:\/\/tehnikabacko.rs\/index.php\/wp-json\/wp\/v2\/types\/product"}],"replies":[{"embeddable":true,"href":"https:\/\/tehnikabacko.rs\/index.php\/wp-json\/wp\/v2\/comments?post=10795"}],"wp:featuredmedia":[{"embeddable":true,"href":"https:\/\/tehnikabacko.rs\/index.php\/wp-json\/wp\/v2\/media\/10796"}],"wp:attachment":[{"href":"https:\/\/tehnikabacko.rs\/index.php\/wp-json\/wp\/v2\/media?parent=10795"}],"wp:term":[{"taxonomy":"product_brand","embeddable":true,"href":"https:\/\/tehnikabacko.rs\/index.php\/wp-json\/wp\/v2\/product_brand?post=10795"},{"taxonomy":"product_cat","embeddable":true,"href":"https:\/\/tehnikabacko.rs\/index.php\/wp-json\/wp\/v2\/product_cat?post=10795"},{"taxonomy":"product_tag","embeddable":true,"href":"https:\/\/tehnikabacko.rs\/index.php\/wp-json\/wp\/v2\/product_tag?post=10795"}],"curies":[{"name":"wp","href":"https:\/\/api.w.org\/{rel}","templated":true}]}}