{"id":10792,"date":"2024-12-03T11:59:28","date_gmt":"2024-12-03T11:59:28","guid":{"rendered":"https:\/\/tehnikabacko.rs\/?post_type=product&#038;p=10792"},"modified":"2025-06-01T08:46:18","modified_gmt":"2025-06-01T08:46:18","slug":"slavina-za-bojler-zidna-nexas-nx880","status":"publish","type":"product","link":"https:\/\/tehnikabacko.rs\/index.php\/product\/slavina-za-bojler-zidna-nexas-nx880\/","title":{"rendered":"SLAVINA ZA BOJLER ZIDNA NEXAS NX880"},"content":{"rendered":"<div class=\"d20top productDescription\">\n<p>Brend NexsaS<\/p>\n<p>Tip Slavina bojler za instant zagrevanje vode<\/p>\n<p>Snaga 30003300W<\/p>\n<p>Napon 220V\/50Hz<\/p>\n<p>Materijal Crevo od ner\u0111aju\u0107eg \u010delika<\/p>\n<p>Karakteristike Treperu\u010di indikator rada<\/p>\n<p>Zidna<\/p>\n<\/div>\n<div class=\"productAttributes\">\n<div class=\"column\">\n<div class=\"attribute  \">\n<div class=\"group\"><\/div>\n<\/div>\n<\/div>\n<\/div>\n","protected":false},"excerpt":{"rendered":"<p>Brend NexsaS Tip Slavina bojler za instant zagrevanje vode Snaga 30003300W Napon 220V\/50Hz Materijal Crevo od ner\u0111aju\u0107eg \u010delika Karakteristike Treperu\u010di indikator rada Zidna<\/p>\n","protected":false},"featured_media":10793,"comment_status":"open","ping_status":"closed","template":"","meta":{"inline_featured_image":false},"product_brand":[],"product_cat":[368,367],"product_tag":[],"class_list":{"0":"post-10792","1":"product","2":"type-product","3":"status-publish","4":"has-post-thumbnail","6":"product_cat-slavine","7":"product_cat-zidne-slavine","9":"first","10":"instock","11":"shipping-taxable","12":"purchasable","13":"product-type-simple"},"_links":{"self":[{"href":"https:\/\/tehnikabacko.rs\/index.php\/wp-json\/wp\/v2\/product\/10792","targetHints":{"allow":["GET"]}}],"collection":[{"href":"https:\/\/tehnikabacko.rs\/index.php\/wp-json\/wp\/v2\/product"}],"about":[{"href":"https:\/\/tehnikabacko.rs\/index.php\/wp-json\/wp\/v2\/types\/product"}],"replies":[{"embeddable":true,"href":"https:\/\/tehnikabacko.rs\/index.php\/wp-json\/wp\/v2\/comments?post=10792"}],"wp:featuredmedia":[{"embeddable":true,"href":"https:\/\/tehnikabacko.rs\/index.php\/wp-json\/wp\/v2\/media\/10793"}],"wp:attachment":[{"href":"https:\/\/tehnikabacko.rs\/index.php\/wp-json\/wp\/v2\/media?parent=10792"}],"wp:term":[{"taxonomy":"product_brand","embeddable":true,"href":"https:\/\/tehnikabacko.rs\/index.php\/wp-json\/wp\/v2\/product_brand?post=10792"},{"taxonomy":"product_cat","embeddable":true,"href":"https:\/\/tehnikabacko.rs\/index.php\/wp-json\/wp\/v2\/product_cat?post=10792"},{"taxonomy":"product_tag","embeddable":true,"href":"https:\/\/tehnikabacko.rs\/index.php\/wp-json\/wp\/v2\/product_tag?post=10792"}],"curies":[{"name":"wp","href":"https:\/\/api.w.org\/{rel}","templated":true}]}}