{"id":10789,"date":"2024-11-19T17:43:08","date_gmt":"2024-11-19T17:43:08","guid":{"rendered":"https:\/\/tehnikabacko.rs\/?post_type=product&#038;p=10789"},"modified":"2025-06-01T20:44:50","modified_gmt":"2025-06-01T20:44:50","slug":"usisivac-gorenje-vc2421ecbk","status":"publish","type":"product","link":"https:\/\/tehnikabacko.rs\/index.php\/product\/usisivac-gorenje-vc2421ecbk\/","title":{"rendered":"USISIVA\u010c GORENJE  VC2421ECBK"},"content":{"rendered":"<h3 class=\"tech-specs-title\">Op\u0161te<\/h3>\n<div class=\"tech-specs\">\n<div class=\"tech-specs__item\">\n<div class=\"row\">\n<div class=\"col-xs-5\">\n<div class=\"tech-specs__item-label\">Vrsta aparata<\/div>\n<\/div>\n<div class=\"col-xs-7\">\n<div class=\"tech-specs__item-content\">Usisiva\u010d<\/div>\n<\/div>\n<\/div>\n<\/div>\n<div class=\"tech-specs__item\">\n<div class=\"row\">\n<div class=\"col-xs-5\">\n<div class=\"tech-specs__item-label\">Vrsta usisiva\u010da<\/div>\n<\/div>\n<div class=\"col-xs-7\">\n<div class=\"tech-specs__item-content\">Sa kesom<\/div>\n<\/div>\n<\/div>\n<\/div>\n<div class=\"tech-specs__item\">\n<div class=\"row\">\n<div class=\"col-xs-5\">\n<div class=\"tech-specs__item-label\">Vrsta usisavanja<\/div>\n<\/div>\n<div class=\"col-xs-7\">\n<div class=\"tech-specs__item-content\">Za suvo \u010di\u0161\u0107enje<\/div>\n<\/div>\n<\/div>\n<\/div>\n<div class=\"tech-specs__item\">\n<div class=\"row\">\n<div class=\"col-xs-5\">\n<div class=\"tech-specs__item-label\">Materijal ku\u0107i\u0161te<\/div>\n<\/div>\n<div class=\"col-xs-7\">\n<div class=\"tech-specs__item-content\">Plastika<\/div>\n<\/div>\n<\/div>\n<\/div>\n<div class=\"tech-specs__item\">\n<div class=\"row\">\n<div class=\"col-xs-5\">\n<div class=\"tech-specs__item-label\">Boja aparata<\/div>\n<\/div>\n<div class=\"col-xs-7\">\n<div class=\"tech-specs__item-content\">Crna<\/div>\n<\/div>\n<\/div>\n<\/div>\n<div class=\"tech-specs__item\">\n<div class=\"row\">\n<div class=\"col-xs-5\">\n<div class=\"tech-specs__item-label\">Vrsta cevi<\/div>\n<\/div>\n<div class=\"col-xs-7\">\n<div class=\"tech-specs__item-content\">Teleskopska<\/div>\n<\/div>\n<\/div>\n<\/div>\n<div class=\"tech-specs__item\">\n<div class=\"row\">\n<div class=\"col-xs-5\">\n<div class=\"tech-specs__item-label\">Materijal cevi<\/div>\n<\/div>\n<div class=\"col-xs-7\">\n<div class=\"tech-specs__item-content\">Aluminijumska cev<\/div>\n<\/div>\n<\/div>\n<\/div>\n<\/div>\n<h3 class=\"tech-specs-title\">Efikasnost<\/h3>\n<div class=\"tech-specs\">\n<div class=\"tech-specs__item\">\n<div class=\"row\">\n<div class=\"col-xs-5\">\n<div class=\"tech-specs__item-label\">Snaga motora<\/div>\n<\/div>\n<div class=\"col-xs-7\">\n<div class=\"tech-specs__item-content\">2400 W<\/div>\n<\/div>\n<\/div>\n<\/div>\n<div class=\"tech-specs__item\">\n<div class=\"row\">\n<div class=\"col-xs-5\">\n<div class=\"tech-specs__item-label\">Usisna snaga<\/div>\n<\/div>\n<div class=\"col-xs-7\">\n<div class=\"tech-specs__item-content\">500 W<\/div>\n<\/div>\n<\/div>\n<\/div>\n<div class=\"tech-specs__item\">\n<div class=\"row\">\n<div class=\"col-xs-5\">\n<div class=\"tech-specs__item-label\">Protok vazduha (l\/s)<\/div>\n<\/div>\n<div class=\"col-xs-7\">\n<div class=\"tech-specs__item-content\">43<\/div>\n<\/div>\n<\/div>\n<\/div>\n<div class=\"tech-specs__item\">\n<div class=\"row\">\n<div class=\"col-xs-5\">\n<div class=\"tech-specs__item-label\">Zapremina kese<\/div>\n<\/div>\n<div class=\"col-xs-7\">\n<div class=\"tech-specs__item-content\">3 l<\/div>\n<\/div>\n<\/div>\n<\/div>\n<\/div>\n<h3 class=\"tech-specs-title\">Upravljanje<\/h3>\n<div class=\"tech-specs\">\n<div class=\"tech-specs__item\">\n<div class=\"row\">\n<div class=\"col-xs-5\">\n<div class=\"tech-specs__item-label\">Upravljanje lokacija<\/div>\n<\/div>\n<div class=\"col-xs-7\">\n<div class=\"tech-specs__item-content\">Na aparatu<\/div>\n<\/div>\n<\/div>\n<\/div>\n<div class=\"tech-specs__item\">\n<div class=\"row\">\n<div class=\"col-xs-5\">\n<div class=\"tech-specs__item-label\">Pode\u0161avanja napajanja<\/div>\n<\/div>\n<div class=\"col-xs-7\">\n<div class=\"tech-specs__item-content\">Upravljanje sa dugmetom sa regulaciju<\/div>\n<\/div>\n<\/div>\n<\/div>\n<div class=\"tech-specs__item\">\n<div class=\"row\">\n<div class=\"col-xs-5\">\n<div class=\"tech-specs__item-label\">Lagani start motora<\/div>\n<\/div>\n<div class=\"col-xs-7\">\n<div class=\"tech-specs__item-content\">Da<\/div>\n<\/div>\n<\/div>\n<\/div>\n<div class=\"tech-specs__item\">\n<div class=\"row\">\n<div class=\"col-xs-5\">\n<div class=\"tech-specs__item-label\">Indikator napunjenosti<\/div>\n<\/div>\n<div class=\"col-xs-7\">\n<div class=\"tech-specs__item-content\">Kese<\/div>\n<\/div>\n<\/div>\n<\/div>\n<\/div>\n<h3 class=\"tech-specs-title\">Karakteristike<\/h3>\n<div class=\"tech-specs\">\n<div class=\"tech-specs__item\">\n<div class=\"row\">\n<div class=\"col-xs-5\">\n<div class=\"tech-specs__item-label\">Na\u010din \u010duvanja<\/div>\n<\/div>\n<div class=\"col-xs-7\">\n<div class=\"tech-specs__item-content\">Stojec\u0301i ili le\u017eec\u0301i<\/div>\n<\/div>\n<div><img decoding=\"async\" src=\"https:\/\/gor.hgecdn.net\/medias\/MABAGOR-515Wx515H-mabagor-imagelib-full-trim-5-4-546aebfc90e7de1e43eee73827fdf6ea-265676-fpng.png?context=bWFzdGVyfG1hYmFnb3Jwcm9kdWN0aW1hZ2VzfDM0ODY3M3xpbWFnZS9wbmd8YURVd0wyZzJNaTh4TlRBd09UWTFNakF4TlRFek5DOU5RVUpCUjA5U0xUVXhOVmQ0TlRFMVNGOHZiV0ZpWVdkdmNpOXBiV0ZuWld4cFlpOW1kV3hzTFhSeWFXMHZOUzgwTHpVME5tRmxZbVpqT1RCbE4yUmxNV1UwTTJWbFpUY3pPREkzWm1SbU5tVmhYekkyTlRZM05sOW1jRzVuTG5CdVp3fDFmNTkwYmM5NWM0ZmIxMDk3MWM2OGFhODU0YWFkYTc5MmUwZTRhYmYxZGZkMjQ1NTU1MDU5MDBmMWJhMTg3MGM\" alt=\"VACUUM CLEANER VC2421ECBK\" \/><\/div>\n<\/div>\n<\/div>\n<\/div>\n","protected":false},"excerpt":{"rendered":"<div class=\"product-gallery__details\"><span class=\"bullet-list\">XpandZone \u010detka\u00a0<span class=\"normal_label\">&#8211; Inovativna \u010detka za pra\u0161inu<\/span><\/span><\/div>\n<div class=\"product-gallery__details\"><span class=\"bullet-list\">FullIndikator\u00a0<span class=\"normal_label\">&#8211; Indikator popunjenosti kese\/posude za pra\u0161inu<\/span><\/span><\/div>\n<div class=\"product-gallery__details\"><span class=\"bullet-list\">Gumeni to\u010dki\u0107i\u00a0<span class=\"normal_label\">&#8211; To\u010dkovi sa oblogom od gume<\/span><\/span><\/div>\n","protected":false},"featured_media":10790,"comment_status":"open","ping_status":"closed","template":"","meta":{"inline_featured_image":false},"product_brand":[],"product_cat":[15],"product_tag":[],"class_list":{"0":"post-10789","1":"product","2":"type-product","3":"status-publish","4":"has-post-thumbnail","6":"product_cat-uncategorized","8":"first","9":"instock","10":"shipping-taxable","11":"purchasable","12":"product-type-simple"},"_links":{"self":[{"href":"https:\/\/tehnikabacko.rs\/index.php\/wp-json\/wp\/v2\/product\/10789","targetHints":{"allow":["GET"]}}],"collection":[{"href":"https:\/\/tehnikabacko.rs\/index.php\/wp-json\/wp\/v2\/product"}],"about":[{"href":"https:\/\/tehnikabacko.rs\/index.php\/wp-json\/wp\/v2\/types\/product"}],"replies":[{"embeddable":true,"href":"https:\/\/tehnikabacko.rs\/index.php\/wp-json\/wp\/v2\/comments?post=10789"}],"wp:featuredmedia":[{"embeddable":true,"href":"https:\/\/tehnikabacko.rs\/index.php\/wp-json\/wp\/v2\/media\/10790"}],"wp:attachment":[{"href":"https:\/\/tehnikabacko.rs\/index.php\/wp-json\/wp\/v2\/media?parent=10789"}],"wp:term":[{"taxonomy":"product_brand","embeddable":true,"href":"https:\/\/tehnikabacko.rs\/index.php\/wp-json\/wp\/v2\/product_brand?post=10789"},{"taxonomy":"product_cat","embeddable":true,"href":"https:\/\/tehnikabacko.rs\/index.php\/wp-json\/wp\/v2\/product_cat?post=10789"},{"taxonomy":"product_tag","embeddable":true,"href":"https:\/\/tehnikabacko.rs\/index.php\/wp-json\/wp\/v2\/product_tag?post=10789"}],"curies":[{"name":"wp","href":"https:\/\/api.w.org\/{rel}","templated":true}]}}