{"id":10771,"date":"2024-10-04T11:02:58","date_gmt":"2024-10-04T11:02:58","guid":{"rendered":"https:\/\/tehnikabacko.rs\/?post_type=product&#038;p=10771"},"modified":"2024-10-04T11:02:58","modified_gmt":"2024-10-04T11:02:58","slug":"grejalica-fox-mc-1503","status":"publish","type":"product","link":"https:\/\/tehnikabacko.rs\/index.php\/product\/grejalica-fox-mc-1503\/","title":{"rendered":"GREJALICA FOX MC-1503"},"content":{"rendered":"<p>Snaga: 2000W<br \/>\nBroj re\u017eima rada: 2<br \/>\nLako prenosiv: Da, poseduje to\u010dki\u0107e i ru\u010dke<br \/>\nRegulator toplote: Da<br \/>\nZa\u0161tita od pregrevanja: Da<br \/>\nIndikatorska lampica: Da<\/p>\n<p><img decoding=\"async\" src=\"https:\/\/c.cdnmp.net\/723480909\/p\/m\/1\/fox-mc-1503~31791.jpg\" \/><\/p>\n","protected":false},"excerpt":{"rendered":"<p>Model: Fox MC 1503<br \/>\nBoja: Crna<br \/>\nSnaga: 2000W<br \/>\nBroj re\u017eima rada: 2<br \/>\nLako prenosiv: Da, poseduje to\u010dki\u0107e i ru\u010dke<br \/>\nRegulator toplote: Da<br \/>\nZa\u0161tita od pregrevanja: Da<br \/>\nIndikatorska lampica: Da<\/p>\n","protected":false},"featured_media":10772,"comment_status":"open","ping_status":"closed","template":"","meta":{"inline_featured_image":false},"product_brand":[],"product_cat":[312,364],"product_tag":[],"class_list":{"0":"post-10771","1":"product","2":"type-product","3":"status-publish","4":"has-post-thumbnail","6":"product_cat-grejalice","7":"product_cat-grejanje","9":"first","10":"instock","11":"shipping-taxable","12":"purchasable","13":"product-type-simple"},"_links":{"self":[{"href":"https:\/\/tehnikabacko.rs\/index.php\/wp-json\/wp\/v2\/product\/10771","targetHints":{"allow":["GET"]}}],"collection":[{"href":"https:\/\/tehnikabacko.rs\/index.php\/wp-json\/wp\/v2\/product"}],"about":[{"href":"https:\/\/tehnikabacko.rs\/index.php\/wp-json\/wp\/v2\/types\/product"}],"replies":[{"embeddable":true,"href":"https:\/\/tehnikabacko.rs\/index.php\/wp-json\/wp\/v2\/comments?post=10771"}],"wp:featuredmedia":[{"embeddable":true,"href":"https:\/\/tehnikabacko.rs\/index.php\/wp-json\/wp\/v2\/media\/10772"}],"wp:attachment":[{"href":"https:\/\/tehnikabacko.rs\/index.php\/wp-json\/wp\/v2\/media?parent=10771"}],"wp:term":[{"taxonomy":"product_brand","embeddable":true,"href":"https:\/\/tehnikabacko.rs\/index.php\/wp-json\/wp\/v2\/product_brand?post=10771"},{"taxonomy":"product_cat","embeddable":true,"href":"https:\/\/tehnikabacko.rs\/index.php\/wp-json\/wp\/v2\/product_cat?post=10771"},{"taxonomy":"product_tag","embeddable":true,"href":"https:\/\/tehnikabacko.rs\/index.php\/wp-json\/wp\/v2\/product_tag?post=10771"}],"curies":[{"name":"wp","href":"https:\/\/api.w.org\/{rel}","templated":true}]}}