{"id":10768,"date":"2024-10-04T09:28:24","date_gmt":"2024-10-04T09:28:24","guid":{"rendered":"https:\/\/tehnikabacko.rs\/?post_type=product&#038;p=10768"},"modified":"2024-10-04T09:28:25","modified_gmt":"2024-10-04T09:28:25","slug":"grejalica-kalorifer-fg-fs-812","status":"publish","type":"product","link":"https:\/\/tehnikabacko.rs\/index.php\/product\/grejalica-kalorifer-fg-fs-812\/","title":{"rendered":"GREJALICA-KALORIFER FG FS-812"},"content":{"rendered":"<div class=\"product-specification row\">\n<div class=\"col-md-6 col-sm-12\">\n<div class=\"feature-group\">\n<p>Snaga: 2000W<\/p>\n<p>Ugra\u0111eni ventilator za ravnomerno raspore\u0111ivanje toplote<\/p>\n<p>Opcija za toplo\/hladno izduvavanje, pogodna za sve godi\u0161nje doba<\/p>\n<p>Kompaktan i prakti\u010dan dizajn za lako preme\u0161tanje i skladi\u0161tenje<\/p>\n<div class=\"features\">\n<div class=\"row\" data-counter=\"84\" data-split=\"126\">\n<div class=\"col-xs-6\" title=\"Da\"><\/div>\n<\/div>\n<\/div>\n<\/div>\n<\/div>\n<div class=\"col-md-6 col-sm-12\">\n<div class=\"feature-group\"><\/div>\n<\/div>\n<\/div>\n<div class=\"product-specification row\">\n<div class=\"col-md-6 col-sm-12\">\n<div class=\"feature-group\">\n<h4><img decoding=\"async\" src=\"https:\/\/images.ctshop.rs\/img\/products\/2024-09-13\/fg-grejalica-fs-812_bhj2t_3.webp\" alt=\"FG grejalica FS-812\" \/><\/h4>\n<\/div>\n<\/div>\n<\/div>\n","protected":false},"excerpt":{"rendered":"<p>Kalorifer je idealno re\u0161enje za grejanje ku\u0107e.<br \/>\nPogodnih dimenzija i mo\u017ee brzo i efikano zagrejati prostor, a idealan je i za kampovanje.<br \/>\nIma 3 re\u017eima rada, 2 nivao toplog vazduha i 1 re\u017eim hla\u0111enja sa ventilatorom, da se prilagodi Va\u0161im potrebama.<br \/>\nIma podesivi termostat, za\u0161titu od pregrevanja i radnu lampicu.<\/p>\n","protected":false},"featured_media":10769,"comment_status":"open","ping_status":"closed","template":"","meta":{"inline_featured_image":false},"product_brand":[],"product_cat":[312,364],"product_tag":[],"class_list":{"0":"post-10768","1":"product","2":"type-product","3":"status-publish","4":"has-post-thumbnail","6":"product_cat-grejalice","7":"product_cat-grejanje","9":"first","10":"instock","11":"shipping-taxable","12":"purchasable","13":"product-type-simple"},"_links":{"self":[{"href":"https:\/\/tehnikabacko.rs\/index.php\/wp-json\/wp\/v2\/product\/10768","targetHints":{"allow":["GET"]}}],"collection":[{"href":"https:\/\/tehnikabacko.rs\/index.php\/wp-json\/wp\/v2\/product"}],"about":[{"href":"https:\/\/tehnikabacko.rs\/index.php\/wp-json\/wp\/v2\/types\/product"}],"replies":[{"embeddable":true,"href":"https:\/\/tehnikabacko.rs\/index.php\/wp-json\/wp\/v2\/comments?post=10768"}],"wp:featuredmedia":[{"embeddable":true,"href":"https:\/\/tehnikabacko.rs\/index.php\/wp-json\/wp\/v2\/media\/10769"}],"wp:attachment":[{"href":"https:\/\/tehnikabacko.rs\/index.php\/wp-json\/wp\/v2\/media?parent=10768"}],"wp:term":[{"taxonomy":"product_brand","embeddable":true,"href":"https:\/\/tehnikabacko.rs\/index.php\/wp-json\/wp\/v2\/product_brand?post=10768"},{"taxonomy":"product_cat","embeddable":true,"href":"https:\/\/tehnikabacko.rs\/index.php\/wp-json\/wp\/v2\/product_cat?post=10768"},{"taxonomy":"product_tag","embeddable":true,"href":"https:\/\/tehnikabacko.rs\/index.php\/wp-json\/wp\/v2\/product_tag?post=10768"}],"curies":[{"name":"wp","href":"https:\/\/api.w.org\/{rel}","templated":true}]}}