{"id":10754,"date":"2024-10-03T09:34:01","date_gmt":"2024-10-03T09:34:01","guid":{"rendered":"https:\/\/tehnikabacko.rs\/?post_type=product&#038;p=10754"},"modified":"2025-09-18T07:23:35","modified_gmt":"2025-09-18T07:23:35","slug":"baterija-za-elektricni-bicikl-olovna-12v20ah","status":"publish","type":"product","link":"https:\/\/tehnikabacko.rs\/index.php\/product\/baterija-za-elektricni-bicikl-olovna-12v20ah\/","title":{"rendered":"BATERIJA ZA ELEKTRI\u010cNI BICIKL &#8211; OLOVNA 12V20AH"},"content":{"rendered":"<p>Baterija olovna 12V 20Ah<\/p>\n<p>Punjiva olovna\u00a0 baterija, dimenzija 181x77x167 mm i te\u017eine 6,16kg.<\/p>\n<p>Jedinica mere: Kom<br \/>\nPakovanje: 1<\/p>\n<p><img fetchpriority=\"high\" decoding=\"async\" class=\"\" src=\"https:\/\/tehnikauka.rs\/wp-content\/uploads\/2024\/10\/6-DZF-20-310x310.jpg\" width=\"251\" height=\"251\" \/><\/p>\n","protected":false},"excerpt":{"rendered":"<p>Napon baterije je 12V, kapacitet 20 amper \u010dasova.<\/p>\n<p>Ove baterije odlikuje: sna\u017ena pokreta\u010dka mo\u0107, dug domet, visok kvalitet i prepoznatljivost \u0161irom sveta.<\/p>\n","protected":false},"featured_media":10755,"comment_status":"open","ping_status":"closed","template":"","meta":{"inline_featured_image":false},"product_brand":[],"product_cat":[366,355],"product_tag":[],"class_list":{"0":"post-10754","1":"product","2":"type-product","3":"status-publish","4":"has-post-thumbnail","6":"product_cat-baterije-za-elektricne-bicikle","7":"product_cat-elektricni-bicikli","9":"first","10":"instock","11":"sale","12":"shipping-taxable","13":"purchasable","14":"product-type-simple"},"_links":{"self":[{"href":"https:\/\/tehnikabacko.rs\/index.php\/wp-json\/wp\/v2\/product\/10754","targetHints":{"allow":["GET"]}}],"collection":[{"href":"https:\/\/tehnikabacko.rs\/index.php\/wp-json\/wp\/v2\/product"}],"about":[{"href":"https:\/\/tehnikabacko.rs\/index.php\/wp-json\/wp\/v2\/types\/product"}],"replies":[{"embeddable":true,"href":"https:\/\/tehnikabacko.rs\/index.php\/wp-json\/wp\/v2\/comments?post=10754"}],"wp:featuredmedia":[{"embeddable":true,"href":"https:\/\/tehnikabacko.rs\/index.php\/wp-json\/wp\/v2\/media\/10755"}],"wp:attachment":[{"href":"https:\/\/tehnikabacko.rs\/index.php\/wp-json\/wp\/v2\/media?parent=10754"}],"wp:term":[{"taxonomy":"product_brand","embeddable":true,"href":"https:\/\/tehnikabacko.rs\/index.php\/wp-json\/wp\/v2\/product_brand?post=10754"},{"taxonomy":"product_cat","embeddable":true,"href":"https:\/\/tehnikabacko.rs\/index.php\/wp-json\/wp\/v2\/product_cat?post=10754"},{"taxonomy":"product_tag","embeddable":true,"href":"https:\/\/tehnikabacko.rs\/index.php\/wp-json\/wp\/v2\/product_tag?post=10754"}],"curies":[{"name":"wp","href":"https:\/\/api.w.org\/{rel}","templated":true}]}}