{"id":10751,"date":"2024-10-03T08:56:12","date_gmt":"2024-10-03T08:56:12","guid":{"rendered":"https:\/\/tehnikabacko.rs\/?post_type=product&#038;p=10751"},"modified":"2024-12-12T13:37:21","modified_gmt":"2024-12-12T13:37:21","slug":"fg-electronics-multi-stajler-i-fen-za-kosu-fs620","status":"publish","type":"product","link":"https:\/\/tehnikabacko.rs\/index.php\/product\/fg-electronics-multi-stajler-i-fen-za-kosu-fs620\/","title":{"rendered":"FG ELECTRONICS MULTI STAJLER I FEN ZA KOSU FS620"},"content":{"rendered":"<p>Motor bez \u010detkica velike brzine, sa 110.000 obrtaja u minutu (rpm)<\/p>\n<p>Snaga 1500W<\/p>\n<p>3 pode\u0161avanja : brzo su\u0161enje, normalno su\u0161enje i stilizovanje ( hladan vazduh )<\/p>\n<p>LED indikatorske lampice<\/p>\n<p>Fen sa dve funckije<\/p>\n<p>za brzo su\u0161enje kose u pripremi za oblikovanje<br \/>\nza zagla\u0111ivanje i usavr\u0161avanje frizure<\/p>\n<p>Nastavci za stilizvanje kose<br \/>\ncev oko koje kru\u017eno prolazi vazduh i automatski namotava pramen kose u pravcu kazaljke na satu<br \/>\ncev oko koje kru\u017eno prolazi vazduh i automatski namotava pramen kose suprotno do pravca kazaljke na satu<br \/>\nokrugla \u010detka za obim, usmerava vazduh kako bi kosi dala volumen<br \/>\n\u010detvrtasta \u010dekta za lako ispravljanje<\/p>\n<p>Funkcija samo\u010di\u0161\u0107enja<\/p>\n<p>Preporuka za oblikovanje: nakon postizanja \u017eeljenog oblika zadr\u017eati nastavak u kosi, nakon toga uklju\u010diti hladan vazduh ( opciju stilizovanja tj. zelena svetlost na LED indikatoru ), na kraju lagano izvucite nastavak iz kose pridr\u017eavaju\u0107i pramen na \u017eeljenom mesu.<img decoding=\"async\" src=\"https:\/\/tehnikabacko.rs\/wp-content\/uploads\/2024\/10\/FS-620-600x565.webp\" \/><\/p>\n","protected":false},"excerpt":{"rendered":"<p>Prakti\u010dan i pristupa\u010dan multistajler za sve tipove i du\u017eine kose.<\/p>\n<p>Neverovatno lako oblikovanje za profesionalne rezultate. Su\u0161enje, lokne, talasi i ispravljanje bez previskih temperatura.<\/p>\n<p>Nastavci za stilizvanje kose automatski povla\u010de kosu isklju\u010divo putem delovanja vazduha. Sna\u017ean protok vazduha ne\u017eno povla\u010di kosu na izabrani nastavak u smeru kazaljke na satu ili suprotno od smera kazaljket na satu.<\/p>\n","protected":false},"featured_media":10752,"comment_status":"open","ping_status":"closed","template":"","meta":{"inline_featured_image":false},"product_brand":[],"product_cat":[365,362],"product_tag":[],"class_list":{"0":"post-10751","1":"product","2":"type-product","3":"status-publish","4":"has-post-thumbnail","6":"product_cat-fenovi","7":"product_cat-stajleri-za-kosu","9":"first","10":"instock","11":"shipping-taxable","12":"purchasable","13":"product-type-simple"},"_links":{"self":[{"href":"https:\/\/tehnikabacko.rs\/index.php\/wp-json\/wp\/v2\/product\/10751","targetHints":{"allow":["GET"]}}],"collection":[{"href":"https:\/\/tehnikabacko.rs\/index.php\/wp-json\/wp\/v2\/product"}],"about":[{"href":"https:\/\/tehnikabacko.rs\/index.php\/wp-json\/wp\/v2\/types\/product"}],"replies":[{"embeddable":true,"href":"https:\/\/tehnikabacko.rs\/index.php\/wp-json\/wp\/v2\/comments?post=10751"}],"wp:featuredmedia":[{"embeddable":true,"href":"https:\/\/tehnikabacko.rs\/index.php\/wp-json\/wp\/v2\/media\/10752"}],"wp:attachment":[{"href":"https:\/\/tehnikabacko.rs\/index.php\/wp-json\/wp\/v2\/media?parent=10751"}],"wp:term":[{"taxonomy":"product_brand","embeddable":true,"href":"https:\/\/tehnikabacko.rs\/index.php\/wp-json\/wp\/v2\/product_brand?post=10751"},{"taxonomy":"product_cat","embeddable":true,"href":"https:\/\/tehnikabacko.rs\/index.php\/wp-json\/wp\/v2\/product_cat?post=10751"},{"taxonomy":"product_tag","embeddable":true,"href":"https:\/\/tehnikabacko.rs\/index.php\/wp-json\/wp\/v2\/product_tag?post=10751"}],"curies":[{"name":"wp","href":"https:\/\/api.w.org\/{rel}","templated":true}]}}