{"id":10749,"date":"2024-10-03T08:49:32","date_gmt":"2024-10-03T08:49:32","guid":{"rendered":"https:\/\/tehnikabacko.rs\/?post_type=product&#038;p=10749"},"modified":"2024-10-03T08:49:32","modified_gmt":"2024-10-03T08:49:32","slug":"fg-grejalica-fs-815","status":"publish","type":"product","link":"https:\/\/tehnikabacko.rs\/index.php\/product\/fg-grejalica-fs-815\/","title":{"rendered":"FG GREJALICA FS-815"},"content":{"rendered":"<p>2 re\u017eima rada<\/p>\n<p>Funkcija ventilatora<\/p>\n<p>PTC kerami\u010dki greja\u010d<\/p>\n<p>Termalno sigurnosno isklju\u010divanje<\/p>\n<p>Za\u0161tita od pregrevanja<\/p>\n<p>Za\u0161tita prekida\u010da<\/p>\n<p>Lagano pomeranje levo \u2013 desno<\/p>\n<p>Tajmer 8 sati<\/p>\n<p>Mogu\u0107nost upravljanja daljinskim upravlja\u010dem<\/p>\n<p>Veliki LED display sa prijatnom slikom plamena<\/p>\n<p>Visina 64cm<\/p>\n<p>Integrisna ru\u010dka za lako preno\u0161enje<\/p>\n<p>Snaga 2000W<\/p>\n<ul>\n<li>\u00a02 nivoa snage : 1000\/2000W<\/li>\n<li>\u00a0Boja : Crna<\/li>\n<li>\u00a0Izbor : topao \/ hadan\/vruc vazduh<\/li>\n<li>\u00a0ON\/OFF prekidac<\/li>\n<li>\u00a0Automatska kontrola temperature<\/li>\n<li>\u00a0Automatski termostat<\/li>\n<li>\u00a0Zastita protiv pregrevanja<\/li>\n<\/ul>\n","protected":false},"excerpt":{"rendered":"<div class=\"accordion-title opened-parent et-opened opened\"><\/div>\n<div id=\"content_tab_description\" class=\"tab-content tab-description\">\n<div class=\"tab-content-inner\">\n<div class=\"tab-content-scroll\">\n<p>Kalorifer je idealno re\u0161enje za grejanje ku\u0107e.<br \/>\nPogodnih dimenzija i mo\u017ee brzo i efikano zagrejati prostor, a idealan je i za kampovanje.<br \/>\nIma 3 re\u017eima rada, 2 nivao toplog vazduha i 1 re\u017eim hla\u0111enja sa ventilatorom, da se prilagodi Va\u0161im potrebama.<br \/>\nIma podesivi termostat, za\u0161titu od pregrevanja i radnu lampicu<\/p>\n<\/div>\n<\/div>\n<\/div>\n","protected":false},"featured_media":10750,"comment_status":"open","ping_status":"closed","template":"","meta":{"inline_featured_image":false},"product_brand":[],"product_cat":[312,364],"product_tag":[],"class_list":{"0":"post-10749","1":"product","2":"type-product","3":"status-publish","4":"has-post-thumbnail","6":"product_cat-grejalice","7":"product_cat-grejanje","9":"first","10":"instock","11":"shipping-taxable","12":"purchasable","13":"product-type-simple"},"_links":{"self":[{"href":"https:\/\/tehnikabacko.rs\/index.php\/wp-json\/wp\/v2\/product\/10749","targetHints":{"allow":["GET"]}}],"collection":[{"href":"https:\/\/tehnikabacko.rs\/index.php\/wp-json\/wp\/v2\/product"}],"about":[{"href":"https:\/\/tehnikabacko.rs\/index.php\/wp-json\/wp\/v2\/types\/product"}],"replies":[{"embeddable":true,"href":"https:\/\/tehnikabacko.rs\/index.php\/wp-json\/wp\/v2\/comments?post=10749"}],"wp:featuredmedia":[{"embeddable":true,"href":"https:\/\/tehnikabacko.rs\/index.php\/wp-json\/wp\/v2\/media\/10750"}],"wp:attachment":[{"href":"https:\/\/tehnikabacko.rs\/index.php\/wp-json\/wp\/v2\/media?parent=10749"}],"wp:term":[{"taxonomy":"product_brand","embeddable":true,"href":"https:\/\/tehnikabacko.rs\/index.php\/wp-json\/wp\/v2\/product_brand?post=10749"},{"taxonomy":"product_cat","embeddable":true,"href":"https:\/\/tehnikabacko.rs\/index.php\/wp-json\/wp\/v2\/product_cat?post=10749"},{"taxonomy":"product_tag","embeddable":true,"href":"https:\/\/tehnikabacko.rs\/index.php\/wp-json\/wp\/v2\/product_tag?post=10749"}],"curies":[{"name":"wp","href":"https:\/\/api.w.org\/{rel}","templated":true}]}}