{"id":10745,"date":"2024-10-03T08:36:52","date_gmt":"2024-10-03T08:36:52","guid":{"rendered":"https:\/\/tehnikabacko.rs\/?post_type=product&#038;p=10745"},"modified":"2024-10-03T08:36:52","modified_gmt":"2024-10-03T08:36:52","slug":"panelna-grejalica-fs-827-wifi","status":"publish","type":"product","link":"https:\/\/tehnikabacko.rs\/index.php\/product\/panelna-grejalica-fs-827-wifi\/","title":{"rendered":"PANELNA GREJALICA FS 827 WIFI"},"content":{"rendered":"<p>&nbsp;<\/p>\n<p>Panelna grejalica FS 827 WIFI poseduje mogu\u0107nost daljinskog upravljanja, kao i mogu\u0107nost upravljanja na dodir. Ima integrisani tajmer sa kojim veoma jednostavno pode\u0161avate grejalicu za uklju\u010divanje i isklju\u010divanje u \u017eeljeno vreme. Tajmer je podesiv u rasponu od 1 sata do 24 sata. Digitalni ekran panelne grejalice FS 827 WIFI automatski prikazuje temperaturu prostorije. Grejalica poseduje IP 24 vodootpornost ( za\u0161tita od prskanja i zapljuskivanja vodom, pod bilo kojim uglom). Poseduje i za\u0161titu od pregrevanja.<\/p>\n<p>Namena panelnih grejalica je zagrevanje stambenih i poslovnih jedinica. Ne zauzimaju puno mesta a imaju i elegantan, moderan dizajn.<\/p>\n<p>Karakteristike proizvoda :<\/p>\n<ul>\n<li>Stakleni panel na grejalici<\/li>\n<li>Podesiva snaga grejanja<\/li>\n<li>Za\u0161tita od pregrevanja<\/li>\n<li>Daljinsko upravljanje<\/li>\n<li>Podesivi tajmer do 24 H<\/li>\n<\/ul>\n<p><img fetchpriority=\"high\" decoding=\"async\" class=\"\" src=\"https:\/\/epimage.s3.eu-central-1.amazonaws.com\/images\/yn\/ynzeqhiducaovktbpmrx\" alt=\"FG panelna grejalica wi-fi FS-827-WIFI\" width=\"366\" height=\"366\" \/><\/p>\n","protected":false},"excerpt":{"rendered":"<p>Panelna grejalica WiFi FG FS827WIFI sa staklenim panelom snage 2000 W.<\/p>\n<p>Modernog dizajna sa podesivom snagom grejanja.<\/p>\n<p>Panelna grejalica greje konstantno i tiho prostor se ravnomenrno zagreva bez duvanja .<\/p>\n<p>Panelna grejalica WiFi FG FS827WIFI moe se upravljati preko mobilne aplikacije putem WIFI-ja.<\/p>\n","protected":false},"featured_media":10746,"comment_status":"open","ping_status":"closed","template":"","meta":{"inline_featured_image":false},"product_brand":[],"product_cat":[312,361],"product_tag":[],"class_list":{"0":"post-10745","1":"product","2":"type-product","3":"status-publish","4":"has-post-thumbnail","6":"product_cat-grejalice","7":"product_cat-radijatori","9":"first","10":"instock","11":"shipping-taxable","12":"purchasable","13":"product-type-simple"},"_links":{"self":[{"href":"https:\/\/tehnikabacko.rs\/index.php\/wp-json\/wp\/v2\/product\/10745","targetHints":{"allow":["GET"]}}],"collection":[{"href":"https:\/\/tehnikabacko.rs\/index.php\/wp-json\/wp\/v2\/product"}],"about":[{"href":"https:\/\/tehnikabacko.rs\/index.php\/wp-json\/wp\/v2\/types\/product"}],"replies":[{"embeddable":true,"href":"https:\/\/tehnikabacko.rs\/index.php\/wp-json\/wp\/v2\/comments?post=10745"}],"wp:featuredmedia":[{"embeddable":true,"href":"https:\/\/tehnikabacko.rs\/index.php\/wp-json\/wp\/v2\/media\/10746"}],"wp:attachment":[{"href":"https:\/\/tehnikabacko.rs\/index.php\/wp-json\/wp\/v2\/media?parent=10745"}],"wp:term":[{"taxonomy":"product_brand","embeddable":true,"href":"https:\/\/tehnikabacko.rs\/index.php\/wp-json\/wp\/v2\/product_brand?post=10745"},{"taxonomy":"product_cat","embeddable":true,"href":"https:\/\/tehnikabacko.rs\/index.php\/wp-json\/wp\/v2\/product_cat?post=10745"},{"taxonomy":"product_tag","embeddable":true,"href":"https:\/\/tehnikabacko.rs\/index.php\/wp-json\/wp\/v2\/product_tag?post=10745"}],"curies":[{"name":"wp","href":"https:\/\/api.w.org\/{rel}","templated":true}]}}