{"id":10723,"date":"2024-09-20T06:42:53","date_gmt":"2024-09-20T06:42:53","guid":{"rendered":"https:\/\/tehnikabacko.rs\/?post_type=product&#038;p=10723"},"modified":"2024-09-20T07:19:43","modified_gmt":"2024-09-20T07:19:43","slug":"elektricni-skuter-rx-1-crni","status":"publish","type":"product","link":"https:\/\/tehnikabacko.rs\/index.php\/product\/elektricni-skuter-rx-1-crni\/","title":{"rendered":"ELEKTRICNI SKUTER RX1-CRNI"},"content":{"rendered":"<div class=\"fusion-fullwidth fullwidth-box fusion-builder-row-5 fusion-flex-container has-pattern-background has-mask-background fusion-parallax-none nonhundred-percent-fullwidth non-hundred-percent-height-scrolling\">\n<div class=\"fusion-builder-row fusion-row fusion-flex-align-items-flex-start fusion-flex-content-wrap\">\n<div class=\"fusion-layout-column fusion_builder_column fusion-builder-column-10 fusion_builder_column_1_1 1_1 fusion-flex-column\" data-scroll-devices=\"small-visibility,medium-visibility,large-visibility\">\n<div class=\"fusion-column-wrapper fusion-column-has-shadow fusion-flex-justify-content-flex-start fusion-content-layout-column\">\n<div class=\"table-2 tabela-woo-tabs\">\n<table width=\"100%\">\n<tbody>\n<tr>\n<td align=\"left\">Dimenzije:<\/td>\n<td align=\"left\">180cm*75cm*108cm<\/td>\n<\/tr>\n<tr>\n<td align=\"left\">Osnova To\u010dka:<\/td>\n<td align=\"left\">1150 mm<\/td>\n<\/tr>\n<tr>\n<td align=\"left\">Tip gume:<\/td>\n<td align=\"left\">3.00-10<\/td>\n<\/tr>\n<tr>\n<td align=\"left\">Farovi:<\/td>\n<td align=\"left\">2 kratka, 2 duga far. 2 svetla koja menjaju boju.<\/td>\n<\/tr>\n<tr>\n<td align=\"left\">Maksimalna brzina:<\/td>\n<td align=\"left\">\u2264 25km\/h<\/td>\n<\/tr>\n<tr>\n<td align=\"left\">Motor:<\/td>\n<td align=\"left\">bez \u010detkica<\/td>\n<\/tr>\n<tr>\n<td align=\"left\">Snaga motora:<\/td>\n<td align=\"left\">250W<\/td>\n<\/tr>\n<tr>\n<td align=\"left\">Tip baterie:<\/td>\n<td align=\"left\">60V 27Ah Grafenska baterija<\/td>\n<\/tr>\n<tr>\n<td align=\"left\">Instrument tabla:<\/td>\n<td align=\"left\">digitalna u boji sa NFC-om (pametna brava)<\/td>\n<\/tr>\n<tr>\n<td align=\"left\">Maksimalni domet:<\/td>\n<td align=\"left\">70-80km\uff08Laboratorijski podaci: put ravan, temperatura 25 stepeni. nosivost 70 kg. stvarna kilometra\u017ea je odre\u0111ena vremenom, temperaturom, otporom vetra, uslovima na putu, navikama u vo\u017enji itd.\uff09<\/td>\n<\/tr>\n<tr>\n<td align=\"left\">Prednja ko\u010dnica:<\/td>\n<td align=\"left\">disk(veliki)<\/td>\n<\/tr>\n<tr>\n<td align=\"left\">Zadnja ko\u010dnica:<\/td>\n<td align=\"left\">disk<\/td>\n<\/tr>\n<tr class=\"dodatnaKarakteristika\">\n<td align=\"left\">Brava:<\/td>\n<td align=\"left\">metalni klju\u010d, NFC smart klju\u010d i daljinski klju\u010d<\/td>\n<\/tr>\n<tr class=\"dodatnaKarakteristika\">\n<td align=\"left\">Maksimalna te\u017eina tereta:<\/td>\n<td align=\"left\">150KG<\/td>\n<\/tr>\n<\/tbody>\n<\/table>\n<\/div>\n<\/div>\n<\/div>\n<\/div>\n<\/div>\n<div class=\"fusion-fullwidth fullwidth-box fusion-builder-row-6 fusion-flex-container has-pattern-background has-mask-background nonhundred-percent-fullwidth non-hundred-percent-height-scrolling\">\n<div class=\"fusion-builder-row fusion-row fusion-flex-align-items-flex-start fusion-flex-content-wrap\">\n<div class=\"fusion-layout-column fusion_builder_column fusion-builder-column-11 fusion_builder_column_1_1 1_1 fusion-flex-column\" data-scroll-devices=\"small-visibility,medium-visibility,large-visibility\">\n<div class=\"fusion-column-wrapper fusion-column-has-shadow fusion-flex-justify-content-flex-start fusion-content-layout-column\">\n<div class=\"fusion-section-separator section-separator hills-opacity fusion-section-separator-1 sectioSeparatrHil\">\n<div class=\"fusion-section-separator-svg fusion-section-separator-fullwidth\"><img fetchpriority=\"high\" decoding=\"async\" class=\"\" src=\"https:\/\/c.cdnmp.net\/723480909\/p\/l\/5\/csm-rx1-crna~31645.jpg\" width=\"389\" height=\"357\" \/><img decoding=\"async\" class=\"\" src=\"https:\/\/c.cdnmp.net\/723480909\/p\/l\/4\/csm-rx1-crna~31644.jpg\" width=\"325\" height=\"421\" \/><img decoding=\"async\" class=\"\" src=\"https:\/\/c.cdnmp.net\/723480909\/p\/l\/6\/csm-rx1-crna~31646.jpg\" width=\"370\" height=\"357\" \/><\/div>\n<\/div>\n<\/div>\n<\/div>\n<\/div>\n<\/div>\n","protected":false},"excerpt":{"rendered":"<p><strong>Zapo\u010dnite svoju avanturu bez granica sa RX1<\/strong>\u00a0\u2013 izaberite pametnije, \u010distije i br\u017ee putovanje kroz grad.<\/p>\n<p>U\u017eivajte u nezaboravnoj vo\u017enji sa<strong>\u00a0RX1<\/strong>, vrhunskim elektri\u010dnim skuterom koji redefini\u0161e urbanu mobilnost! Zahvaljuju\u0107i naprednim performansama i sofisticiranom dizajnu, ovaj elektri\u010dni motocikl garantuje stilsku i udobnu vo\u017enju kroz gradske predele.<\/p>\n<p>Kao pionir u ekolo\u0161koj urbanom prevozu,\u00a0<strong>elektri\u010dni skuter RX1<\/strong>\u00a0predstavlja idealnu alternativu konvencionalnim vozilima. Sa brzinom\u00a0<strong>do 25 km\/h<\/strong>\u00a0i motorom\u00a0<strong>od 250W<\/strong>, obe\u0107ava efikasnost i dinami\u010dnost bez emisije \u0161tetnih gasova, \u010dine\u0107i ga savr\u0161enim izborom za gradsku vo\u017enju.<\/p>\n<p>Opremljen naprednom tehnologijom, uklju\u010duju\u0107i\u00a0<strong>digitalnu instrument tablu<\/strong>\u00a0i\u00a0<strong>grafensku\u00a0bateriju od 60V 27Ah<\/strong>,\u00a0<strong>RX1<\/strong>\u00a0nudi detaljan pregled va\u0161e vo\u017enje i\u00a0<strong>autonomiju do 70 km sa jednim punjenjem<\/strong>. Sa kombinacijom prednje disk ko\u010dnice i zadnje dobo\u0161 ko\u010dnice, ovaj elektri\u010dni motor obezbe\u0111uje izuzetnu\u00a0<strong>sigurnost i kontrolu<\/strong>.<\/p>\n<p>Stabilnost i udobnost su zagarantovani zahvaljuju\u0107i pa\u017eljivo odabranim dimenzijama, uklju\u010duju\u0107i osnovu to\u010dka od 1150 mm i gume veli\u010dine3.00- 12 in\u010da, osiguravaju\u0107i glatku vo\u017enju \u010dak i po neravnim terenima.<\/p>\n<p>Otkrijte grad na nov i uzbudljiv na\u010din sa\u00a0<strong>RX1\u00a0elektri\u010dnim skuterom<\/strong>, koji kombinuje performanse, udobnost i prakti\u010dnost za savremenog urbanog putnika<\/p>\n","protected":false},"featured_media":10724,"comment_status":"open","ping_status":"closed","template":"","meta":{"inline_featured_image":false},"product_brand":[],"product_cat":[333,355,354],"product_tag":[],"class_list":{"0":"post-10723","1":"product","2":"type-product","3":"status-publish","4":"has-post-thumbnail","6":"product_cat-bicikle","7":"product_cat-elektricni-bicikli","8":"product_cat-skuter","10":"first","11":"instock","12":"shipping-taxable","13":"purchasable","14":"product-type-simple"},"_links":{"self":[{"href":"https:\/\/tehnikabacko.rs\/index.php\/wp-json\/wp\/v2\/product\/10723","targetHints":{"allow":["GET"]}}],"collection":[{"href":"https:\/\/tehnikabacko.rs\/index.php\/wp-json\/wp\/v2\/product"}],"about":[{"href":"https:\/\/tehnikabacko.rs\/index.php\/wp-json\/wp\/v2\/types\/product"}],"replies":[{"embeddable":true,"href":"https:\/\/tehnikabacko.rs\/index.php\/wp-json\/wp\/v2\/comments?post=10723"}],"wp:featuredmedia":[{"embeddable":true,"href":"https:\/\/tehnikabacko.rs\/index.php\/wp-json\/wp\/v2\/media\/10724"}],"wp:attachment":[{"href":"https:\/\/tehnikabacko.rs\/index.php\/wp-json\/wp\/v2\/media?parent=10723"}],"wp:term":[{"taxonomy":"product_brand","embeddable":true,"href":"https:\/\/tehnikabacko.rs\/index.php\/wp-json\/wp\/v2\/product_brand?post=10723"},{"taxonomy":"product_cat","embeddable":true,"href":"https:\/\/tehnikabacko.rs\/index.php\/wp-json\/wp\/v2\/product_cat?post=10723"},{"taxonomy":"product_tag","embeddable":true,"href":"https:\/\/tehnikabacko.rs\/index.php\/wp-json\/wp\/v2\/product_tag?post=10723"}],"curies":[{"name":"wp","href":"https:\/\/api.w.org\/{rel}","templated":true}]}}