{"id":10714,"date":"2024-09-13T13:32:34","date_gmt":"2024-09-13T13:32:34","guid":{"rendered":"https:\/\/tehnikabacko.rs\/?post_type=product&#038;p=10714"},"modified":"2025-01-27T18:31:11","modified_gmt":"2025-01-27T18:31:11","slug":"testera-demon-cs-58-t","status":"publish","type":"product","link":"https:\/\/tehnikabacko.rs\/index.php\/product\/testera-demon-cs-58-t\/","title":{"rendered":"MOTORNA TESTERA DEMON  CS 58 T"},"content":{"rendered":"<ul>\n<li>Kapacitet rezervoara goriva \u2013 550ml<\/li>\n<li>Model CS-58T<\/li>\n<li>Kapacitet rezervoara za ulje \u2013 260 ml<\/li>\n<li>Neto te\u017eina bez vodi\u010da \u2013 6,3kg<\/li>\n<li>Neto te\u017eina sa vodi\u010dem \u2013 6,5kg<\/li>\n<li>Koristena du\u017eina se\u010denja \u2013 38cm<\/li>\n<li>Kapacitet cilindra \u2013 55cm3<\/li>\n<li>Menja\u010d (broj re\u017eima \/ in\u010da) -7T \/ 0.325<\/li>\n<li>Preporu\u010deni tip lanca \u2013 21BP \/ 21VB<\/li>\n<li>\u0161irina \u017elebova vodilice \u2013 1.5mm<\/li>\n<li>Preporu\u010deni pre\u010dnik fajla za o\u0161trenje \u2013 4,76mm<\/li>\n<li>Maksimalna snaga motora \u2013 2,2kV<\/li>\n<li>Brzina u praznom hodu \u2013 2.800 (o \/ min)<\/li>\n<li>Maksimalna brzina \u2013 8500 (o \/ min)<\/li>\n<li>Nivo buke LvA \/ LpA (dB) \u2013 105\/109<\/li>\n<li>Prednja ru\u010dka vibracije \u2013 10,7 (m \/ s2)<\/li>\n<li>Zadnja ru\u010dka vibracija \u2013 9,8 (m \/ s2)<img decoding=\"async\" src=\"https:\/\/tehnikabacko.rs\/wp-content\/uploads\/2024\/09\/Demon-testera-720x565.jpg\" \/><\/li>\n<li><img decoding=\"async\" src=\"https:\/\/demonalati.rs\/wp-content\/uploads\/2023\/06\/viber-image-2023-06-05-16-12-52-715.jpg\" \/><\/li>\n<\/ul>\n","protected":false},"excerpt":{"rendered":"<p><strong>AKCIJSKA CENA<\/strong><\/p>\n<p><strong>Demon testera<\/strong>\u00a0\u2013 jo\u0161 jedan vrhunski alat Poljskog proizvo\u0111a\u010da\u00a0<strong>Mar-Pol<\/strong>\u00a0iz segmenta polu-profesionalnog alata Demon, pored kod nas dobro poznatog\u00a0Demon trimera, tu je i Demon motorna testera.\u00a0<strong>Demon testera<\/strong>\u00a0je zaista mo\u0107na motorna pila koja je namenjena koji godi\u0161nje seku oko\u00a0<strong>150 metara kubnih<\/strong>, drva. Motorka je zaista izdr\u017eljiva i\u00a0 na\u010dinjena od kvalitetnih materijala.<\/p>\n","protected":false},"featured_media":10716,"comment_status":"open","ping_status":"closed","template":"","meta":{"inline_featured_image":false},"product_brand":[],"product_cat":[283,287],"product_tag":[],"class_list":{"0":"post-10714","1":"product","2":"type-product","3":"status-publish","4":"has-post-thumbnail","6":"product_cat-motorna-testera","7":"product_cat-testere","9":"first","10":"instock","11":"sale","12":"shipping-taxable","13":"purchasable","14":"product-type-simple"},"_links":{"self":[{"href":"https:\/\/tehnikabacko.rs\/index.php\/wp-json\/wp\/v2\/product\/10714","targetHints":{"allow":["GET"]}}],"collection":[{"href":"https:\/\/tehnikabacko.rs\/index.php\/wp-json\/wp\/v2\/product"}],"about":[{"href":"https:\/\/tehnikabacko.rs\/index.php\/wp-json\/wp\/v2\/types\/product"}],"replies":[{"embeddable":true,"href":"https:\/\/tehnikabacko.rs\/index.php\/wp-json\/wp\/v2\/comments?post=10714"}],"wp:featuredmedia":[{"embeddable":true,"href":"https:\/\/tehnikabacko.rs\/index.php\/wp-json\/wp\/v2\/media\/10716"}],"wp:attachment":[{"href":"https:\/\/tehnikabacko.rs\/index.php\/wp-json\/wp\/v2\/media?parent=10714"}],"wp:term":[{"taxonomy":"product_brand","embeddable":true,"href":"https:\/\/tehnikabacko.rs\/index.php\/wp-json\/wp\/v2\/product_brand?post=10714"},{"taxonomy":"product_cat","embeddable":true,"href":"https:\/\/tehnikabacko.rs\/index.php\/wp-json\/wp\/v2\/product_cat?post=10714"},{"taxonomy":"product_tag","embeddable":true,"href":"https:\/\/tehnikabacko.rs\/index.php\/wp-json\/wp\/v2\/product_tag?post=10714"}],"curies":[{"name":"wp","href":"https:\/\/api.w.org\/{rel}","templated":true}]}}