{"id":10706,"date":"2024-08-28T10:34:24","date_gmt":"2024-08-28T10:34:24","guid":{"rendered":"https:\/\/tehnikabacko.rs\/?post_type=product&#038;p=10706"},"modified":"2025-11-05T12:28:19","modified_gmt":"2025-11-05T12:28:19","slug":"elektricni-skuter-turbo-max","status":"publish","type":"product","link":"https:\/\/tehnikabacko.rs\/index.php\/product\/elektricni-skuter-turbo-max\/","title":{"rendered":"ELEKTRICNI SKUTER TURBO MAX"},"content":{"rendered":"<p>&nbsp;<\/p>\n<div class=\"fusion-layout-column fusion_builder_column fusion-builder-column-9 fusion_builder_column_1_1 1_1 fusion-flex-column\" data-scroll-devices=\"small-visibility,medium-visibility,large-visibility\">\n<div class=\"fusion-column-wrapper fusion-column-has-shadow fusion-flex-justify-content-flex-start fusion-content-layout-column\">\n<div class=\"fusion-builder-row fusion-builder-row-inner fusion-row fusion-flex-align-items-flex-start fusion-flex-content-wrap\">\n<div class=\"fusion-layout-column fusion_builder_column_inner fusion-builder-nested-column-6 fusion_builder_column_inner_1_2 1_2 fusion-flex-column\" data-scroll-devices=\"small-visibility,medium-visibility,large-visibility\">\n<div class=\"fusion-column-wrapper fusion-column-has-shadow fusion-flex-justify-content-flex-start fusion-content-layout-column\">\n<div class=\"fusion-title title fusion-title-3 fusion-sep-none fusion-title-text fusion-title-size-six\">\n<table width=\"100%\">\n<tbody>\n<tr>\n<td align=\"left\">Dimenzije:<\/td>\n<td align=\"left\">180cm*75cm*108cm<\/td>\n<\/tr>\n<tr>\n<td align=\"left\">Osnova To\u010dka:<\/td>\n<td align=\"left\">1150 mm<\/td>\n<\/tr>\n<tr>\n<td align=\"left\">Tip gume:<\/td>\n<td align=\"left\">16\u00d73.0<\/td>\n<\/tr>\n<tr>\n<td align=\"left\">Farovi:<\/td>\n<td align=\"left\">LED<\/td>\n<\/tr>\n<tr>\n<td align=\"left\">Maksimalna brzina:<\/td>\n<td align=\"left\">\u2264 25km\/h<\/td>\n<\/tr>\n<tr>\n<td align=\"left\">Motor:<\/td>\n<td align=\"left\">bez \u010detkica<\/td>\n<\/tr>\n<tr>\n<td align=\"left\">Snaga motora:<\/td>\n<td align=\"left\">250W<\/td>\n<\/tr>\n<tr>\n<td align=\"left\">Tip baterie:<\/td>\n<td align=\"left\">60V 27Ah Grafenska baterija<\/td>\n<\/tr>\n<tr>\n<td align=\"left\">Instrument tabla:<\/td>\n<td align=\"left\">digitalna u boji sa NFC-om (pametna brava)<\/td>\n<\/tr>\n<tr>\n<td align=\"left\">Maksimalni domet:<\/td>\n<td align=\"left\">70-80km\uff08Laboratorijski podaci, stvarna kilometra\u017ea je odre\u0111ena vremenom, temperaturom, otporom vetra, uslovima na putu, navikama u vo\u017enji itd.\uff09<\/td>\n<\/tr>\n<tr>\n<td align=\"left\">Prednja ko\u010dnica:<\/td>\n<td align=\"left\">disk(veliki)<\/td>\n<\/tr>\n<tr>\n<td align=\"left\">Zadnja ko\u010dnica:<\/td>\n<td align=\"left\">disk<\/td>\n<\/tr>\n<tr class=\"dodatnaKarakteristika\">\n<td align=\"left\">Brava:<\/td>\n<td align=\"left\">metalni klju\u010d, NFC smart klju\u010d i daljinski klju\u010d<\/td>\n<\/tr>\n<\/tbody>\n<\/table>\n<\/div>\n<\/div>\n<\/div>\n<\/div>\n<\/div>\n<\/div>\n","protected":false},"excerpt":{"rendered":"<p>U\u017eivajte u nezaboravnoj vo\u017enji sa\u00a0<b>Turbo Max<\/b>, vrhunskim elektri\u010dnim skuterom koji redefini\u0161e urbanu mobilnost! Zahvaljuju\u0107i naprednim performansama i sofisticiranom dizajnu, ovaj elektri\u010dni motocikl garantuje stilsku i udobnu vo\u017enju kroz gradske predele.<\/p>\n<p>Kao pionir u ekolo\u0161koj urbanom prevozu,\u00a0<strong>elektri\u010dni skuter Turbo Max<\/strong>\u00a0predstavlja idealnu alternativu konvencionalnim vozilima. Sa brzinom\u00a0<strong>do 50 km\/h<\/strong>\u00a0i motorom\u00a0<strong>od 250W<\/strong>, obe\u0107ava efikasnost i dinami\u010dnost bez emisije \u0161tetnih gasova, \u010dine\u0107i ga savr\u0161enim izborom za gradsku vo\u017enju.<\/p>\n<p>Opremljen naprednom tehnologijom, uklju\u010duju\u0107i\u00a0<strong>digitalnu instrument tablu<\/strong>\u00a0i\u00a0<strong>grafensku\u00a0bateriju od 60V 27Ah<\/strong>, MAX EAGLE nudi detaljan pregled va\u0161e vo\u017enje i\u00a0<strong>autonomiju do 70 km sa jednim punjenjem<\/strong>. Sa kombinacijom prednje disk ko\u010dnice i zadnje dobo\u0161 ko\u010dnice, ovaj elektri\u010dni motor obezbe\u0111uje izuzetnu\u00a0<strong>sigurnost i kontrolu<\/strong>.<\/p>\n<p>Stabilnost i udobnost su zagarantovani zahvaljuju\u0107i pa\u017eljivo odabranim dimenzijama, uklju\u010duju\u0107i osnovu to\u010dka od 1150 mm i gume veli\u010dine3.00- 12 in\u010da, osiguravaju\u0107i glatku vo\u017enju \u010dak i po neravnim terenima.<\/p>\n<p>Otkrijte grad na nov i uzbudljiv na\u010din sa\u00a0<strong>Turbo Max elektri\u010dnim skuterom<\/strong>, koji kombinuje performanse, udobnost i prakti\u010dnost za savremenog urbanog putnika. Budite deo rastu\u0107e revolucije u vo\u017enji sa elektri\u010dnim motociklima i skuterima koji nude ekolo\u0161ki prihvatljive i efikasne alternative za svakodnevni prevoz.\u00a0<strong>Zapo\u010dnite svoju avanturu bez granica sa Turbo Max<\/strong>\u00a0\u2013 izaberite pametnije, \u010distije i br\u017ee putovanje kroz grad.<\/p>\n<div class=\"fusion-layout-column fusion_builder_column fusion-builder-column-9 fusion_builder_column_1_1 1_1 fusion-flex-column\" data-scroll-devices=\"small-visibility,medium-visibility,large-visibility\">\n<div class=\"fusion-column-wrapper fusion-column-has-shadow fusion-flex-justify-content-flex-start fusion-content-layout-column\">\n<div class=\"fusion-builder-row fusion-builder-row-inner fusion-row fusion-flex-align-items-flex-start fusion-flex-content-wrap\">\n<div class=\"fusion-layout-column fusion_builder_column_inner fusion-builder-nested-column-6 fusion_builder_column_inner_1_2 1_2 fusion-flex-column\" data-scroll-devices=\"small-visibility,medium-visibility,large-visibility\">\n<div class=\"fusion-column-wrapper fusion-column-has-shadow fusion-flex-justify-content-flex-start fusion-content-layout-column\">\n<div class=\"fusion-title title fusion-title-3 fusion-sep-none fusion-title-text fusion-title-size-six\">\n<h6 class=\"fusion-title-heading title-heading-left fusion-responsive-typography-calculated\"><\/h6>\n<\/div>\n<\/div>\n<\/div>\n<\/div>\n<\/div>\n<\/div>\n","protected":false},"featured_media":10707,"comment_status":"open","ping_status":"closed","template":"","meta":{"inline_featured_image":false},"product_brand":[],"product_cat":[333,355,354],"product_tag":[],"class_list":{"0":"post-10706","1":"product","2":"type-product","3":"status-publish","4":"has-post-thumbnail","6":"product_cat-bicikle","7":"product_cat-elektricni-bicikli","8":"product_cat-skuter","10":"first","11":"instock","12":"sale","13":"shipping-taxable","14":"purchasable","15":"product-type-simple"},"_links":{"self":[{"href":"https:\/\/tehnikabacko.rs\/index.php\/wp-json\/wp\/v2\/product\/10706","targetHints":{"allow":["GET"]}}],"collection":[{"href":"https:\/\/tehnikabacko.rs\/index.php\/wp-json\/wp\/v2\/product"}],"about":[{"href":"https:\/\/tehnikabacko.rs\/index.php\/wp-json\/wp\/v2\/types\/product"}],"replies":[{"embeddable":true,"href":"https:\/\/tehnikabacko.rs\/index.php\/wp-json\/wp\/v2\/comments?post=10706"}],"wp:featuredmedia":[{"embeddable":true,"href":"https:\/\/tehnikabacko.rs\/index.php\/wp-json\/wp\/v2\/media\/10707"}],"wp:attachment":[{"href":"https:\/\/tehnikabacko.rs\/index.php\/wp-json\/wp\/v2\/media?parent=10706"}],"wp:term":[{"taxonomy":"product_brand","embeddable":true,"href":"https:\/\/tehnikabacko.rs\/index.php\/wp-json\/wp\/v2\/product_brand?post=10706"},{"taxonomy":"product_cat","embeddable":true,"href":"https:\/\/tehnikabacko.rs\/index.php\/wp-json\/wp\/v2\/product_cat?post=10706"},{"taxonomy":"product_tag","embeddable":true,"href":"https:\/\/tehnikabacko.rs\/index.php\/wp-json\/wp\/v2\/product_tag?post=10706"}],"curies":[{"name":"wp","href":"https:\/\/api.w.org\/{rel}","templated":true}]}}