{"id":10678,"date":"2024-08-23T08:39:30","date_gmt":"2024-08-23T08:39:30","guid":{"rendered":"https:\/\/tehnikabacko.rs\/?post_type=product&#038;p=10678"},"modified":"2025-06-01T23:57:25","modified_gmt":"2025-06-01T23:57:25","slug":"einhell-tc-sy-400-p-elektricni-pistolj-za-farbanje-400w","status":"publish","type":"product","link":"https:\/\/tehnikabacko.rs\/index.php\/product\/einhell-tc-sy-400-p-elektricni-pistolj-za-farbanje-400w\/","title":{"rendered":"Einhell TC-SY 400 P elektricni pistolj za farbanje 400W"},"content":{"rendered":"<div><b>TC-SY 400 P\u00a0<\/b>Einhell\u00a0<b>osobine i prednosti:<\/b><\/div>\n<ul>\n<li>Ru\u010dni sistem za raspr\u0161ivanje boje na male i srednje povr\u0161ine koji je adaptiran i za lakove i glazure.<\/li>\n<li>Regulacija protoka boje u sklopu sa pode\u0161avaju\u0107om diznom za vertikalno, horizontalno ili kru\u017eno raspr\u0161ivanje omogu\u0107ava ta\u010dnu i fleksibilnu adaptaciju za svaku primenu.<\/li>\n<li>Skidaju\u0107a glava sa mlaznicama za lako \u010di\u0161\u0107enje svih elemenata koji dolaze u kontakt sa bojom, svodi sve na nivo de\u010dije igre.<\/li>\n<\/ul>\n<div><\/div>\n<div><b>Karakteristike:<\/b><\/div>\n<ul>\n<li>Einhell TC-SY 400 P elektri\u010dni pi\u0161tolj za farbanje<\/li>\n<li>Napon 220-240 V | 50 Hz<\/li>\n<li>Snaga 400 W<\/li>\n<li>Protok 500 mL\/min<\/li>\n<li>Kapacitet usisne posude 800 mL<\/li>\n<li>Masa proizvoda 1.57 kg<\/li>\n<li>Skidaju\u0107a glava sa mlaznicama za lako \u010di\u0161\u0107enje<\/li>\n<li>Regulacija protoka boje za idealan nanos kod svih primena<\/li>\n<\/ul>\n<div><b>\u00a0<\/b><\/div>\n<div><b>Obim isporuke:<\/b><\/div>\n<ul>\n<li>Einhell TC-SY 400 P<\/li>\n<li>Uklju\u010dene 2 mlaznice za razli\u010dite viskoznosti laka \/ glazure<\/li>\n<li>Uklju\u010dena \u010detka za \u010di\u0161c\u0301enje upijajuc\u0301eg materijala<\/li>\n<li>Uklju\u010dena igla za \u010di\u0161c\u0301enje za \u010di\u0161c\u0301enje mlaznice za prskanje<\/li>\n<li>Uklj. kontejner za ispitivanje viskoznosti<\/li>\n<li>Uklju\u010d. poklopac za posudu za boju<img decoding=\"async\" src=\"https:\/\/d2c5rvsfjg2eub.cloudfront.net\/image\/208244749100\/image_36n5c09op50urabai7urahs842\/-FJPG-FWEBP-B800\" alt=\"einhell-classic-paint-sprayer-4260005-productimage-001\" \/><\/li>\n<\/ul>\n","protected":false},"excerpt":{"rendered":"<p>TC-SY 400 P\u00a0Einhell\u00a0osobine i prednosti: Ru\u010dni sistem za raspr\u0161ivanje boje na male i srednje povr\u0161ine koji je adaptiran i za lakove i glazure. Regulacija protoka boje u sklopu sa pode\u0161avaju\u0107om diznom za vertikalno, horizontalno ili kru\u017eno raspr\u0161ivanje omogu\u0107ava ta\u010dnu i fleksibilnu adaptaciju za svaku primenu. Skidaju\u0107a glava sa mlaznicama za lako \u010di\u0161\u0107enje svih elemenata koji [&hellip;]<\/p>\n","protected":false},"featured_media":10679,"comment_status":"open","ping_status":"closed","template":"","meta":{"inline_featured_image":false},"product_brand":[],"product_cat":[357,356],"product_tag":[],"class_list":{"0":"post-10678","1":"product","2":"type-product","3":"status-publish","4":"has-post-thumbnail","6":"product_cat-elektricni-alat","7":"product_cat-pistolj-za-farbanje","9":"first","10":"instock","11":"shipping-taxable","12":"purchasable","13":"product-type-simple"},"_links":{"self":[{"href":"https:\/\/tehnikabacko.rs\/index.php\/wp-json\/wp\/v2\/product\/10678","targetHints":{"allow":["GET"]}}],"collection":[{"href":"https:\/\/tehnikabacko.rs\/index.php\/wp-json\/wp\/v2\/product"}],"about":[{"href":"https:\/\/tehnikabacko.rs\/index.php\/wp-json\/wp\/v2\/types\/product"}],"replies":[{"embeddable":true,"href":"https:\/\/tehnikabacko.rs\/index.php\/wp-json\/wp\/v2\/comments?post=10678"}],"wp:featuredmedia":[{"embeddable":true,"href":"https:\/\/tehnikabacko.rs\/index.php\/wp-json\/wp\/v2\/media\/10679"}],"wp:attachment":[{"href":"https:\/\/tehnikabacko.rs\/index.php\/wp-json\/wp\/v2\/media?parent=10678"}],"wp:term":[{"taxonomy":"product_brand","embeddable":true,"href":"https:\/\/tehnikabacko.rs\/index.php\/wp-json\/wp\/v2\/product_brand?post=10678"},{"taxonomy":"product_cat","embeddable":true,"href":"https:\/\/tehnikabacko.rs\/index.php\/wp-json\/wp\/v2\/product_cat?post=10678"},{"taxonomy":"product_tag","embeddable":true,"href":"https:\/\/tehnikabacko.rs\/index.php\/wp-json\/wp\/v2\/product_tag?post=10678"}],"curies":[{"name":"wp","href":"https:\/\/api.w.org\/{rel}","templated":true}]}}