{"id":10676,"date":"2024-08-23T08:29:10","date_gmt":"2024-08-23T08:29:10","guid":{"rendered":"https:\/\/tehnikabacko.rs\/?post_type=product&#038;p=10676"},"modified":"2024-08-23T08:29:10","modified_gmt":"2024-08-23T08:29:10","slug":"elektricni-pistolj-za-farbanje-tc-sy-600-s","status":"publish","type":"product","link":"https:\/\/tehnikabacko.rs\/index.php\/product\/elektricni-pistolj-za-farbanje-tc-sy-600-s\/","title":{"rendered":"Elektricni pistolj za farbanje TC-SY 600 S"},"content":{"rendered":"<p>Elektri\u010dni pi\u0161tolj za raspr\u0161ivanje boje TC-SY 600 S je polu-stacionarni sistem za srednje do velike radne povr\u0161ine i prilago\u0111en je za lakove, glazure i unutra\u0161nje zidne boje. Regulacija protoka boje kao i podesiv otvor za vertikalnie, horizontalnie i okrugle mlaznice omoguc\u0301avaju precizno i fleksibilno prilago\u0111avanje svakoj primeni. Uklonjiva glava za prskanje \u010dini da promena boje, kao i \u010di\u0161c\u0301enje svih elemenata koji dolaze u kontakt sa bojom bude de\u010dja igra. Kai\u0161 na rame i crevo za vazduh od 1,8 metara obezbe\u0111uju veliku pokretljivost. U isporuku su uklju\u010dene dve mlaznice za razli\u010dite viskoznosti, \u010detka i igla za \u010di\u0161\u0107enje, posuda za boju od 800 ml sa poklopcem i rezervoar za ispitivanje viskoziteta.<\/p>\n<p>Podesiva vazdu\u0161na kapa za vertikalni, horizontalni i okrugli mlaz<br \/>\nUklj. kontejner za ispitivanje viskoznosti<br \/>\nOdvojiva glava za prskanje za \u010di\u0161c\u0301enje svih va\u017enijih delova<br \/>\nSigurno i udobno rukovanje zahvaljujuc\u0301i mekom dr\u017eanju<br \/>\nUklju\u010d. poklopac za posudu za boju<br \/>\nOlak\u0161ano rukovanje zahvaljujuc\u0301i nepovratnom crevu za vazduh<br \/>\nPrilago\u0111eno za prskanje lakova, glazura i unutra\u0161njih zidnih boja<br \/>\nPolustacionarni sistem za srednje i velike radne prostore<br \/>\nUklju\u010dena \u010detka za \u010di\u0161c\u0301enje usisa<br \/>\nUklju\u010dena igla za \u010di\u0161c\u0301enje za \u010di\u0161c\u0301enje mlaznice za prskanje<br \/>\nUklj. Posuda od 800 ml sa mernom skalom<br \/>\nVisoka pokretljivost pomo\u0107u trake za rame i 1,8 m duga\u010dkim crevom za vazduh<br \/>\nUklju\u010dene 2 mlaznice za razli\u010dite viskoznosti laka \/ glazure \/ boje<\/p>\n<p><img decoding=\"async\" src=\"https:\/\/mystore.rs\/wp-content\/uploads\/2021\/07\/TC-SY_600_S_01.jpg\" \/><\/p>\n","protected":false},"excerpt":{"rendered":"<p>Elektri\u010dni pi\u0161tolj za raspr\u0161ivanje boje TC-SY 600 S je polu-stacionarni sistem za srednje do velike radne povr\u0161ine i prilago\u0111en je za lakove, glazure i unutra\u0161nje zidne boje. Regulacija protoka boje kao i podesiv otvor za vertikalnie, horizontalnie i okrugle mlaznice omoguc\u0301avaju precizno i fleksibilno prilago\u0111avanje svakoj primeni. Uklonjiva glava za prskanje \u010dini da promena boje, [&hellip;]<\/p>\n","protected":false},"featured_media":10677,"comment_status":"open","ping_status":"closed","template":"","meta":{"inline_featured_image":false},"product_brand":[],"product_cat":[357,356],"product_tag":[],"class_list":{"0":"post-10676","1":"product","2":"type-product","3":"status-publish","4":"has-post-thumbnail","6":"product_cat-elektricni-alat","7":"product_cat-pistolj-za-farbanje","9":"first","10":"instock","11":"shipping-taxable","12":"purchasable","13":"product-type-simple"},"_links":{"self":[{"href":"https:\/\/tehnikabacko.rs\/index.php\/wp-json\/wp\/v2\/product\/10676","targetHints":{"allow":["GET"]}}],"collection":[{"href":"https:\/\/tehnikabacko.rs\/index.php\/wp-json\/wp\/v2\/product"}],"about":[{"href":"https:\/\/tehnikabacko.rs\/index.php\/wp-json\/wp\/v2\/types\/product"}],"replies":[{"embeddable":true,"href":"https:\/\/tehnikabacko.rs\/index.php\/wp-json\/wp\/v2\/comments?post=10676"}],"wp:featuredmedia":[{"embeddable":true,"href":"https:\/\/tehnikabacko.rs\/index.php\/wp-json\/wp\/v2\/media\/10677"}],"wp:attachment":[{"href":"https:\/\/tehnikabacko.rs\/index.php\/wp-json\/wp\/v2\/media?parent=10676"}],"wp:term":[{"taxonomy":"product_brand","embeddable":true,"href":"https:\/\/tehnikabacko.rs\/index.php\/wp-json\/wp\/v2\/product_brand?post=10676"},{"taxonomy":"product_cat","embeddable":true,"href":"https:\/\/tehnikabacko.rs\/index.php\/wp-json\/wp\/v2\/product_cat?post=10676"},{"taxonomy":"product_tag","embeddable":true,"href":"https:\/\/tehnikabacko.rs\/index.php\/wp-json\/wp\/v2\/product_tag?post=10676"}],"curies":[{"name":"wp","href":"https:\/\/api.w.org\/{rel}","templated":true}]}}