{"id":10663,"date":"2024-08-19T16:34:04","date_gmt":"2024-08-19T16:34:04","guid":{"rendered":"https:\/\/tehnikabacko.rs\/?post_type=product&#038;p=10663"},"modified":"2025-11-05T12:36:41","modified_gmt":"2025-11-05T12:36:41","slug":"maximus-eagle-dakar-crveni","status":"publish","type":"product","link":"https:\/\/tehnikabacko.rs\/index.php\/product\/maximus-eagle-dakar-crveni\/","title":{"rendered":"MAXIMUS EAGLE DAKAR &#8211; CRVENI"},"content":{"rendered":"<p>Upoznajte\u00a0<strong>MAXIMUS EAGLE<\/strong>,\u00a0<strong>elektri\u010dni skuter<\/strong>\u00a0koji predstavlja vrhunac stila, performansi i prakti\u010dnosti za va\u0161e putovanje gradskim pejza\u017eem. Svojim elegantnim dizajnom i naprednim karakteristikama, MAXIMUS EAGLE obe\u0107ava vo\u017enju koju \u0107ete pamtiti.<\/p>\n<p>Kompaktan, a ipak prostran sa\u00a0<strong>dimenzijama 180cm x 75cm x 110cm<\/strong>,\u00a0<strong>MAXIMUS EAGLE donosi udobnost i stabilnost u svaku vo\u017enju<\/strong>. Zahvaljuju\u0107i osnovi to\u010dka od 120cm i gumama dimenzije 3.00-10, ovaj elektri\u010dni motocikl obezbe\u0111uje neometanu vo\u017enju \u010dak i na izazovnim povr\u0161inama, dok LED farovi garantuju izuzetnu vidljivost i sigurnost po no\u0107i.<\/p>\n<p>Dosegav\u0161i maksimalnu brzinu\u00a0<strong>od 25km\/h<\/strong>\u00a0zahvaljuju\u0107i bez\u010detkastom motoru\u00a0<strong>od 250W<\/strong>, MAXIMUS EAGLE pru\u017ea brzu i efikasnu mobilnost bez emisije \u0161tetnih gasova. Integrirana digitalna instrument tabla u boji vam omogu\u0107ava lako pra\u0107enje brzine, kilometra\u017ee i stanja baterije, dr\u017ee\u0107i sve va\u017ene informacije na dohvat ruke.<\/p>\n<p>Opremljen sa\u00a0<strong>Grafenskom baterijom od 48V 40Ah<\/strong>, ovaj elektri\u010dni skuter vam nudi\u00a0<strong>domet do 70-80km<\/strong>\u00a0sa jednim punjenjem, postavljaju\u0107i ga kao idealan izbor za svakodnevno kretanje gradom. Kombinacija\u00a0<strong>prednje disk ko\u010dnice (velike) i zadnje disk ko\u010dnice<\/strong>\u00a0osigurava superiorno i pouzdano ko\u010denje, dodatno pove\u0107avaju\u0107i\u00a0<strong>sigurnost i kontrolu vo\u017enje<\/strong>.<\/p>\n<p>MAXIMUS EAGLE nije samo\u00a0<strong>elektri\u010dni skuter<\/strong>\u00a0\u2013 on je zastava moderne, ekolo\u0161ke mobilnosti, nude\u0107i odr\u017eiv i efikasan na\u010din za istra\u017eivanje gradskih sredina.\u00a0<strong>Dostupan u razli\u010ditim bojama<\/strong>\u00a0\u2013\u00a0<strong>crnoj, beloj, crvenoj, i sivoj<\/strong>, MAXIMUS EAGLE vas poziva da zapo\u010dnete putovanje ka odgovornijem i stilskom na\u010dinu putovanja. Izaberite MAXIMUS EAGLE danas i budite deo revolucije u elektri\u010dnoj mobilnosti, u\u017eivaju\u0107i u svakom trenutku provedenom na putu.<\/p>\n<p><img decoding=\"async\" src=\"https:\/\/c.cdnmp.net\/723480909\/p\/l\/8\/csm-maximus-eagle-dakar-crveni~31088.jpg\" \/><\/p>\n","protected":false},"excerpt":{"rendered":"<p>Model: CSM MAXIMUS EAGLE DAKAR sivi<br \/>\nDimenzije: 180 cm x 75 cm x 115 cm<br \/>\nOsnova to\u010dka: 120 cm<br \/>\nTip gume: 3.00-10<br \/>\nFarovi: LED<br \/>\nMaksimalna brzina: \u2264 25 km\/h<br \/>\nMotor: Bez \u010detkica<br \/>\nSnaga motora: 250 W<br \/>\nTip baterije:\u00a048V40AH<br \/>\nInstrument tabla: Digitalna u boji<br \/>\nMaksimalni domet: 70-80 km (Laboratorijski podaci,<br \/>\nstvarna kilometra\u017ea je odre\u0111ena vremenom, temperaturom,<br \/>\notporom vetra, uslovima na putu, navikama u vo\u017enji itd.)<br \/>\nPrednja ko\u010dnica: Disk (Velika)<br \/>\nZadnja ko\u010dnica: Disk<\/p>\n","protected":false},"featured_media":10664,"comment_status":"open","ping_status":"closed","template":"","meta":{"inline_featured_image":false},"product_brand":[],"product_cat":[333,355,354],"product_tag":[],"class_list":{"0":"post-10663","1":"product","2":"type-product","3":"status-publish","4":"has-post-thumbnail","6":"product_cat-bicikle","7":"product_cat-elektricni-bicikli","8":"product_cat-skuter","10":"first","11":"instock","12":"sale","13":"shipping-taxable","14":"purchasable","15":"product-type-simple"},"_links":{"self":[{"href":"https:\/\/tehnikabacko.rs\/index.php\/wp-json\/wp\/v2\/product\/10663","targetHints":{"allow":["GET"]}}],"collection":[{"href":"https:\/\/tehnikabacko.rs\/index.php\/wp-json\/wp\/v2\/product"}],"about":[{"href":"https:\/\/tehnikabacko.rs\/index.php\/wp-json\/wp\/v2\/types\/product"}],"replies":[{"embeddable":true,"href":"https:\/\/tehnikabacko.rs\/index.php\/wp-json\/wp\/v2\/comments?post=10663"}],"wp:featuredmedia":[{"embeddable":true,"href":"https:\/\/tehnikabacko.rs\/index.php\/wp-json\/wp\/v2\/media\/10664"}],"wp:attachment":[{"href":"https:\/\/tehnikabacko.rs\/index.php\/wp-json\/wp\/v2\/media?parent=10663"}],"wp:term":[{"taxonomy":"product_brand","embeddable":true,"href":"https:\/\/tehnikabacko.rs\/index.php\/wp-json\/wp\/v2\/product_brand?post=10663"},{"taxonomy":"product_cat","embeddable":true,"href":"https:\/\/tehnikabacko.rs\/index.php\/wp-json\/wp\/v2\/product_cat?post=10663"},{"taxonomy":"product_tag","embeddable":true,"href":"https:\/\/tehnikabacko.rs\/index.php\/wp-json\/wp\/v2\/product_tag?post=10663"}],"curies":[{"name":"wp","href":"https:\/\/api.w.org\/{rel}","templated":true}]}}