{"id":10656,"date":"2024-08-16T14:38:58","date_gmt":"2024-08-16T14:38:58","guid":{"rendered":"https:\/\/tehnikabacko.rs\/?post_type=product&#038;p=10656"},"modified":"2024-08-16T15:34:19","modified_gmt":"2024-08-16T15:34:19","slug":"elektricni-bicikl-orange","status":"publish","type":"product","link":"https:\/\/tehnikabacko.rs\/index.php\/product\/elektricni-bicikl-orange\/","title":{"rendered":"ELEKTRICNI BICIKL ORANGE"},"content":{"rendered":"<table width=\"100%\">\n<tbody>\n<tr>\n<td align=\"left\">Dimenzije:<\/td>\n<td align=\"left\">140*66*100cm<\/td>\n<\/tr>\n<tr>\n<td align=\"left\">Osnova To\u010dka:<\/td>\n<td align=\"left\">Nepoznato.<\/td>\n<\/tr>\n<tr>\n<td align=\"left\">Tip gume:<\/td>\n<td align=\"left\">Tubless 14\u00d72,5 in\u010da<\/td>\n<\/tr>\n<tr>\n<td align=\"left\">Farovi:<\/td>\n<td align=\"left\">LED<\/td>\n<\/tr>\n<tr>\n<td align=\"left\">Maksimalna brzina:<\/td>\n<td align=\"left\">\u2264 25km\/h<\/td>\n<\/tr>\n<tr>\n<td align=\"left\">Motor:<\/td>\n<td align=\"left\">bez \u010detkica<\/td>\n<\/tr>\n<tr>\n<td align=\"left\">Snaga motora:<\/td>\n<td align=\"left\">250W<\/td>\n<\/tr>\n<tr>\n<td align=\"left\">Tip baterie:<\/td>\n<td align=\"left\">48v15ah Grafenska baterija<\/td>\n<\/tr>\n<tr>\n<td align=\"left\">Instrument tabla:<\/td>\n<td align=\"left\">digitalna u boji sa pametnom bravom<\/td>\n<\/tr>\n<tr>\n<td align=\"left\">Maksimalni domet:<\/td>\n<td align=\"left\">30km\uff08Laboratorijski podaci, stvarna kilometra\u017ea je odre\u0111ena vremenom, temperaturom, otporom vetra, uslovima na putu, navikama u vo\u017enji itd.\uff09<\/td>\n<\/tr>\n<tr>\n<td align=\"left\">Prednja ko\u010dnica:<\/td>\n<td align=\"left\">dobo\u0161 ko\u010dnica<\/td>\n<\/tr>\n<tr>\n<td align=\"left\">Zadnja ko\u010dnica:<\/td>\n<td align=\"left\">dobo\u0161 ko\u010dnica<\/td>\n<\/tr>\n<\/tbody>\n<\/table>\n<p><img decoding=\"async\" src=\"https:\/\/c.cdnmp.net\/723480909\/p\/l\/7\/csm-mango-narandzasta~30267.jpg\" \/><\/p>\n","protected":false},"excerpt":{"rendered":"<p>Dimenzije: 140*66*100cm Osnova To\u010dka: Nepoznato. Tip gume: Tubless 14\u00d72,5 in\u010da Farovi: LED Maksimalna brzina: \u2264 25km\/h Motor: bez \u010detkica Snaga motora: 250W Tip baterie: 48v15ah Grafenska baterija Instrument tabla: digitalna u boji sa pametnom bravom Maksimalni domet: 30km\uff08Laboratorijski podaci, stvarna kilometra\u017ea je odre\u0111ena vremenom, temperaturom, otporom vetra, uslovima na putu, navikama u vo\u017enji itd.\uff09 Prednja [&hellip;]<\/p>\n","protected":false},"featured_media":10657,"comment_status":"open","ping_status":"closed","template":"","meta":{"inline_featured_image":false},"product_brand":[],"product_cat":[333,355],"product_tag":[],"class_list":{"0":"post-10656","1":"product","2":"type-product","3":"status-publish","4":"has-post-thumbnail","6":"product_cat-bicikle","7":"product_cat-elektricni-bicikli","9":"first","10":"instock","11":"shipping-taxable","12":"purchasable","13":"product-type-simple"},"_links":{"self":[{"href":"https:\/\/tehnikabacko.rs\/index.php\/wp-json\/wp\/v2\/product\/10656","targetHints":{"allow":["GET"]}}],"collection":[{"href":"https:\/\/tehnikabacko.rs\/index.php\/wp-json\/wp\/v2\/product"}],"about":[{"href":"https:\/\/tehnikabacko.rs\/index.php\/wp-json\/wp\/v2\/types\/product"}],"replies":[{"embeddable":true,"href":"https:\/\/tehnikabacko.rs\/index.php\/wp-json\/wp\/v2\/comments?post=10656"}],"wp:featuredmedia":[{"embeddable":true,"href":"https:\/\/tehnikabacko.rs\/index.php\/wp-json\/wp\/v2\/media\/10657"}],"wp:attachment":[{"href":"https:\/\/tehnikabacko.rs\/index.php\/wp-json\/wp\/v2\/media?parent=10656"}],"wp:term":[{"taxonomy":"product_brand","embeddable":true,"href":"https:\/\/tehnikabacko.rs\/index.php\/wp-json\/wp\/v2\/product_brand?post=10656"},{"taxonomy":"product_cat","embeddable":true,"href":"https:\/\/tehnikabacko.rs\/index.php\/wp-json\/wp\/v2\/product_cat?post=10656"},{"taxonomy":"product_tag","embeddable":true,"href":"https:\/\/tehnikabacko.rs\/index.php\/wp-json\/wp\/v2\/product_tag?post=10656"}],"curies":[{"name":"wp","href":"https:\/\/api.w.org\/{rel}","templated":true}]}}