{"id":10652,"date":"2024-08-16T13:55:29","date_gmt":"2024-08-16T13:55:29","guid":{"rendered":"https:\/\/tehnikabacko.rs\/?post_type=product&#038;p=10652"},"modified":"2025-06-01T08:13:17","modified_gmt":"2025-06-01T08:13:17","slug":"elektricni-bicikl-skakavac","status":"publish","type":"product","link":"https:\/\/tehnikabacko.rs\/index.php\/product\/elektricni-bicikl-skakavac\/","title":{"rendered":"ELEKTRICNI BICIKL-SKAKAVAC"},"content":{"rendered":"<table style=\"height: 795px\" width=\"880\">\n<tbody>\n<tr>\n<td align=\"left\">Dimenzije:<\/td>\n<td align=\"left\">155cm*75cm*108cm<\/td>\n<\/tr>\n<tr>\n<td align=\"left\">Osnova To\u010dka:<\/td>\n<td align=\"left\">115cm<\/td>\n<\/tr>\n<tr>\n<td align=\"left\">Tip gume:<\/td>\n<td align=\"left\">3.00-10<\/td>\n<\/tr>\n<tr>\n<td align=\"left\">Farovi:<\/td>\n<td align=\"left\">LED<\/td>\n<\/tr>\n<tr>\n<td align=\"left\">Maksimalna brzina:<\/td>\n<td align=\"left\">25 km\/h<\/td>\n<\/tr>\n<tr>\n<td align=\"left\">Motor:<\/td>\n<td align=\"left\">Bez \u010detkica<\/td>\n<\/tr>\n<tr>\n<td align=\"left\">Snaga motora:<\/td>\n<td align=\"left\">250W<\/td>\n<\/tr>\n<tr>\n<td align=\"left\">Tip baterie:<\/td>\n<td align=\"left\">Olovno-kiselinski 48v20ah<\/td>\n<\/tr>\n<tr>\n<td align=\"left\">Instrument tabla:<\/td>\n<td align=\"left\">Digitalna u boji<\/td>\n<\/tr>\n<tr>\n<td align=\"left\">Maksimalni domet:<\/td>\n<td align=\"left\">50 km\uff08Laboratorijski podaci, stvarna kilometra\u017ea je odre\u0111ena vremenom, temperaturom, otporom vetra, uslovima na putu, navikama u vo\u017enji itd.\uff09<\/td>\n<\/tr>\n<tr>\n<td align=\"left\">Prednja ko\u010dnica:<\/td>\n<td align=\"left\">Disk (Velika)<\/td>\n<\/tr>\n<tr>\n<td align=\"left\">Zadnja ko\u010dnica:<\/td>\n<td align=\"left\">Disk<\/td>\n<\/tr>\n<tr class=\"dodatnaKarakteristika\">\n<td align=\"left\">Brava:<\/td>\n<td align=\"left\">Metalni klju\u010d i daljinski klju\u010d<\/td>\n<\/tr>\n<tr class=\"dodatnaKarakteristika\">\n<td align=\"left\">Bo\u010dno svetlo:<\/td>\n<td align=\"left\">Na obe strane<\/td>\n<\/tr>\n<\/tbody>\n<\/table>\n<p><img decoding=\"async\" src=\"https:\/\/csm2017.rs\/wp-content\/uploads\/2024\/06\/Skakavac-zeleni-1.png\" alt=\"SKAKAVAC \u00bb CSM 2017 DOO \u26a1\ufe0f\" \/><img decoding=\"async\" src=\"https:\/\/c.cdnmp.net\/723480909\/p\/l\/4\/csm-skakavac-roza~30784.jpg\" \/><img decoding=\"async\" src=\"https:\/\/c.cdnmp.net\/723480909\/p\/l\/5\/csm-skakavac-zlatna~30775.jpg\" \/><\/p>\n","protected":false},"excerpt":{"rendered":"<p>Dostupan u zelenoj, roza i zlatnoj boji<\/p>\n","protected":false},"featured_media":10653,"comment_status":"open","ping_status":"closed","template":"","meta":{"inline_featured_image":false},"product_brand":[],"product_cat":[333,355],"product_tag":[],"class_list":{"0":"post-10652","1":"product","2":"type-product","3":"status-publish","4":"has-post-thumbnail","6":"product_cat-bicikle","7":"product_cat-elektricni-bicikli","9":"first","10":"instock","11":"shipping-taxable","12":"purchasable","13":"product-type-simple"},"_links":{"self":[{"href":"https:\/\/tehnikabacko.rs\/index.php\/wp-json\/wp\/v2\/product\/10652","targetHints":{"allow":["GET"]}}],"collection":[{"href":"https:\/\/tehnikabacko.rs\/index.php\/wp-json\/wp\/v2\/product"}],"about":[{"href":"https:\/\/tehnikabacko.rs\/index.php\/wp-json\/wp\/v2\/types\/product"}],"replies":[{"embeddable":true,"href":"https:\/\/tehnikabacko.rs\/index.php\/wp-json\/wp\/v2\/comments?post=10652"}],"wp:featuredmedia":[{"embeddable":true,"href":"https:\/\/tehnikabacko.rs\/index.php\/wp-json\/wp\/v2\/media\/10653"}],"wp:attachment":[{"href":"https:\/\/tehnikabacko.rs\/index.php\/wp-json\/wp\/v2\/media?parent=10652"}],"wp:term":[{"taxonomy":"product_brand","embeddable":true,"href":"https:\/\/tehnikabacko.rs\/index.php\/wp-json\/wp\/v2\/product_brand?post=10652"},{"taxonomy":"product_cat","embeddable":true,"href":"https:\/\/tehnikabacko.rs\/index.php\/wp-json\/wp\/v2\/product_cat?post=10652"},{"taxonomy":"product_tag","embeddable":true,"href":"https:\/\/tehnikabacko.rs\/index.php\/wp-json\/wp\/v2\/product_tag?post=10652"}],"curies":[{"name":"wp","href":"https:\/\/api.w.org\/{rel}","templated":true}]}}