{"id":10642,"date":"2024-08-13T14:01:12","date_gmt":"2024-08-13T14:01:12","guid":{"rendered":"https:\/\/tehnikabacko.rs\/?post_type=product&#038;p=10642"},"modified":"2025-06-01T12:56:35","modified_gmt":"2025-06-01T12:56:35","slug":"usisivac-vox-typhoon-3000","status":"publish","type":"product","link":"https:\/\/tehnikabacko.rs\/index.php\/product\/usisivac-vox-typhoon-3000\/","title":{"rendered":"USISIVAC VOX TYPHOON 3000"},"content":{"rendered":"<ul>\n<li>Vrhunska snaga motora od 2800 W<\/li>\n<li>Omogu\u0107eno suvo usisavanje pomo\u0107u papirne kese, kao i vodeni filter za mokro usisavanje<\/li>\n<li>Poseduje izuzetno kvalitetan petostepeni sistem filtriranja<\/li>\n<li>\u00a0Kapacitet torbe\/kante: 13 L<\/li>\n<li>Materijal cevi: plastika<\/li>\n<li>Radni radijus: 12 m<\/li>\n<li>Oprema: filter za vodu, univerzalna velika \u010detka + dva nastavka za name\u0161taj i uglove prostorija<\/li>\n<li>Veoma je prakti\u010dan, izdr\u017eljiv i lako se odr\u017eava<img decoding=\"async\" src=\"https:\/\/www.voxelectronics.com\/files\/t\/images\/slike_proizvoda\/t_1200_1200\/TAJFUN3000-CRVEN_d1cabc0976ee09b00c151c37e84b866e.png\" alt=\"Usisivac TYPHOON 3000 CRVENI \" \/><\/li>\n<\/ul>\n","protected":false},"excerpt":{"rendered":"<p>Vrhunska snaga motora od 2800 W Omogu\u0107eno suvo usisavanje pomo\u0107u papirne kese, kao i vodeni filter za mokro usisavanje Poseduje izuzetno kvalitetan petostepeni sistem filtriranja \u00a0Kapacitet torbe\/kante: 13 L Materijal cevi: plastika Radni radijus: 12 m Oprema: filter za vodu, univerzalna velika \u010detka + dva nastavka za name\u0161taj i uglove prostorija Veoma je prakti\u010dan, izdr\u017eljiv [&hellip;]<\/p>\n","protected":false},"featured_media":10643,"comment_status":"open","ping_status":"closed","template":"","meta":{"inline_featured_image":false},"product_brand":[],"product_cat":[307],"product_tag":[],"class_list":{"0":"post-10642","1":"product","2":"type-product","3":"status-publish","4":"has-post-thumbnail","6":"product_cat-usisivaci","8":"first","9":"instock","10":"shipping-taxable","11":"purchasable","12":"product-type-simple"},"_links":{"self":[{"href":"https:\/\/tehnikabacko.rs\/index.php\/wp-json\/wp\/v2\/product\/10642","targetHints":{"allow":["GET"]}}],"collection":[{"href":"https:\/\/tehnikabacko.rs\/index.php\/wp-json\/wp\/v2\/product"}],"about":[{"href":"https:\/\/tehnikabacko.rs\/index.php\/wp-json\/wp\/v2\/types\/product"}],"replies":[{"embeddable":true,"href":"https:\/\/tehnikabacko.rs\/index.php\/wp-json\/wp\/v2\/comments?post=10642"}],"wp:featuredmedia":[{"embeddable":true,"href":"https:\/\/tehnikabacko.rs\/index.php\/wp-json\/wp\/v2\/media\/10643"}],"wp:attachment":[{"href":"https:\/\/tehnikabacko.rs\/index.php\/wp-json\/wp\/v2\/media?parent=10642"}],"wp:term":[{"taxonomy":"product_brand","embeddable":true,"href":"https:\/\/tehnikabacko.rs\/index.php\/wp-json\/wp\/v2\/product_brand?post=10642"},{"taxonomy":"product_cat","embeddable":true,"href":"https:\/\/tehnikabacko.rs\/index.php\/wp-json\/wp\/v2\/product_cat?post=10642"},{"taxonomy":"product_tag","embeddable":true,"href":"https:\/\/tehnikabacko.rs\/index.php\/wp-json\/wp\/v2\/product_tag?post=10642"}],"curies":[{"name":"wp","href":"https:\/\/api.w.org\/{rel}","templated":true}]}}