{"id":10640,"date":"2024-08-13T13:44:38","date_gmt":"2024-08-13T13:44:38","guid":{"rendered":"https:\/\/tehnikabacko.rs\/?post_type=product&#038;p=10640"},"modified":"2024-08-13T13:44:38","modified_gmt":"2024-08-13T13:44:38","slug":"usisivac-dynamix-aquafilter-2000","status":"publish","type":"product","link":"https:\/\/tehnikabacko.rs\/index.php\/product\/usisivac-dynamix-aquafilter-2000\/","title":{"rendered":"USISIVAC DYNAMIX AQUAFILTER 2000"},"content":{"rendered":"<p>Glavna prednost naprednog modela u odnosu na AquaFilter 1500 je mogu\u0107nost mokrog usisavanja.<\/p>\n<p>Poseduje rezervoar za te\u010dnost i sistem kontrolisanog kva\u0161enja podloge, pa je pored standardne upotrebe nezamenljiv u dubinskom \u010di\u0161\u0107enju tepiha, mebla, automobila itd.<\/p>\n<p>\u010cest je izbor profesionalaca.<\/p>\n<table style=\"height: 267px\" width=\"944\">\n<tbody>\n<tr>\n<td>Tip:<\/td>\n<td class=\"spec-td-content\">Vi\u0161enamenski<\/td>\n<\/tr>\n<tr>\n<td>Skladi\u0161tenje pra\u0161ine:<\/td>\n<td class=\"spec-td-content\">Vodena filtracija<\/td>\n<\/tr>\n<tr>\n<td>Materijal cevi:<\/td>\n<td class=\"spec-td-content\">Aluminijumska<\/td>\n<\/tr>\n<tr>\n<td>Radijus delovanja:<\/td>\n<td class=\"spec-td-content\">9 m<\/td>\n<\/tr>\n<tr>\n<td>Snaga motora:<\/td>\n<td class=\"spec-td-content\">1400 W<\/td>\n<\/tr>\n<\/tbody>\n<\/table>\n<p><img decoding=\"async\" src=\"https:\/\/www.tehnomedia.rs\/image\/78459.jpg?tip=webp&amp;tip_slike=0\" alt=\"DYNAMIX AQUAFILTER 2000\" \/><\/p>\n","protected":false},"excerpt":{"rendered":"<p>Glavna prednost naprednog modela u odnosu na AquaFilter 1500 je mogu\u0107nost mokrog usisavanja. Poseduje rezervoar za te\u010dnost i sistem kontrolisanog kva\u0161enja podloge, pa je pored standardne upotrebe nezamenljiv u dubinskom \u010di\u0161\u0107enju tepiha, mebla, automobila itd. \u010cest je izbor profesionalaca. Tip: Vi\u0161enamenski Skladi\u0161tenje pra\u0161ine: Vodena filtracija Materijal cevi: Aluminijumska Radijus delovanja: 9 m Snaga motora: 1400 [&hellip;]<\/p>\n","protected":false},"featured_media":10641,"comment_status":"open","ping_status":"closed","template":"","meta":{"inline_featured_image":false},"product_brand":[],"product_cat":[308],"product_tag":[],"class_list":{"0":"post-10640","1":"product","2":"type-product","3":"status-publish","4":"has-post-thumbnail","6":"product_cat-usisivaci-usisivaci","8":"first","9":"instock","10":"shipping-taxable","11":"purchasable","12":"product-type-simple"},"_links":{"self":[{"href":"https:\/\/tehnikabacko.rs\/index.php\/wp-json\/wp\/v2\/product\/10640","targetHints":{"allow":["GET"]}}],"collection":[{"href":"https:\/\/tehnikabacko.rs\/index.php\/wp-json\/wp\/v2\/product"}],"about":[{"href":"https:\/\/tehnikabacko.rs\/index.php\/wp-json\/wp\/v2\/types\/product"}],"replies":[{"embeddable":true,"href":"https:\/\/tehnikabacko.rs\/index.php\/wp-json\/wp\/v2\/comments?post=10640"}],"wp:featuredmedia":[{"embeddable":true,"href":"https:\/\/tehnikabacko.rs\/index.php\/wp-json\/wp\/v2\/media\/10641"}],"wp:attachment":[{"href":"https:\/\/tehnikabacko.rs\/index.php\/wp-json\/wp\/v2\/media?parent=10640"}],"wp:term":[{"taxonomy":"product_brand","embeddable":true,"href":"https:\/\/tehnikabacko.rs\/index.php\/wp-json\/wp\/v2\/product_brand?post=10640"},{"taxonomy":"product_cat","embeddable":true,"href":"https:\/\/tehnikabacko.rs\/index.php\/wp-json\/wp\/v2\/product_cat?post=10640"},{"taxonomy":"product_tag","embeddable":true,"href":"https:\/\/tehnikabacko.rs\/index.php\/wp-json\/wp\/v2\/product_tag?post=10640"}],"curies":[{"name":"wp","href":"https:\/\/api.w.org\/{rel}","templated":true}]}}