{"id":10636,"date":"2024-08-10T10:38:22","date_gmt":"2024-08-10T10:38:22","guid":{"rendered":"https:\/\/tehnikabacko.rs\/?post_type=product&#038;p=10636"},"modified":"2024-08-10T10:38:22","modified_gmt":"2024-08-10T10:38:22","slug":"baterijski-skuter-yadea-luna-60v-20ah","status":"publish","type":"product","link":"https:\/\/tehnikabacko.rs\/index.php\/product\/baterijski-skuter-yadea-luna-60v-20ah\/","title":{"rendered":"Baterijski skuter Yadea Luna 60V 20Ah"},"content":{"rendered":"<p>&#8211; Punja\u010d: 3 A<br \/>\n&#8211; Broj ciklusa punjenja baterije: 350<br \/>\n&#8211; Broj brzina: 2<br \/>\n&#8211; Suspenzija (napred\/nazad): hidrauli\u010dna<br \/>\n&#8211; Ko\u010dnice (napred\/nazad): disk\/dobo\u0161<br \/>\n&#8211; Pneumatici (napred\/nazad): 3-10 tubless<br \/>\n&#8211; Visina sedi\u0161ta: 78 cm<br \/>\n&#8211; Me\u0111uosovinsko rastojanje: 122 cm<br \/>\n&#8211; Klirens: 10 cm<br \/>\n&#8211; Oprema: brzinomer, daljinski upravlja\u010d, kofer, LED far, USB port, retrovizori, prtlja\u017enik ispod sedi\u0161ta, \u0161tender.<\/p>\n<p><img decoding=\"async\" src=\"https:\/\/b2b.agromarket.rs\/files\/watermark\/files\/images\/slike_proizvoda\/thumbs_w\/079994_w_800_800px.jpg\" alt=\"Baterijski skuter Yadea Luna 60V 20Ah - crni \" \/><\/p>\n<p><img decoding=\"async\" src=\"https:\/\/b2b.agromarket.rs\/files\/watermark\/files\/images\/slike_proizvoda\/thumbs_w\/079993_w_800_800px.jpg\" alt=\"Baterijski skuter Yadea Luna 60V 20Ah - plavi \" \/><\/p>\n","protected":false},"excerpt":{"rendered":"<p>Dostupno u bojama crnoj i plavoj<\/p>\n","protected":false},"featured_media":10637,"comment_status":"open","ping_status":"closed","template":"","meta":{"inline_featured_image":false},"product_brand":[],"product_cat":[333,354],"product_tag":[],"class_list":{"0":"post-10636","1":"product","2":"type-product","3":"status-publish","4":"has-post-thumbnail","6":"product_cat-bicikle","7":"product_cat-skuter","9":"first","10":"instock","11":"shipping-taxable","12":"purchasable","13":"product-type-simple"},"_links":{"self":[{"href":"https:\/\/tehnikabacko.rs\/index.php\/wp-json\/wp\/v2\/product\/10636","targetHints":{"allow":["GET"]}}],"collection":[{"href":"https:\/\/tehnikabacko.rs\/index.php\/wp-json\/wp\/v2\/product"}],"about":[{"href":"https:\/\/tehnikabacko.rs\/index.php\/wp-json\/wp\/v2\/types\/product"}],"replies":[{"embeddable":true,"href":"https:\/\/tehnikabacko.rs\/index.php\/wp-json\/wp\/v2\/comments?post=10636"}],"wp:featuredmedia":[{"embeddable":true,"href":"https:\/\/tehnikabacko.rs\/index.php\/wp-json\/wp\/v2\/media\/10637"}],"wp:attachment":[{"href":"https:\/\/tehnikabacko.rs\/index.php\/wp-json\/wp\/v2\/media?parent=10636"}],"wp:term":[{"taxonomy":"product_brand","embeddable":true,"href":"https:\/\/tehnikabacko.rs\/index.php\/wp-json\/wp\/v2\/product_brand?post=10636"},{"taxonomy":"product_cat","embeddable":true,"href":"https:\/\/tehnikabacko.rs\/index.php\/wp-json\/wp\/v2\/product_cat?post=10636"},{"taxonomy":"product_tag","embeddable":true,"href":"https:\/\/tehnikabacko.rs\/index.php\/wp-json\/wp\/v2\/product_tag?post=10636"}],"curies":[{"name":"wp","href":"https:\/\/api.w.org\/{rel}","templated":true}]}}