{"id":10634,"date":"2024-08-10T10:27:01","date_gmt":"2024-08-10T10:27:01","guid":{"rendered":"https:\/\/tehnikabacko.rs\/?post_type=product&#038;p=10634"},"modified":"2024-08-10T10:27:01","modified_gmt":"2024-08-10T10:27:01","slug":"baterijski-skuter-yadea-m6-72v-20ah","status":"publish","type":"product","link":"https:\/\/tehnikabacko.rs\/index.php\/product\/baterijski-skuter-yadea-m6-72v-20ah\/","title":{"rendered":"Baterijski skuter Yadea M6 72V 20Ah"},"content":{"rendered":"<p><span class=\"Y2IQFc\">Karakteristike:<br \/>\n\u2013 Suspenzija (napred\/nazad): hidrauli\u010dna<br \/>\n\u2013 Ko\u010dnice (napred\/nazad): disk\/dobo\u0161<br \/>\n\u2013 Pneumatici (napred\/nazad): 10\u00d73 tubeless<br \/>\n\u2013 Visina sed\u0161ta: 86.5 cm<br \/>\n\u2013 Me\u0111uosovinsko rastojanja: 129 cm<br \/>\n\u2013 Klirens: 11 cm<br \/>\n\u2013 Oprema: brzinomer, daljinski upravlja\u010d, prtlja\u017enik ispod sedi\u0161ta, LED far, USB port, retrovizori, \u0161tender, nogostopi, kuka, pretinac.<\/span><\/p>\n<p><img decoding=\"async\" src=\"https:\/\/b2b.agromarket.rs\/files\/watermark\/files\/images\/slike_proizvoda\/thumbs_w\/079992_w_800_800px.jpg\" alt=\"Baterijski skuter Yadea M6 72V 20Ah - crveni \" \/><\/p>\n<p><img decoding=\"async\" src=\"https:\/\/donic.rs\/wp-content\/uploads\/2023\/08\/yadea-m6.jpg\" \/><\/p>\n","protected":false},"excerpt":{"rendered":"<p>Dostupno u crvenoj i beloj boji<\/p>\n","protected":false},"featured_media":10635,"comment_status":"open","ping_status":"closed","template":"","meta":{"inline_featured_image":false},"product_brand":[],"product_cat":[333,354],"product_tag":[],"class_list":{"0":"post-10634","1":"product","2":"type-product","3":"status-publish","4":"has-post-thumbnail","6":"product_cat-bicikle","7":"product_cat-skuter","9":"first","10":"instock","11":"shipping-taxable","12":"purchasable","13":"product-type-simple"},"_links":{"self":[{"href":"https:\/\/tehnikabacko.rs\/index.php\/wp-json\/wp\/v2\/product\/10634","targetHints":{"allow":["GET"]}}],"collection":[{"href":"https:\/\/tehnikabacko.rs\/index.php\/wp-json\/wp\/v2\/product"}],"about":[{"href":"https:\/\/tehnikabacko.rs\/index.php\/wp-json\/wp\/v2\/types\/product"}],"replies":[{"embeddable":true,"href":"https:\/\/tehnikabacko.rs\/index.php\/wp-json\/wp\/v2\/comments?post=10634"}],"wp:featuredmedia":[{"embeddable":true,"href":"https:\/\/tehnikabacko.rs\/index.php\/wp-json\/wp\/v2\/media\/10635"}],"wp:attachment":[{"href":"https:\/\/tehnikabacko.rs\/index.php\/wp-json\/wp\/v2\/media?parent=10634"}],"wp:term":[{"taxonomy":"product_brand","embeddable":true,"href":"https:\/\/tehnikabacko.rs\/index.php\/wp-json\/wp\/v2\/product_brand?post=10634"},{"taxonomy":"product_cat","embeddable":true,"href":"https:\/\/tehnikabacko.rs\/index.php\/wp-json\/wp\/v2\/product_cat?post=10634"},{"taxonomy":"product_tag","embeddable":true,"href":"https:\/\/tehnikabacko.rs\/index.php\/wp-json\/wp\/v2\/product_tag?post=10634"}],"curies":[{"name":"wp","href":"https:\/\/api.w.org\/{rel}","templated":true}]}}