{"id":10618,"date":"2024-08-08T13:23:48","date_gmt":"2024-08-08T13:23:48","guid":{"rendered":"https:\/\/tehnikabacko.rs\/?post_type=product&#038;p=10618"},"modified":"2025-06-02T15:15:12","modified_gmt":"2025-06-02T15:15:12","slug":"ght5265511-benzinski-trimer-za-zivu-ogradu-075-kw-ingco","status":"publish","type":"product","link":"https:\/\/tehnikabacko.rs\/index.php\/product\/ght5265511-benzinski-trimer-za-zivu-ogradu-075-kw-ingco\/","title":{"rendered":"GHT5265511 BENZINSKI TRIMER ZA \u017dIVU OGRADU 0,75 KW INGCO"},"content":{"rendered":"<p>Zapremina benzinskog trimera za \u017eivu ogradu: 25.4cc<\/p>\n<p>Snaga Ingco trimera za \u017eivu ogradu : 0.75Kw (1HP)<\/p>\n<p>Brzina bez optere\u0107enja: 10000\/min<\/p>\n<p>Pre\u010dnik rezanja: 26mm-28mm<\/p>\n<p>Kapacitet rezervoara za gorivo: 550ml<\/p>\n<p>Sna\u017ean dvotaktni motor<\/p>\n<p>Max pre\u010dnik rezanja: 550mm<\/p>\n<p><img decoding=\"async\" src=\"https:\/\/simns.rs\/login\/media\/images\/products\/0-47576800-1657199579_27954.jpg\" alt=\"GHT5265511 BENZINSKI TRIMER ZA \u017dIVU OGRADU 0,75 KW INGCO-\u201cSIM\u201c D.O.O. Novi Sad - SIM DOO Novi Sad\" \/><\/p>\n","protected":false},"excerpt":{"rendered":"<p>Zapremina benzinskog trimera za \u017eivu ogradu: 25.4cc Snaga Ingco trimera za \u017eivu ogradu : 0.75Kw (1HP) Brzina bez optere\u0107enja: 10000\/min Pre\u010dnik rezanja: 26mm-28mm Kapacitet rezervoara za gorivo: 550ml Sna\u017ean dvotaktni motor Max pre\u010dnik rezanja: 550mm<\/p>\n","protected":false},"featured_media":10619,"comment_status":"open","ping_status":"closed","template":"","meta":{"inline_featured_image":false},"product_brand":[],"product_cat":[340],"product_tag":[],"class_list":{"0":"post-10618","1":"product","2":"type-product","3":"status-publish","4":"has-post-thumbnail","6":"product_cat-trimeri-za-zivicu","8":"first","9":"instock","10":"sale","11":"shipping-taxable","12":"purchasable","13":"product-type-simple"},"_links":{"self":[{"href":"https:\/\/tehnikabacko.rs\/index.php\/wp-json\/wp\/v2\/product\/10618","targetHints":{"allow":["GET"]}}],"collection":[{"href":"https:\/\/tehnikabacko.rs\/index.php\/wp-json\/wp\/v2\/product"}],"about":[{"href":"https:\/\/tehnikabacko.rs\/index.php\/wp-json\/wp\/v2\/types\/product"}],"replies":[{"embeddable":true,"href":"https:\/\/tehnikabacko.rs\/index.php\/wp-json\/wp\/v2\/comments?post=10618"}],"wp:featuredmedia":[{"embeddable":true,"href":"https:\/\/tehnikabacko.rs\/index.php\/wp-json\/wp\/v2\/media\/10619"}],"wp:attachment":[{"href":"https:\/\/tehnikabacko.rs\/index.php\/wp-json\/wp\/v2\/media?parent=10618"}],"wp:term":[{"taxonomy":"product_brand","embeddable":true,"href":"https:\/\/tehnikabacko.rs\/index.php\/wp-json\/wp\/v2\/product_brand?post=10618"},{"taxonomy":"product_cat","embeddable":true,"href":"https:\/\/tehnikabacko.rs\/index.php\/wp-json\/wp\/v2\/product_cat?post=10618"},{"taxonomy":"product_tag","embeddable":true,"href":"https:\/\/tehnikabacko.rs\/index.php\/wp-json\/wp\/v2\/product_tag?post=10618"}],"curies":[{"name":"wp","href":"https:\/\/api.w.org\/{rel}","templated":true}]}}