{"id":10616,"date":"2024-08-08T13:01:33","date_gmt":"2024-08-08T13:01:33","guid":{"rendered":"https:\/\/tehnikabacko.rs\/?post_type=product&#038;p=10616"},"modified":"2025-06-02T03:13:26","modified_gmt":"2025-06-02T03:13:26","slug":"ingco-perac-pod-pritiskom-1500w-hpwr15028","status":"publish","type":"product","link":"https:\/\/tehnikabacko.rs\/index.php\/product\/ingco-perac-pod-pritiskom-1500w-hpwr15028\/","title":{"rendered":"Ingco pera\u010d pod pritiskom 1500W HPWR15028"},"content":{"rendered":"<p>Pera\u010d pod pritislom 1500W Ingco HPWR15028<\/p>\n<p>Napon Ingco pera\u010da pod pritiskom: 220-240V~50Hz<br \/>\nIndukcioni motor od bakarne \u017eice<br \/>\nUlazna snaga pera\u010da pod pritiskom: 1500W<br \/>\nMax Pritisak:100Bar (1450PSI)<br \/>\nProtok pera\u010da pod pritiskom Ingco : 7.0L\/min<br \/>\n1 set pi\u0161tolj pera\u010da<br \/>\n8m metalno crevo visokog pritiska<br \/>\nPakovano u kolornu kutiju<\/p>\n<p><img decoding=\"async\" src=\"https:\/\/www.superalati.rs\/user\/include\/superalati\/images\/items\/ingco_perac_pod_pritislom_1500w_HPWR15028.jpg\" alt=\"Ingco pera\u010d pod pritiskom 1500W HPWR15028\" \/><\/p>\n","protected":false},"excerpt":{"rendered":"<p>Pera\u010d pod pritislom 1500W Ingco HPWR15028 Napon Ingco pera\u010da pod pritiskom: 220-240V~50Hz Indukcioni motor od bakarne \u017eice Ulazna snaga pera\u010da pod pritiskom: 1500W Max Pritisak:100Bar (1450PSI) Protok pera\u010da pod pritiskom Ingco : 7.0L\/min 1 set pi\u0161tolj pera\u010da 8m metalno crevo visokog pritiska Pakovano u kolornu kutiju<\/p>\n","protected":false},"featured_media":10617,"comment_status":"open","ping_status":"closed","template":"","meta":{"inline_featured_image":false},"product_brand":[],"product_cat":[289],"product_tag":[],"class_list":{"0":"post-10616","1":"product","2":"type-product","3":"status-publish","4":"has-post-thumbnail","6":"product_cat-perac-pod-pritiskom","8":"first","9":"instock","10":"shipping-taxable","11":"purchasable","12":"product-type-simple"},"_links":{"self":[{"href":"https:\/\/tehnikabacko.rs\/index.php\/wp-json\/wp\/v2\/product\/10616","targetHints":{"allow":["GET"]}}],"collection":[{"href":"https:\/\/tehnikabacko.rs\/index.php\/wp-json\/wp\/v2\/product"}],"about":[{"href":"https:\/\/tehnikabacko.rs\/index.php\/wp-json\/wp\/v2\/types\/product"}],"replies":[{"embeddable":true,"href":"https:\/\/tehnikabacko.rs\/index.php\/wp-json\/wp\/v2\/comments?post=10616"}],"wp:featuredmedia":[{"embeddable":true,"href":"https:\/\/tehnikabacko.rs\/index.php\/wp-json\/wp\/v2\/media\/10617"}],"wp:attachment":[{"href":"https:\/\/tehnikabacko.rs\/index.php\/wp-json\/wp\/v2\/media?parent=10616"}],"wp:term":[{"taxonomy":"product_brand","embeddable":true,"href":"https:\/\/tehnikabacko.rs\/index.php\/wp-json\/wp\/v2\/product_brand?post=10616"},{"taxonomy":"product_cat","embeddable":true,"href":"https:\/\/tehnikabacko.rs\/index.php\/wp-json\/wp\/v2\/product_cat?post=10616"},{"taxonomy":"product_tag","embeddable":true,"href":"https:\/\/tehnikabacko.rs\/index.php\/wp-json\/wp\/v2\/product_tag?post=10616"}],"curies":[{"name":"wp","href":"https:\/\/api.w.org\/{rel}","templated":true}]}}