{"id":10614,"date":"2024-08-08T12:49:33","date_gmt":"2024-08-08T12:49:33","guid":{"rendered":"https:\/\/tehnikabacko.rs\/?post_type=product&#038;p=10614"},"modified":"2024-08-08T12:49:33","modified_gmt":"2024-08-08T12:49:33","slug":"perac-pod-pritiskom-ingco-hpwr2500","status":"publish","type":"product","link":"https:\/\/tehnikabacko.rs\/index.php\/product\/perac-pod-pritiskom-ingco-hpwr2500\/","title":{"rendered":"Pera\u010d pod pritiskom Ingco HPWR2500"},"content":{"rendered":"<p>Koristi se za \u010di\u0161\u0107enje povr\u0161ina kao \u0161to su dvori\u0161ta, terase, platoi i vozila.<\/p>\n<p>Sadr\u017ei crevo visokog pritiska, mlaznicu i bo\u010dicu za deterd\u017eent.<\/p>\n<p>Pogodno je za kori\u0161\u0107enje u ku\u0107nim i komercijalnim svrhama.<\/p>\n<p>Napon: 220-240V~50Hz<\/p>\n<p>Indukcioni motor od bakarne \u017eice<\/p>\n<p>Ulazna snaga: 2500W<\/p>\n<p>Max Pritisak: 160Bar (2300PSI)<\/p>\n<p>Protok: 6.7L\/min<\/p>\n<p>Auto stop sistem<\/p>\n<p>1 kom posuda za sapun<\/p>\n<p>1 set pi\u0161tolj pera\u010da<\/p>\n<p>5m crevo visokog pritiska<\/p>\n<p>&nbsp;<\/p>\n","protected":false},"excerpt":{"rendered":"<p>Koristi se za \u010di\u0161\u0107enje povr\u0161ina kao \u0161to su dvori\u0161ta, terase, platoi i vozila. Sadr\u017ei crevo visokog pritiska, mlaznicu i bo\u010dicu za deterd\u017eent. Pogodno je za kori\u0161\u0107enje u ku\u0107nim i komercijalnim svrhama. Napon: 220-240V~50Hz Indukcioni motor od bakarne \u017eice Ulazna snaga: 2500W Max Pritisak: 160Bar (2300PSI) Protok: 6.7L\/min Auto stop sistem 1 kom posuda za sapun [&hellip;]<\/p>\n","protected":false},"featured_media":10615,"comment_status":"open","ping_status":"closed","template":"","meta":{"inline_featured_image":false},"product_brand":[],"product_cat":[352],"product_tag":[],"class_list":{"0":"post-10614","1":"product","2":"type-product","3":"status-publish","4":"has-post-thumbnail","6":"product_cat-perac","8":"first","9":"instock","10":"shipping-taxable","11":"purchasable","12":"product-type-simple"},"_links":{"self":[{"href":"https:\/\/tehnikabacko.rs\/index.php\/wp-json\/wp\/v2\/product\/10614","targetHints":{"allow":["GET"]}}],"collection":[{"href":"https:\/\/tehnikabacko.rs\/index.php\/wp-json\/wp\/v2\/product"}],"about":[{"href":"https:\/\/tehnikabacko.rs\/index.php\/wp-json\/wp\/v2\/types\/product"}],"replies":[{"embeddable":true,"href":"https:\/\/tehnikabacko.rs\/index.php\/wp-json\/wp\/v2\/comments?post=10614"}],"wp:featuredmedia":[{"embeddable":true,"href":"https:\/\/tehnikabacko.rs\/index.php\/wp-json\/wp\/v2\/media\/10615"}],"wp:attachment":[{"href":"https:\/\/tehnikabacko.rs\/index.php\/wp-json\/wp\/v2\/media?parent=10614"}],"wp:term":[{"taxonomy":"product_brand","embeddable":true,"href":"https:\/\/tehnikabacko.rs\/index.php\/wp-json\/wp\/v2\/product_brand?post=10614"},{"taxonomy":"product_cat","embeddable":true,"href":"https:\/\/tehnikabacko.rs\/index.php\/wp-json\/wp\/v2\/product_cat?post=10614"},{"taxonomy":"product_tag","embeddable":true,"href":"https:\/\/tehnikabacko.rs\/index.php\/wp-json\/wp\/v2\/product_tag?post=10614"}],"curies":[{"name":"wp","href":"https:\/\/api.w.org\/{rel}","templated":true}]}}