{"id":10612,"date":"2024-08-08T12:42:38","date_gmt":"2024-08-08T12:42:38","guid":{"rendered":"https:\/\/tehnikabacko.rs\/?post_type=product&#038;p=10612"},"modified":"2025-06-02T12:42:58","modified_gmt":"2025-06-02T12:42:58","slug":"gt3512-elektricni-trimer-350w-ingco","status":"publish","type":"product","link":"https:\/\/tehnikabacko.rs\/index.php\/product\/gt3512-elektricni-trimer-350w-ingco\/","title":{"rendered":"GT3512 ELEKTRI\u010cNI TRIMER 350W INGCO"},"content":{"rendered":"<p>Napon elektri\u010dnog trimera za travu GT351: 220V-240~50\/60Hz<\/p>\n<p>Ulazna snaga Ingco GT351 elektri\u010dnog trimera za travu: 350W<\/p>\n<p>Teleskopska osovina<\/p>\n<p>Brzina bez optere\u0107enja: 11000 rpm<\/p>\n<p>Max \u0161irina \u0161i\u0161anja: 250mm<\/p>\n<p><img decoding=\"async\" src=\"https:\/\/simns.rs\/login\/media\/images\/products\/0-43114600-1678962313.jpg\" \/><\/p>\n","protected":false},"excerpt":{"rendered":"<p>Napon elektri\u010dnog trimera za travu GT351: 220V-240~50\/60Hz Ulazna snaga Ingco GT351 elektri\u010dnog trimera za travu: 350W Teleskopska osovina Brzina bez optere\u0107enja: 11000 rpm Max \u0161irina \u0161i\u0161anja: 250mm<\/p>\n","protected":false},"featured_media":10613,"comment_status":"open","ping_status":"closed","template":"","meta":{"inline_featured_image":false},"product_brand":[],"product_cat":[337,290],"product_tag":[],"class_list":{"0":"post-10612","1":"product","2":"type-product","3":"status-publish","4":"has-post-thumbnail","6":"product_cat-elektricni-trimeri","7":"product_cat-trimeri-za-travu","9":"first","10":"instock","11":"shipping-taxable","12":"purchasable","13":"product-type-simple"},"_links":{"self":[{"href":"https:\/\/tehnikabacko.rs\/index.php\/wp-json\/wp\/v2\/product\/10612","targetHints":{"allow":["GET"]}}],"collection":[{"href":"https:\/\/tehnikabacko.rs\/index.php\/wp-json\/wp\/v2\/product"}],"about":[{"href":"https:\/\/tehnikabacko.rs\/index.php\/wp-json\/wp\/v2\/types\/product"}],"replies":[{"embeddable":true,"href":"https:\/\/tehnikabacko.rs\/index.php\/wp-json\/wp\/v2\/comments?post=10612"}],"wp:featuredmedia":[{"embeddable":true,"href":"https:\/\/tehnikabacko.rs\/index.php\/wp-json\/wp\/v2\/media\/10613"}],"wp:attachment":[{"href":"https:\/\/tehnikabacko.rs\/index.php\/wp-json\/wp\/v2\/media?parent=10612"}],"wp:term":[{"taxonomy":"product_brand","embeddable":true,"href":"https:\/\/tehnikabacko.rs\/index.php\/wp-json\/wp\/v2\/product_brand?post=10612"},{"taxonomy":"product_cat","embeddable":true,"href":"https:\/\/tehnikabacko.rs\/index.php\/wp-json\/wp\/v2\/product_cat?post=10612"},{"taxonomy":"product_tag","embeddable":true,"href":"https:\/\/tehnikabacko.rs\/index.php\/wp-json\/wp\/v2\/product_tag?post=10612"}],"curies":[{"name":"wp","href":"https:\/\/api.w.org\/{rel}","templated":true}]}}