{"id":10609,"date":"2024-08-08T09:24:23","date_gmt":"2024-08-08T09:24:23","guid":{"rendered":"https:\/\/tehnikabacko.rs\/?post_type=product&#038;p=10609"},"modified":"2024-08-08T09:24:23","modified_gmt":"2024-08-08T09:24:23","slug":"glm196201-motorna-kosacica-3-5kw-ingco","status":"publish","type":"product","link":"https:\/\/tehnikabacko.rs\/index.php\/product\/glm196201-motorna-kosacica-3-5kw-ingco\/","title":{"rendered":"GLM196201 MOTORNA KOSA\u010cICA 3.5KW INGCO"},"content":{"rendered":"<p>Zapremina Ingco motorne kosa\u010dice :196cc<\/p>\n<p>\u010cetvorotaktni motor<\/p>\n<p>Snaga motorne kosa\u010dice :3.5Kw(4.8HP)<\/p>\n<p>Zapremina:196cc<\/p>\n<p>Brzina Ingco motorne kosa\u010dice : 3600rpm<\/p>\n<p>3 funkcije motorne kosa\u010dice :<\/p>\n<p>korpa, izbacivanje sa strane,usitnjavanje, izbacivanje nazad<\/p>\n<p>Visina \u0161i\u0161anja:28-80mm(7 positions)<\/p>\n<p>\u0160irina \u0161i\u0161anja:510mm(20\u201d)<\/p>\n<p>Veli\u010dina korpe za travu:60L<\/p>\n<p>Materijal konstrukcije:\u010celik<\/p>\n<p>Veli\u010dina to\u010dka:6&#8243;\/8&#8243;<\/p>\n<p><img decoding=\"async\" src=\"https:\/\/simns.rs\/login\/media\/images\/products\/0-10535700-1657199393_26636.jpg\" \/><\/p>\n","protected":false},"excerpt":{"rendered":"<p>Zapremina Ingco motorne kosa\u010dice :196cc \u010cetvorotaktni motor Snaga motorne kosa\u010dice :3.5Kw(4.8HP) Zapremina:196cc Brzina Ingco motorne kosa\u010dice : 3600rpm 3 funkcije motorne kosa\u010dice : korpa, izbacivanje sa strane,usitnjavanje, izbacivanje nazad Visina \u0161i\u0161anja:28-80mm(7 positions) \u0160irina \u0161i\u0161anja:510mm(20\u201d) Veli\u010dina korpe za travu:60L Materijal konstrukcije:\u010celik Veli\u010dina to\u010dka:6&#8243;\/8&#8243;<\/p>\n","protected":false},"featured_media":10610,"comment_status":"open","ping_status":"closed","template":"","meta":{"inline_featured_image":false},"product_brand":[],"product_cat":[244,272],"product_tag":[],"class_list":{"0":"post-10609","1":"product","2":"type-product","3":"status-publish","4":"has-post-thumbnail","6":"product_cat-kosacice","7":"product_cat-motorna-kosilica","9":"first","10":"instock","11":"shipping-taxable","12":"purchasable","13":"product-type-simple"},"_links":{"self":[{"href":"https:\/\/tehnikabacko.rs\/index.php\/wp-json\/wp\/v2\/product\/10609","targetHints":{"allow":["GET"]}}],"collection":[{"href":"https:\/\/tehnikabacko.rs\/index.php\/wp-json\/wp\/v2\/product"}],"about":[{"href":"https:\/\/tehnikabacko.rs\/index.php\/wp-json\/wp\/v2\/types\/product"}],"replies":[{"embeddable":true,"href":"https:\/\/tehnikabacko.rs\/index.php\/wp-json\/wp\/v2\/comments?post=10609"}],"wp:featuredmedia":[{"embeddable":true,"href":"https:\/\/tehnikabacko.rs\/index.php\/wp-json\/wp\/v2\/media\/10610"}],"wp:attachment":[{"href":"https:\/\/tehnikabacko.rs\/index.php\/wp-json\/wp\/v2\/media?parent=10609"}],"wp:term":[{"taxonomy":"product_brand","embeddable":true,"href":"https:\/\/tehnikabacko.rs\/index.php\/wp-json\/wp\/v2\/product_brand?post=10609"},{"taxonomy":"product_cat","embeddable":true,"href":"https:\/\/tehnikabacko.rs\/index.php\/wp-json\/wp\/v2\/product_cat?post=10609"},{"taxonomy":"product_tag","embeddable":true,"href":"https:\/\/tehnikabacko.rs\/index.php\/wp-json\/wp\/v2\/product_tag?post=10609"}],"curies":[{"name":"wp","href":"https:\/\/api.w.org\/{rel}","templated":true}]}}