{"id":10607,"date":"2024-08-08T09:22:10","date_gmt":"2024-08-08T09:22:10","guid":{"rendered":"https:\/\/tehnikabacko.rs\/?post_type=product&#038;p=10607"},"modified":"2025-06-01T11:17:10","modified_gmt":"2025-06-01T11:17:10","slug":"lm383-elektricna-kosacica-1600w-ingco","status":"publish","type":"product","link":"https:\/\/tehnikabacko.rs\/index.php\/product\/lm383-elektricna-kosacica-1600w-ingco\/","title":{"rendered":"LM383 ELEKTRI\u010cNA KOSA\u010cICA 1600W INGCO"},"content":{"rendered":"<p>Napon elektri\u010dne kosa\u010dice :220-240~50Hz<\/p>\n<p>Ulazna snaga Ingco elektri\u010dne kosa\u010dice :1600W<\/p>\n<p>Indukcioni motor<\/p>\n<p>Broj obrtaja bez optere\u0107enja elektri\u010dne kosa\u010dice :2800rpm<\/p>\n<p>\u0160irina \u0161i\u0161anja:380mm<\/p>\n<p>Visina \u0161i\u0161anja elektri\u010dne kosa\u010dice : 28\/38\/48\/58\/68mm<\/p>\n<p>Veli\u010dina kutije za travu: 50L<\/p>\n<p>0.35m kabel<\/p>\n<p><img decoding=\"async\" src=\"https:\/\/simns.rs\/login\/media\/images\/products\/0-47237300-1657199344_26258.jpg\" \/><\/p>\n","protected":false},"excerpt":{"rendered":"<p>Napon elektri\u010dne kosa\u010dice :220-240~50Hz Ulazna snaga Ingco elektri\u010dne kosa\u010dice :1600W Indukcioni motor Broj obrtaja bez optere\u0107enja elektri\u010dne kosa\u010dice :2800rpm \u0160irina \u0161i\u0161anja:380mm Visina \u0161i\u0161anja elektri\u010dne kosa\u010dice : 28\/38\/48\/58\/68mm Veli\u010dina kutije za travu: 50L 0.35m kabel<\/p>\n","protected":false},"featured_media":10608,"comment_status":"open","ping_status":"closed","template":"","meta":{"inline_featured_image":false},"product_brand":[],"product_cat":[271,244],"product_tag":[],"class_list":{"0":"post-10607","1":"product","2":"type-product","3":"status-publish","4":"has-post-thumbnail","6":"product_cat-elektricna-kosilica","7":"product_cat-kosacice","9":"first","10":"instock","11":"shipping-taxable","12":"purchasable","13":"product-type-simple"},"_links":{"self":[{"href":"https:\/\/tehnikabacko.rs\/index.php\/wp-json\/wp\/v2\/product\/10607","targetHints":{"allow":["GET"]}}],"collection":[{"href":"https:\/\/tehnikabacko.rs\/index.php\/wp-json\/wp\/v2\/product"}],"about":[{"href":"https:\/\/tehnikabacko.rs\/index.php\/wp-json\/wp\/v2\/types\/product"}],"replies":[{"embeddable":true,"href":"https:\/\/tehnikabacko.rs\/index.php\/wp-json\/wp\/v2\/comments?post=10607"}],"wp:featuredmedia":[{"embeddable":true,"href":"https:\/\/tehnikabacko.rs\/index.php\/wp-json\/wp\/v2\/media\/10608"}],"wp:attachment":[{"href":"https:\/\/tehnikabacko.rs\/index.php\/wp-json\/wp\/v2\/media?parent=10607"}],"wp:term":[{"taxonomy":"product_brand","embeddable":true,"href":"https:\/\/tehnikabacko.rs\/index.php\/wp-json\/wp\/v2\/product_brand?post=10607"},{"taxonomy":"product_cat","embeddable":true,"href":"https:\/\/tehnikabacko.rs\/index.php\/wp-json\/wp\/v2\/product_cat?post=10607"},{"taxonomy":"product_tag","embeddable":true,"href":"https:\/\/tehnikabacko.rs\/index.php\/wp-json\/wp\/v2\/product_tag?post=10607"}],"curies":[{"name":"wp","href":"https:\/\/api.w.org\/{rel}","templated":true}]}}