{"id":10598,"date":"2024-08-08T08:39:33","date_gmt":"2024-08-08T08:39:33","guid":{"rendered":"https:\/\/tehnikabacko.rs\/?post_type=product&#038;p=10598"},"modified":"2024-08-08T09:12:40","modified_gmt":"2024-08-08T09:12:40","slug":"hccl812512-dleto-25x19x305-ingco","status":"publish","type":"product","link":"https:\/\/tehnikabacko.rs\/index.php\/product\/hccl812512-dleto-25x19x305-ingco\/","title":{"rendered":"HCCL812512 DLETO 25X19X305 INGCO"},"content":{"rendered":"<p>Veli\u010dina glave Ingco dleta: 25mm<\/p>\n<p>Ingco dleto veli\u010dina dr\u0161ke: 19mm<\/p>\n<p>Du\u017eina: 305mm<\/p>\n<p>Isto kao STANLEY nivo kvaliteta<\/p>\n<p><img decoding=\"async\" src=\"https:\/\/simns.rs\/login\/media\/images\/products\/0-94390300-1657199527_27318.jpg\" \/><\/p>\n","protected":false},"excerpt":{"rendered":"<p>Veli\u010dina glave Ingco dleta: 25mm Ingco dleto veli\u010dina dr\u0161ke: 19mm Du\u017eina: 305mm Isto kao STANLEY nivo kvaliteta<\/p>\n","protected":false},"featured_media":10599,"comment_status":"open","ping_status":"closed","template":"","meta":{"inline_featured_image":false},"product_brand":[],"product_cat":[148],"product_tag":[],"class_list":{"0":"post-10598","1":"product","2":"type-product","3":"status-publish","4":"has-post-thumbnail","6":"product_cat-alati","8":"first","9":"instock","10":"shipping-taxable","11":"purchasable","12":"product-type-simple"},"_links":{"self":[{"href":"https:\/\/tehnikabacko.rs\/index.php\/wp-json\/wp\/v2\/product\/10598","targetHints":{"allow":["GET"]}}],"collection":[{"href":"https:\/\/tehnikabacko.rs\/index.php\/wp-json\/wp\/v2\/product"}],"about":[{"href":"https:\/\/tehnikabacko.rs\/index.php\/wp-json\/wp\/v2\/types\/product"}],"replies":[{"embeddable":true,"href":"https:\/\/tehnikabacko.rs\/index.php\/wp-json\/wp\/v2\/comments?post=10598"}],"wp:featuredmedia":[{"embeddable":true,"href":"https:\/\/tehnikabacko.rs\/index.php\/wp-json\/wp\/v2\/media\/10599"}],"wp:attachment":[{"href":"https:\/\/tehnikabacko.rs\/index.php\/wp-json\/wp\/v2\/media?parent=10598"}],"wp:term":[{"taxonomy":"product_brand","embeddable":true,"href":"https:\/\/tehnikabacko.rs\/index.php\/wp-json\/wp\/v2\/product_brand?post=10598"},{"taxonomy":"product_cat","embeddable":true,"href":"https:\/\/tehnikabacko.rs\/index.php\/wp-json\/wp\/v2\/product_cat?post=10598"},{"taxonomy":"product_tag","embeddable":true,"href":"https:\/\/tehnikabacko.rs\/index.php\/wp-json\/wp\/v2\/product_tag?post=10598"}],"curies":[{"name":"wp","href":"https:\/\/api.w.org\/{rel}","templated":true}]}}