{"id":10596,"date":"2024-08-08T08:36:26","date_gmt":"2024-08-08T08:36:26","guid":{"rendered":"https:\/\/tehnikabacko.rs\/?post_type=product&#038;p=10596"},"modified":"2025-06-01T20:27:39","modified_gmt":"2025-06-01T20:27:39","slug":"hmps06115-set-mini-klesta-6-1-ingco","status":"publish","type":"product","link":"https:\/\/tehnikabacko.rs\/index.php\/product\/hmps06115-set-mini-klesta-6-1-ingco\/","title":{"rendered":"HMPS06115 SET MINI KLE\u0160TA 6\/1 INGCO"},"content":{"rendered":"<p>1 KOM 4.5&#8243; Kombinovana kle\u0161ta<\/p>\n<p>1 KOM 4.5&#8243; Se\u010dice dijagonalne<\/p>\n<p>1 KOM 4.5&#8243; Se\u010dice<\/p>\n<p>1 KOM 4.5&#8243; \u0160pic kle\u0161ta<\/p>\n<p>1 KOM 4.5&#8243; \u0160pic kle\u0161ta<\/p>\n<p>1 KOM 4.5&#8243; \u0160pic kle\u0161ta<\/p>\n<p><img decoding=\"async\" src=\"https:\/\/simns.rs\/login\/media\/images\/products\/0-47256300-1657199495_26679.jpg\" \/><\/p>\n","protected":false},"excerpt":{"rendered":"<p>1 KOM 4.5&#8243; Kombinovana kle\u0161ta 1 KOM 4.5&#8243; Se\u010dice dijagonalne 1 KOM 4.5&#8243; Se\u010dice 1 KOM 4.5&#8243; \u0160pic kle\u0161ta 1 KOM 4.5&#8243; \u0160pic kle\u0161ta 1 KOM 4.5&#8243; \u0160pic kle\u0161ta<\/p>\n","protected":false},"featured_media":10597,"comment_status":"open","ping_status":"closed","template":"","meta":{"inline_featured_image":false},"product_brand":[],"product_cat":[148],"product_tag":[],"class_list":{"0":"post-10596","1":"product","2":"type-product","3":"status-publish","4":"has-post-thumbnail","6":"product_cat-alati","8":"first","9":"instock","10":"shipping-taxable","11":"purchasable","12":"product-type-simple"},"_links":{"self":[{"href":"https:\/\/tehnikabacko.rs\/index.php\/wp-json\/wp\/v2\/product\/10596","targetHints":{"allow":["GET"]}}],"collection":[{"href":"https:\/\/tehnikabacko.rs\/index.php\/wp-json\/wp\/v2\/product"}],"about":[{"href":"https:\/\/tehnikabacko.rs\/index.php\/wp-json\/wp\/v2\/types\/product"}],"replies":[{"embeddable":true,"href":"https:\/\/tehnikabacko.rs\/index.php\/wp-json\/wp\/v2\/comments?post=10596"}],"wp:featuredmedia":[{"embeddable":true,"href":"https:\/\/tehnikabacko.rs\/index.php\/wp-json\/wp\/v2\/media\/10597"}],"wp:attachment":[{"href":"https:\/\/tehnikabacko.rs\/index.php\/wp-json\/wp\/v2\/media?parent=10596"}],"wp:term":[{"taxonomy":"product_brand","embeddable":true,"href":"https:\/\/tehnikabacko.rs\/index.php\/wp-json\/wp\/v2\/product_brand?post=10596"},{"taxonomy":"product_cat","embeddable":true,"href":"https:\/\/tehnikabacko.rs\/index.php\/wp-json\/wp\/v2\/product_cat?post=10596"},{"taxonomy":"product_tag","embeddable":true,"href":"https:\/\/tehnikabacko.rs\/index.php\/wp-json\/wp\/v2\/product_tag?post=10596"}],"curies":[{"name":"wp","href":"https:\/\/api.w.org\/{rel}","templated":true}]}}