{"id":10594,"date":"2024-08-08T08:34:38","date_gmt":"2024-08-08T08:34:38","guid":{"rendered":"https:\/\/tehnikabacko.rs\/?post_type=product&#038;p=10594"},"modified":"2024-08-08T09:13:29","modified_gmt":"2024-08-08T09:13:29","slug":"hkth10807-set-alata-7-1-ingco","status":"publish","type":"product","link":"https:\/\/tehnikabacko.rs\/index.php\/product\/hkth10807-set-alata-7-1-ingco\/","title":{"rendered":"HKTH10807 SET ALATA 7\/1 INGCO"},"content":{"rendered":"<p>1 x 7\u201d kombinovana kle\u0161ta<\/p>\n<p>1 x Ispitiva\u010d napona (od 100-500 VAC)<\/p>\n<p>1 x 6\u201d podesivi klju\u010d<\/p>\n<p>1 x skalpel<\/p>\n<p>1 x SL5.5&#215;100 odvija\u010d<\/p>\n<p>1 x PH 1&#215;100 odvija\u010d<\/p>\n<p>1 x 3M \u010deli\u010dna merna traka<\/p>\n<p><img decoding=\"async\" src=\"https:\/\/simns.rs\/login\/media\/images\/products\/0-43440000-1657199603_28275.jpg\" \/><\/p>\n","protected":false},"excerpt":{"rendered":"<p>1 x 7\u201d kombinovana kle\u0161ta 1 x Ispitiva\u010d napona (od 100-500 VAC) 1 x 6\u201d podesivi klju\u010d 1 x skalpel 1 x SL5.5&#215;100 odvija\u010d 1 x PH 1&#215;100 odvija\u010d 1 x 3M \u010deli\u010dna merna traka<\/p>\n","protected":false},"featured_media":10595,"comment_status":"open","ping_status":"closed","template":"","meta":{"inline_featured_image":false},"product_brand":[],"product_cat":[148],"product_tag":[],"class_list":{"0":"post-10594","1":"product","2":"type-product","3":"status-publish","4":"has-post-thumbnail","6":"product_cat-alati","8":"first","9":"instock","10":"shipping-taxable","11":"purchasable","12":"product-type-simple"},"_links":{"self":[{"href":"https:\/\/tehnikabacko.rs\/index.php\/wp-json\/wp\/v2\/product\/10594","targetHints":{"allow":["GET"]}}],"collection":[{"href":"https:\/\/tehnikabacko.rs\/index.php\/wp-json\/wp\/v2\/product"}],"about":[{"href":"https:\/\/tehnikabacko.rs\/index.php\/wp-json\/wp\/v2\/types\/product"}],"replies":[{"embeddable":true,"href":"https:\/\/tehnikabacko.rs\/index.php\/wp-json\/wp\/v2\/comments?post=10594"}],"wp:featuredmedia":[{"embeddable":true,"href":"https:\/\/tehnikabacko.rs\/index.php\/wp-json\/wp\/v2\/media\/10595"}],"wp:attachment":[{"href":"https:\/\/tehnikabacko.rs\/index.php\/wp-json\/wp\/v2\/media?parent=10594"}],"wp:term":[{"taxonomy":"product_brand","embeddable":true,"href":"https:\/\/tehnikabacko.rs\/index.php\/wp-json\/wp\/v2\/product_brand?post=10594"},{"taxonomy":"product_cat","embeddable":true,"href":"https:\/\/tehnikabacko.rs\/index.php\/wp-json\/wp\/v2\/product_cat?post=10594"},{"taxonomy":"product_tag","embeddable":true,"href":"https:\/\/tehnikabacko.rs\/index.php\/wp-json\/wp\/v2\/product_tag?post=10594"}],"curies":[{"name":"wp","href":"https:\/\/api.w.org\/{rel}","templated":true}]}}