{"id":10588,"date":"2024-08-08T08:28:05","date_gmt":"2024-08-08T08:28:05","guid":{"rendered":"https:\/\/tehnikabacko.rs\/?post_type=product&#038;p=10588"},"modified":"2024-08-08T09:11:06","modified_gmt":"2024-08-08T09:11:06","slug":"hsmt8430-merna-traka-30mx125mm-ingco","status":"publish","type":"product","link":"https:\/\/tehnikabacko.rs\/index.php\/product\/hsmt8430-merna-traka-30mx125mm-ingco\/","title":{"rendered":"HSMT8430 MERNA TRAKA 30mx12,5mm INGCO"},"content":{"rendered":"<p>3:1 prenosni odnos za brzo namotavanje merne trake<\/p>\n<p>Du\u017eina x \u0161irina Ingco merne trake : 30m x 12.5mm<\/p>\n<p>Metri\u010dka i in\u010dna podela<\/p>\n<p>Zup\u010danik za uvla\u010denje trake od \u010distog materijala<\/p>\n<p>Telo merne trake potpuno od gume<\/p>\n<p>Integrisana dr\u0161ka pogodna za kori\u0161\u0107enje i odlaganje<\/p>\n<p><img decoding=\"async\" src=\"https:\/\/simns.rs\/login\/media\/images\/products\/0-56589900-1657199090_19539.jpg\" \/><\/p>\n","protected":false},"excerpt":{"rendered":"<p>3:1 prenosni odnos za brzo namotavanje merne trake Du\u017eina x \u0161irina Ingco merne trake : 30m x 12.5mm Metri\u010dka i in\u010dna podela Zup\u010danik za uvla\u010denje trake od \u010distog materijala Telo merne trake potpuno od gume Integrisana dr\u0161ka pogodna za kori\u0161\u0107enje i odlaganje<\/p>\n","protected":false},"featured_media":10589,"comment_status":"open","ping_status":"closed","template":"","meta":{"inline_featured_image":false},"product_brand":[],"product_cat":[148],"product_tag":[],"class_list":{"0":"post-10588","1":"product","2":"type-product","3":"status-publish","4":"has-post-thumbnail","6":"product_cat-alati","8":"first","9":"instock","10":"shipping-taxable","11":"purchasable","12":"product-type-simple"},"_links":{"self":[{"href":"https:\/\/tehnikabacko.rs\/index.php\/wp-json\/wp\/v2\/product\/10588","targetHints":{"allow":["GET"]}}],"collection":[{"href":"https:\/\/tehnikabacko.rs\/index.php\/wp-json\/wp\/v2\/product"}],"about":[{"href":"https:\/\/tehnikabacko.rs\/index.php\/wp-json\/wp\/v2\/types\/product"}],"replies":[{"embeddable":true,"href":"https:\/\/tehnikabacko.rs\/index.php\/wp-json\/wp\/v2\/comments?post=10588"}],"wp:featuredmedia":[{"embeddable":true,"href":"https:\/\/tehnikabacko.rs\/index.php\/wp-json\/wp\/v2\/media\/10589"}],"wp:attachment":[{"href":"https:\/\/tehnikabacko.rs\/index.php\/wp-json\/wp\/v2\/media?parent=10588"}],"wp:term":[{"taxonomy":"product_brand","embeddable":true,"href":"https:\/\/tehnikabacko.rs\/index.php\/wp-json\/wp\/v2\/product_brand?post=10588"},{"taxonomy":"product_cat","embeddable":true,"href":"https:\/\/tehnikabacko.rs\/index.php\/wp-json\/wp\/v2\/product_cat?post=10588"},{"taxonomy":"product_tag","embeddable":true,"href":"https:\/\/tehnikabacko.rs\/index.php\/wp-json\/wp\/v2\/product_tag?post=10588"}],"curies":[{"name":"wp","href":"https:\/\/api.w.org\/{rel}","templated":true}]}}