{"id":10582,"date":"2024-08-08T08:17:25","date_gmt":"2024-08-08T08:17:25","guid":{"rendered":"https:\/\/tehnikabacko.rs\/?post_type=product&#038;p=10582"},"modified":"2025-06-05T16:38:29","modified_gmt":"2025-06-05T16:38:29","slug":"hlt7401-makaze-za-grane-25mm-ingco","status":"publish","type":"product","link":"https:\/\/tehnikabacko.rs\/index.php\/product\/hlt7401-makaze-za-grane-25mm-ingco\/","title":{"rendered":"HLT7401 MAKAZE ZA GRANE 25MM INGCO"},"content":{"rendered":"<p>Du\u017eina makaza za grane: 30&#8243;(760mm)<\/p>\n<p>Max pre\u010dnik rezanja Ingco makaza za grane: 25mm<\/p>\n<p>Materijal: 55# ugljeni\u010dni \u010delik<\/p>\n<p>Termi\u010dki obra\u0111ene o\u0161trice<\/p>\n<p>O\u0161trice presvu\u010dene teflonom<\/p>\n<p><img decoding=\"async\" src=\"https:\/\/simns.rs\/login\/media\/images\/products\/0-55185200-1657199374_26422.jpg\" \/><\/p>\n","protected":false},"excerpt":{"rendered":"<p>Du\u017eina makaza za grane: 30&#8243;(760mm) Max pre\u010dnik rezanja Ingco makaza za grane: 25mm Materijal: 55# ugljeni\u010dni \u010delik Termi\u010dki obra\u0111ene o\u0161trice O\u0161trice presvu\u010dene teflonom<\/p>\n","protected":false},"featured_media":10583,"comment_status":"open","ping_status":"closed","template":"","meta":{"inline_featured_image":false},"product_brand":[],"product_cat":[148,351],"product_tag":[],"class_list":{"0":"post-10582","1":"product","2":"type-product","3":"status-publish","4":"has-post-thumbnail","6":"product_cat-alati","7":"product_cat-makaze","9":"first","10":"instock","11":"shipping-taxable","12":"purchasable","13":"product-type-simple"},"_links":{"self":[{"href":"https:\/\/tehnikabacko.rs\/index.php\/wp-json\/wp\/v2\/product\/10582","targetHints":{"allow":["GET"]}}],"collection":[{"href":"https:\/\/tehnikabacko.rs\/index.php\/wp-json\/wp\/v2\/product"}],"about":[{"href":"https:\/\/tehnikabacko.rs\/index.php\/wp-json\/wp\/v2\/types\/product"}],"replies":[{"embeddable":true,"href":"https:\/\/tehnikabacko.rs\/index.php\/wp-json\/wp\/v2\/comments?post=10582"}],"wp:featuredmedia":[{"embeddable":true,"href":"https:\/\/tehnikabacko.rs\/index.php\/wp-json\/wp\/v2\/media\/10583"}],"wp:attachment":[{"href":"https:\/\/tehnikabacko.rs\/index.php\/wp-json\/wp\/v2\/media?parent=10582"}],"wp:term":[{"taxonomy":"product_brand","embeddable":true,"href":"https:\/\/tehnikabacko.rs\/index.php\/wp-json\/wp\/v2\/product_brand?post=10582"},{"taxonomy":"product_cat","embeddable":true,"href":"https:\/\/tehnikabacko.rs\/index.php\/wp-json\/wp\/v2\/product_cat?post=10582"},{"taxonomy":"product_tag","embeddable":true,"href":"https:\/\/tehnikabacko.rs\/index.php\/wp-json\/wp\/v2\/product_tag?post=10582"}],"curies":[{"name":"wp","href":"https:\/\/api.w.org\/{rel}","templated":true}]}}