{"id":10573,"date":"2024-07-23T15:57:27","date_gmt":"2024-07-23T15:57:27","guid":{"rendered":"https:\/\/tehnikabacko.rs\/?post_type=product&#038;p=10573"},"modified":"2025-07-19T10:25:05","modified_gmt":"2025-07-19T10:25:05","slug":"masina-za-paradajz-art-160","status":"publish","type":"product","link":"https:\/\/tehnikabacko.rs\/index.php\/product\/masina-za-paradajz-art-160\/","title":{"rendered":"MASINA ZA PARADAJZ ART-160"},"content":{"rendered":"<div class=\"t pg-1m0 pg-1x1 pg-1h2 pg-1y1 pg-1ff1 pg-1fs0 pg-1fc0 pg-1sc0 pg-1ls0 pg-1ws0\">Gulliver (italijanska) ma\u0161ina za mlevenje paradajza\u00a0<span class=\"pg-1ff2\">ART-160<\/span>\u00a0\u2013 jednostavan kuhinjski aparat kada do\u0111e<\/div>\n<div class=\"t pg-1m0 pg-1x1 pg-1h3 pg-1y2 pg-1ff1 pg-1fs0 pg-1fc0 pg-1sc0 pg-1ls0 pg-1ws0\">vreme za spremanje zimnice!<\/div>\n<div class=\"t pg-1m0 pg-1x1 pg-1h4 pg-1y3 pg-1ff3 pg-1fs1 pg-1fc0 pg-1sc0 pg-1ls0 pg-1ws0\">Uveliko u\u017eivamo u sve\u017eem vo\u0107u i povr\u0107u a, treba razmisliti i o tome \u0161ta \u0107emo kada do\u0111u hladni<\/div>\n<div class=\"t pg-1m0 pg-1x1 pg-1h4 pg-1y4 pg-1ff3 pg-1fs1 pg-1fc0 pg-1sc0 pg-1ls0 pg-1ws0\">dani. Treba na vreme pripremiti zimnicu. Kako bi smo olak\u0161ali sebi pripremu potrebni su nam<\/div>\n<div class=\"t pg-1m0 pg-1x1 pg-1h4 pg-1y5 pg-1ff3 pg-1fs1 pg-1fc0 pg-1sc0 pg-1ls0 pg-1ws0\">neki od slede\u0107ih proizvoda. Ovu metalnu Gulliver masinu za mlevenje paradajza mozete kupiti<\/div>\n<div class=\"t pg-1m0 pg-1x1 pg-1h4 pg-1y6 pg-1ff3 pg-1fs1 pg-1fc0 pg-1sc0 pg-1ls0 pg-1ws0\">po\u00a0 ceni od 3000 rsd. u internet prodavnici\u00a0<span class=\"pg-1fc1\">kucniaparatisrbija.rs<\/span><\/div>\n<div class=\"t pg-1m0 pg-1x1 pg-1h4 pg-1y7 pg-1ff3 pg-1fs1 pg-1fc0 pg-1sc0 pg-1ls0 pg-1ws0\">Tomato juice tj. sok od paradajza. Nekako se uvek ispostavi da njega uvek zafali. I do slede\u0107e<\/div>\n<div class=\"t pg-1m0 pg-1x1 pg-1h4 pg-1y8 pg-1ff3 pg-1fs1 pg-1fc0 pg-1sc0 pg-1ls0 pg-1ws0\">letnje sezone i novog sve\u017eeg paradajza se pojavi rupa od nekoliko meseci. Da biste to promenili<\/div>\n<div class=\"t pg-1m0 pg-1x1 pg-1h4 pg-1y9 pg-1ff3 pg-1fs1 pg-1fc0 pg-1sc0 pg-1ls0 pg-1ws0\">ove spravica \u0107e vam znatno olak\u0161ati spremanje ovog crvenog napitka.<\/div>\n<div class=\"t pg-1m0 pg-1x1 pg-1h4 pg-1ya pg-1ff3 pg-1fs1 pg-1fc0 pg-1sc0 pg-1ls0 pg-1ws0\">Ova fenomenla metalna masina je namenjena za mlevenje paradajza sa metalnom osnovom.<\/div>\n<div class=\"t pg-1m0 pg-1x1 pg-1h4 pg-1yb pg-1ff3 pg-1fs1 pg-1fc0 pg-1sc0 pg-1ls0 pg-1ws0\">Prakti\u010dna i jednostavna ru\u010dna ma\u0161ina za paradajz. Ma\u0161ina se pri\u010dvrsti za sto. Poseduje<\/div>\n<div class=\"t pg-1m0 pg-1x1 pg-1h4 pg-1yc pg-1ff3 pg-1fs1 pg-1fc0 pg-1sc0 pg-1ls0 pg-1ws0\">aluminijumsko telo, pu\u017e je takodje od visoko kvalitetetnog metala, sito od inox-a, kao I tacna od<\/div>\n<div class=\"t pg-1m0 pg-1x1 pg-1h4 pg-1yd pg-1ff3 pg-1fs1 pg-1fc0 pg-1sc0 pg-1ls0 pg-1ws0\">visoko-otpornnog inox-a.<\/div>\n<div class=\"t pg-1m0 pg-1x2 pg-1h4 pg-1ye pg-1ff4 pg-1fs1 pg-1fc0 pg-1sc0 pg-1ls0 pg-1ws0\">\uf0b7\u00a0<span class=\"pg-1ff3\">Metalna rucna ma\u0161ina ART-160 (pasirka) za mlevenje-ce\u0111enje paradajiza<\/span><\/div>\n<div class=\"t pg-1m0 pg-1x2 pg-1h4 pg-1yf pg-1ff4 pg-1fs1 pg-1fc0 pg-1sc0 pg-1ls0 pg-1ws0\">\uf0b7\u00a0<span class=\"pg-1ff3\">Prakticno, jednostavno i brzo!<\/span><\/div>\n<div class=\"t pg-1m0 pg-1x2 pg-1h4 pg-1y10 pg-1ff4 pg-1fs1 pg-1fc0 pg-1sc0 pg-1ls0 pg-1ws0\">\uf0b7\u00a0<span class=\"pg-1ff3\">Lako se odr\u017eava i \u010disti posle upotrebe<\/span><\/div>\n<div class=\"t pg-1m0 pg-1x2 pg-1h4 pg-1y11 pg-1ff4 pg-1fs1 pg-1fc0 pg-1sc0 pg-1ls0 pg-1ws0\">\uf0b7\u00a0<span class=\"pg-1ff3\">Ma\u0161ina cedi paradajz sok \u2013 lako i brzo odvaja ljusku<\/span><\/div>\n<div class=\"t pg-1m0 pg-1x2 pg-1h4 pg-1y12 pg-1ff4 pg-1fs1 pg-1fc0 pg-1sc0 pg-1ls0 pg-1ws0\">\uf0b7\u00a0<span class=\"pg-1ff3\">Fiksirajte je za radnu povr\u0161inu uz pomo\u0107 stega i ubacite paradajz<\/span><\/div>\n<div class=\"t pg-1m0 pg-1x2 pg-1h4 pg-1y13 pg-1ff4 pg-1fs1 pg-1fc0 pg-1sc0 pg-1ls0 pg-1ws0\">\uf0b7\u00a0<span class=\"pg-1ff3\">Polako ga pritiskajte dok okre\u0107ete ru\u010dku<\/span><\/div>\n<div class=\"t pg-1m0 pg-1x2 pg-1h4 pg-1y14 pg-1ff4 pg-1fs1 pg-1fc0 pg-1sc0 pg-1ls0 pg-1ws0\">\uf0b7\u00a0<span class=\"pg-1ff3\">Seme ide na jednu \u2013 a sok na drugu stranu<\/span><\/div>\n<div class=\"t pg-1m0 pg-1x2 pg-1h4 pg-1y15 pg-1ff4 pg-1fs1 pg-1fc0 pg-1sc0 pg-1ls0 pg-1ws0\">\uf0b7\u00a0<span class=\"pg-1ff3\">Sa predje strane je lula u kojoj izlazi sok<\/span><\/div>\n<div class=\"t pg-1m0 pg-1x2 pg-1h4 pg-1y16 pg-1ff4 pg-1fs1 pg-1fc0 pg-1sc0 pg-1ls0 pg-1ws0\">\uf0b7\u00a0<span class=\"pg-1ff3\">Kapacitet mlevenja 100kg\/1h<\/span><\/div>\n<div class=\"t pg-1m0 pg-1x2 pg-1h4 pg-1y17 pg-1ff4 pg-1fs1 pg-1fc0 pg-1sc0 pg-1ls0 pg-1ws0\">\uf0b7\u00a0<span class=\"pg-1ff3\">Materijal: izuzetno kvalitetan ner\u0111aju\u0107i \u010delik<\/span><\/div>\n<div class=\"t pg-1m0 pg-1x2 pg-1h4 pg-1y18 pg-1ff4 pg-1fs1 pg-1fc0 pg-1sc0 pg-1ls0 pg-1ws0\">\uf0b7\u00a0<span class=\"pg-1ff3\">Dimeznzije masine : visina 30 cm<\/span><\/div>\n<div class=\"t pg-1m0 pg-1x2 pg-1h4 pg-1y19 pg-1ff4 pg-1fs1 pg-1fc0 pg-1sc0 pg-1ls0 pg-1ws0\">\uf0b7\u00a0<span class=\"pg-1ff3\">Dimenzije kosa : 23\/18 cm<\/span><\/div>\n<div class=\"t pg-1m0 pg-1x2 pg-1h4 pg-1y1a pg-1ff4 pg-1fs1 pg-1fc0 pg-1sc0 pg-1ls0 pg-1ws0\">\uf0b7\u00a0<span class=\"pg-1ff3\">Kapacitet 1.5 kg paradajza<\/span><\/div>\n","protected":false},"excerpt":{"rendered":"<p>Gulliver (italijanska) ma\u0161ina za mlevenje paradajza\u00a0ART-160\u00a0\u2013 jednostavan kuhinjski aparat kada do\u0111e vreme za spremanje zimnice! Uveliko u\u017eivamo u sve\u017eem vo\u0107u i povr\u0107u a, treba razmisliti i o tome \u0161ta \u0107emo kada do\u0111u hladni dani. Treba na vreme pripremiti zimnicu. Kako bi smo olak\u0161ali sebi pripremu potrebni su nam neki od slede\u0107ih proizvoda. Ovu metalnu Gulliver [&hellip;]<\/p>\n","protected":false},"featured_media":10574,"comment_status":"open","ping_status":"closed","template":"","meta":{"inline_featured_image":false},"product_brand":[],"product_cat":[313],"product_tag":[],"class_list":{"0":"post-10573","1":"product","2":"type-product","3":"status-publish","4":"has-post-thumbnail","6":"product_cat-sokovnici","8":"first","9":"instock","10":"sale","11":"shipping-taxable","12":"purchasable","13":"product-type-simple"},"_links":{"self":[{"href":"https:\/\/tehnikabacko.rs\/index.php\/wp-json\/wp\/v2\/product\/10573","targetHints":{"allow":["GET"]}}],"collection":[{"href":"https:\/\/tehnikabacko.rs\/index.php\/wp-json\/wp\/v2\/product"}],"about":[{"href":"https:\/\/tehnikabacko.rs\/index.php\/wp-json\/wp\/v2\/types\/product"}],"replies":[{"embeddable":true,"href":"https:\/\/tehnikabacko.rs\/index.php\/wp-json\/wp\/v2\/comments?post=10573"}],"wp:featuredmedia":[{"embeddable":true,"href":"https:\/\/tehnikabacko.rs\/index.php\/wp-json\/wp\/v2\/media\/10574"}],"wp:attachment":[{"href":"https:\/\/tehnikabacko.rs\/index.php\/wp-json\/wp\/v2\/media?parent=10573"}],"wp:term":[{"taxonomy":"product_brand","embeddable":true,"href":"https:\/\/tehnikabacko.rs\/index.php\/wp-json\/wp\/v2\/product_brand?post=10573"},{"taxonomy":"product_cat","embeddable":true,"href":"https:\/\/tehnikabacko.rs\/index.php\/wp-json\/wp\/v2\/product_cat?post=10573"},{"taxonomy":"product_tag","embeddable":true,"href":"https:\/\/tehnikabacko.rs\/index.php\/wp-json\/wp\/v2\/product_tag?post=10573"}],"curies":[{"name":"wp","href":"https:\/\/api.w.org\/{rel}","templated":true}]}}