{"id":10565,"date":"2024-07-01T16:36:46","date_gmt":"2024-07-01T16:36:46","guid":{"rendered":"https:\/\/tehnikabacko.rs\/?post_type=product&#038;p=10565"},"modified":"2025-06-07T03:31:01","modified_gmt":"2025-06-07T03:31:01","slug":"plafonski-ventilator-ke-566f-keno","status":"publish","type":"product","link":"https:\/\/tehnikabacko.rs\/index.php\/product\/plafonski-ventilator-ke-566f-keno\/","title":{"rendered":"Plafonski ventilator KE-566F KENO"},"content":{"rendered":"<p>Motor plafonskog ventilatora je snage 85W . Ukupan pre\u010dnika ventilatora je 142cm.<br \/>\nKarakteristike:<br \/>\nSnaga: 85W, Napon 50hz, 230V<br \/>\n3 elise du\u017eine: 60cm<br \/>\nZidni potenciomer<br \/>\nPet brzina<br \/>\nPre\u010dnik: 142 cm<br \/>\nFabri\u010dko pakovanje<\/p>\n<p><img decoding=\"async\" src=\"https:\/\/media.mojtrg.rs\/Image\/661a5d28-7cbf-42de-9a70-450f431ee1ae\/20210726\/false\/false\/1280\/960\/keno-plafonski-ventilator-ke-566f-akcija.jpeg?noLogo=true\" alt=\"KENO-Plafonski-ventilator-KE-566F-Akcija-\" \/><\/p>\n","protected":false},"excerpt":{"rendered":"<p>Motor plafonskog ventilatora je snage 85W . Ukupan pre\u010dnika ventilatora je 142cm. Karakteristike: Snaga: 85W, Napon 50hz, 230V 3 elise du\u017eine: 60cm Zidni potenciomer Pet brzina Pre\u010dnik: 142 cm Fabri\u010dko pakovanje<\/p>\n","protected":false},"featured_media":10566,"comment_status":"open","ping_status":"closed","template":"","meta":{"inline_featured_image":false},"product_brand":[],"product_cat":[349],"product_tag":[],"class_list":{"0":"post-10565","1":"product","2":"type-product","3":"status-publish","4":"has-post-thumbnail","6":"product_cat-ventilator","8":"first","9":"instock","10":"shipping-taxable","11":"purchasable","12":"product-type-simple"},"_links":{"self":[{"href":"https:\/\/tehnikabacko.rs\/index.php\/wp-json\/wp\/v2\/product\/10565","targetHints":{"allow":["GET"]}}],"collection":[{"href":"https:\/\/tehnikabacko.rs\/index.php\/wp-json\/wp\/v2\/product"}],"about":[{"href":"https:\/\/tehnikabacko.rs\/index.php\/wp-json\/wp\/v2\/types\/product"}],"replies":[{"embeddable":true,"href":"https:\/\/tehnikabacko.rs\/index.php\/wp-json\/wp\/v2\/comments?post=10565"}],"wp:featuredmedia":[{"embeddable":true,"href":"https:\/\/tehnikabacko.rs\/index.php\/wp-json\/wp\/v2\/media\/10566"}],"wp:attachment":[{"href":"https:\/\/tehnikabacko.rs\/index.php\/wp-json\/wp\/v2\/media?parent=10565"}],"wp:term":[{"taxonomy":"product_brand","embeddable":true,"href":"https:\/\/tehnikabacko.rs\/index.php\/wp-json\/wp\/v2\/product_brand?post=10565"},{"taxonomy":"product_cat","embeddable":true,"href":"https:\/\/tehnikabacko.rs\/index.php\/wp-json\/wp\/v2\/product_cat?post=10565"},{"taxonomy":"product_tag","embeddable":true,"href":"https:\/\/tehnikabacko.rs\/index.php\/wp-json\/wp\/v2\/product_tag?post=10565"}],"curies":[{"name":"wp","href":"https:\/\/api.w.org\/{rel}","templated":true}]}}