{"id":10563,"date":"2024-07-01T16:31:36","date_gmt":"2024-07-01T16:31:36","guid":{"rendered":"https:\/\/tehnikabacko.rs\/?post_type=product&#038;p=10563"},"modified":"2025-06-02T14:46:41","modified_gmt":"2025-06-02T14:46:41","slug":"ventilator-tornado-fs-252","status":"publish","type":"product","link":"https:\/\/tehnikabacko.rs\/index.php\/product\/ventilator-tornado-fs-252\/","title":{"rendered":"VENTILATOR TORNADO FS-252"},"content":{"rendered":"<ul>\n<li>Velika rashladna mo\u0107<\/li>\n<li>Pre\u010dnik\u00a0 45cm<\/li>\n<li>Snaga motora model 45cm \u2013 120W<\/li>\n<li>Napon: 220 V<\/li>\n<li>Tri brzine rada<\/li>\n<li>Metalni propeleri<\/li>\n<li>Za\u0161titna mre\u017eica<\/li>\n<li>Stabilno postolje<\/li>\n<\/ul>\n<p><img decoding=\"async\" src=\"https:\/\/i0.wp.com\/www.eurotehno.com\/wp-content\/uploads\/2021\/06\/podni-ventilator-metalni.jpg?fit=510%2C407&amp;ssl=1\" alt=\"Podni ventilator sa metalnim krilcima\" \/><\/p>\n","protected":false},"excerpt":{"rendered":"<p>Fantasti\u010dan podni elektri\u010dni ventilator velike snage i velikog pre\u010dnika sa za\u0161titnom re\u0161etkom namenjen za rashla\u0111ivanje u letnjim mesecima. Pogodan je i za rashla\u0111ivanje i ve\u0107ih prostorija, u narodu \u010desto poznat i kao \u201e<strong>Tornado ventilator<\/strong>\u201c. Kompletno izra\u0111en od metala. Tri brzine, metalni propeler pre\u010dnika 45 cm.<\/p>\n","protected":false},"featured_media":10564,"comment_status":"open","ping_status":"closed","template":"","meta":{"inline_featured_image":false},"product_brand":[],"product_cat":[349],"product_tag":[],"class_list":{"0":"post-10563","1":"product","2":"type-product","3":"status-publish","4":"has-post-thumbnail","6":"product_cat-ventilator","8":"first","9":"instock","10":"shipping-taxable","11":"purchasable","12":"product-type-simple"},"_links":{"self":[{"href":"https:\/\/tehnikabacko.rs\/index.php\/wp-json\/wp\/v2\/product\/10563","targetHints":{"allow":["GET"]}}],"collection":[{"href":"https:\/\/tehnikabacko.rs\/index.php\/wp-json\/wp\/v2\/product"}],"about":[{"href":"https:\/\/tehnikabacko.rs\/index.php\/wp-json\/wp\/v2\/types\/product"}],"replies":[{"embeddable":true,"href":"https:\/\/tehnikabacko.rs\/index.php\/wp-json\/wp\/v2\/comments?post=10563"}],"wp:featuredmedia":[{"embeddable":true,"href":"https:\/\/tehnikabacko.rs\/index.php\/wp-json\/wp\/v2\/media\/10564"}],"wp:attachment":[{"href":"https:\/\/tehnikabacko.rs\/index.php\/wp-json\/wp\/v2\/media?parent=10563"}],"wp:term":[{"taxonomy":"product_brand","embeddable":true,"href":"https:\/\/tehnikabacko.rs\/index.php\/wp-json\/wp\/v2\/product_brand?post=10563"},{"taxonomy":"product_cat","embeddable":true,"href":"https:\/\/tehnikabacko.rs\/index.php\/wp-json\/wp\/v2\/product_cat?post=10563"},{"taxonomy":"product_tag","embeddable":true,"href":"https:\/\/tehnikabacko.rs\/index.php\/wp-json\/wp\/v2\/product_tag?post=10563"}],"curies":[{"name":"wp","href":"https:\/\/api.w.org\/{rel}","templated":true}]}}