{"id":10557,"date":"2024-07-01T15:12:22","date_gmt":"2024-07-01T15:12:22","guid":{"rendered":"https:\/\/tehnikabacko.rs\/?post_type=product&#038;p=10557"},"modified":"2025-06-02T05:43:15","modified_gmt":"2025-06-02T05:43:15","slug":"sani-granulat-sani-hem-1kg","status":"publish","type":"product","link":"https:\/\/tehnikabacko.rs\/index.php\/product\/sani-granulat-sani-hem-1kg\/","title":{"rendered":"Sani Granulat SANI-HEM 1kg"},"content":{"rendered":"<p>Sani Granulat SANI-HEM 1kg 711-44679\u00a0je bele boje izuzetno \u0161irokog antimikrobnog spektra delovanja, sa blagim mirisom hlora. Sani Granulat SANI-HEM 1kg 771-44679\u00a0sadr\u017ei stabilizovane hlorne granule koje ne uti\u010du na smanjenje pH i alkaliteta i mogu se upotrebljavati i u otvorenim (spoljnim) bazenima gde ima uticaj sun\u010deve svetlosti. Sadr\u017ee cijanuri\u010dnu kiselinu koja automatski stabili\u0161e raspadanje hlora pod uticajem sun\u010deve svetlosti. Koristi se u unutra\u0161njim i spoljnim bazenima kao i u banjama sa toplom vodom (SPA).Sani Granulat SANI-HEM 1kg 771-44679 ima \u0161iroki spektar antimikrobnog delovanja. Ovaj preparat deluje na vegetativne oblike gram-pozitivnih i gram-negativnih bakterija, viruse (uklju\u010duju\u0107i HBV i HIV), gljivice, protozoe i alge tako da u potpunosti \u0161titi kupa\u010de od zaraznih bolesti.<\/p>\n","protected":false},"excerpt":{"rendered":"<p><span class=\"wd-attr-name\">Te\u017eina<\/span>1 kg<\/p>\n","protected":false},"featured_media":10558,"comment_status":"open","ping_status":"closed","template":"","meta":{"inline_featured_image":false},"product_brand":[],"product_cat":[347,348],"product_tag":[],"class_list":{"0":"post-10557","1":"product","2":"type-product","3":"status-publish","4":"has-post-thumbnail","6":"product_cat-bazen","7":"product_cat-dodaci-za-bazen","9":"first","10":"instock","11":"shipping-taxable","12":"purchasable","13":"product-type-simple"},"_links":{"self":[{"href":"https:\/\/tehnikabacko.rs\/index.php\/wp-json\/wp\/v2\/product\/10557","targetHints":{"allow":["GET"]}}],"collection":[{"href":"https:\/\/tehnikabacko.rs\/index.php\/wp-json\/wp\/v2\/product"}],"about":[{"href":"https:\/\/tehnikabacko.rs\/index.php\/wp-json\/wp\/v2\/types\/product"}],"replies":[{"embeddable":true,"href":"https:\/\/tehnikabacko.rs\/index.php\/wp-json\/wp\/v2\/comments?post=10557"}],"wp:featuredmedia":[{"embeddable":true,"href":"https:\/\/tehnikabacko.rs\/index.php\/wp-json\/wp\/v2\/media\/10558"}],"wp:attachment":[{"href":"https:\/\/tehnikabacko.rs\/index.php\/wp-json\/wp\/v2\/media?parent=10557"}],"wp:term":[{"taxonomy":"product_brand","embeddable":true,"href":"https:\/\/tehnikabacko.rs\/index.php\/wp-json\/wp\/v2\/product_brand?post=10557"},{"taxonomy":"product_cat","embeddable":true,"href":"https:\/\/tehnikabacko.rs\/index.php\/wp-json\/wp\/v2\/product_cat?post=10557"},{"taxonomy":"product_tag","embeddable":true,"href":"https:\/\/tehnikabacko.rs\/index.php\/wp-json\/wp\/v2\/product_tag?post=10557"}],"curies":[{"name":"wp","href":"https:\/\/api.w.org\/{rel}","templated":true}]}}