{"id":10536,"date":"2024-06-11T16:30:27","date_gmt":"2024-06-11T16:30:27","guid":{"rendered":"https:\/\/tehnikabacko.rs\/?post_type=product&#038;p=10536"},"modified":"2024-06-11T16:32:21","modified_gmt":"2024-06-11T16:32:21","slug":"elektricni-tricikl-vigorous-jb100d-01-infinity-60v-20ah","status":"publish","type":"product","link":"https:\/\/tehnikabacko.rs\/index.php\/product\/elektricni-tricikl-vigorous-jb100d-01-infinity-60v-20ah\/","title":{"rendered":"Elektri\u010dni tricikl VIGOROUS JB100D-01 &#8222;INFINITY&#8220; 60V\/20Ah"},"content":{"rendered":"<table>\n<tbody>\n<tr>\n<th>Vrsta e-bike:<\/th>\n<td>Teretni (Cargo e-bike)<\/td>\n<\/tr>\n<tr>\n<th>Sp. gume:<\/th>\n<td>3.0-10 Tubeless<\/td>\n<\/tr>\n<tr>\n<th>Baterija:<\/th>\n<td>Olovna 60V\/20Ah (5x12V\/20Ah)<\/td>\n<\/tr>\n<tr>\n<th>Snaga motora:<\/th>\n<td>1000W<\/td>\n<\/tr>\n<tr>\n<th>Max. brzina:<\/th>\n<td>25 km\/h<\/td>\n<\/tr>\n<tr>\n<th>Autonomija kretanja:<\/th>\n<td>Do 50km<\/td>\n<\/tr>\n<tr>\n<th>Nosivost:<\/th>\n<td>150 kg<\/td>\n<\/tr>\n<tr>\n<th>Ko\u010dnice:<\/th>\n<td>Prednja disk ko\u010dnica, zadnja dobo\u0161<\/td>\n<\/tr>\n<tr>\n<th>Vreme punjenja:<\/th>\n<td>6 &#8211; 8 h<\/td>\n<\/tr>\n<tr>\n<th>Dodatna oprema:<\/th>\n<td>Prednje i zadnje led svetlo, \u0161top svetlo, pokaziva\u010di pravca (\u017emigavci), retrovizori. Digitalni LED displej. Zadnja korpa, prtlja\u017enik ispod sedi\u0161ta, dva klju\u010da.<\/td>\n<\/tr>\n<\/tbody>\n<\/table>\n<p><img decoding=\"async\" src=\"https:\/\/megafavorit.com\/files\/product_picture\/2390\/lead_picture\/2023.03.24.08.38.30_641d5376d3a2b_330068-1200x900_big.jpg\" \/><\/p>\n<p><img decoding=\"async\" src=\"https:\/\/megafavorit.com\/files\/product_picture\/2390\/picture\/2023.04.07.09.52.50_642fcbd2ec984_330068-1200X900A_big.jpg\" \/><\/p>\n","protected":false},"excerpt":{"rendered":"<h3><strong>Dostupno u crvenoj, crvnoj i sivoj boji<\/strong><\/h3>\n","protected":false},"featured_media":10539,"comment_status":"open","ping_status":"closed","template":"","meta":{"inline_featured_image":false},"product_brand":[],"product_cat":[333],"product_tag":[],"class_list":{"0":"post-10536","1":"product","2":"type-product","3":"status-publish","4":"has-post-thumbnail","6":"product_cat-bicikle","8":"first","9":"instock","10":"shipping-taxable","11":"purchasable","12":"product-type-simple"},"_links":{"self":[{"href":"https:\/\/tehnikabacko.rs\/index.php\/wp-json\/wp\/v2\/product\/10536","targetHints":{"allow":["GET"]}}],"collection":[{"href":"https:\/\/tehnikabacko.rs\/index.php\/wp-json\/wp\/v2\/product"}],"about":[{"href":"https:\/\/tehnikabacko.rs\/index.php\/wp-json\/wp\/v2\/types\/product"}],"replies":[{"embeddable":true,"href":"https:\/\/tehnikabacko.rs\/index.php\/wp-json\/wp\/v2\/comments?post=10536"}],"wp:featuredmedia":[{"embeddable":true,"href":"https:\/\/tehnikabacko.rs\/index.php\/wp-json\/wp\/v2\/media\/10539"}],"wp:attachment":[{"href":"https:\/\/tehnikabacko.rs\/index.php\/wp-json\/wp\/v2\/media?parent=10536"}],"wp:term":[{"taxonomy":"product_brand","embeddable":true,"href":"https:\/\/tehnikabacko.rs\/index.php\/wp-json\/wp\/v2\/product_brand?post=10536"},{"taxonomy":"product_cat","embeddable":true,"href":"https:\/\/tehnikabacko.rs\/index.php\/wp-json\/wp\/v2\/product_cat?post=10536"},{"taxonomy":"product_tag","embeddable":true,"href":"https:\/\/tehnikabacko.rs\/index.php\/wp-json\/wp\/v2\/product_tag?post=10536"}],"curies":[{"name":"wp","href":"https:\/\/api.w.org\/{rel}","templated":true}]}}