{"id":10505,"date":"2024-05-20T12:30:18","date_gmt":"2024-05-20T12:30:18","guid":{"rendered":"https:\/\/tehnikabacko.rs\/?post_type=product&#038;p=10505"},"modified":"2024-05-20T12:30:18","modified_gmt":"2024-05-20T12:30:18","slug":"farm-flmad1-solo-akumulatorski-duvac-lisca","status":"publish","type":"product","link":"https:\/\/tehnikabacko.rs\/index.php\/product\/farm-flmad1-solo-akumulatorski-duvac-lisca\/","title":{"rendered":"FARM FLMAD1-SOLO Akumulatorski duva\u010d li\u0161\u0107a"},"content":{"rendered":"<table>\n<tbody>\n<tr>\n<td>Napon:<\/td>\n<td class=\"spec-td-content\">40 V<\/td>\n<\/tr>\n<tr>\n<td>Maks. brzina izduvavanja:<\/td>\n<td class=\"spec-td-content\">88 km\/h &#8211; 120 km\/h<\/td>\n<\/tr>\n<tr>\n<td>Prava potro\u0161a\u010da:<\/td>\n<td>Zakonska saobraznost 2 godine<\/td>\n<\/tr>\n<\/tbody>\n<\/table>\n<p><img decoding=\"async\" src=\"https:\/\/img.gigatron.rs\/img\/products\/large\/image62cd51a94fa5b.png\" alt=\"FARM FLMAD1-SOLO Akumulatorski duva\u010d li\u0161\u0107a\" \/><\/p>\n","protected":false},"excerpt":{"rendered":"<h3><strong>Proizvod u kompletu sa baterijom i punja\u010dem<\/strong><\/h3>\n","protected":false},"featured_media":10506,"comment_status":"open","ping_status":"closed","template":"","meta":{"inline_featured_image":false},"product_brand":[],"product_cat":[311],"product_tag":[],"class_list":{"0":"post-10505","1":"product","2":"type-product","3":"status-publish","4":"has-post-thumbnail","6":"product_cat-duvaci-za-lisce","8":"first","9":"instock","10":"shipping-taxable","11":"purchasable","12":"product-type-simple"},"_links":{"self":[{"href":"https:\/\/tehnikabacko.rs\/index.php\/wp-json\/wp\/v2\/product\/10505","targetHints":{"allow":["GET"]}}],"collection":[{"href":"https:\/\/tehnikabacko.rs\/index.php\/wp-json\/wp\/v2\/product"}],"about":[{"href":"https:\/\/tehnikabacko.rs\/index.php\/wp-json\/wp\/v2\/types\/product"}],"replies":[{"embeddable":true,"href":"https:\/\/tehnikabacko.rs\/index.php\/wp-json\/wp\/v2\/comments?post=10505"}],"wp:featuredmedia":[{"embeddable":true,"href":"https:\/\/tehnikabacko.rs\/index.php\/wp-json\/wp\/v2\/media\/10506"}],"wp:attachment":[{"href":"https:\/\/tehnikabacko.rs\/index.php\/wp-json\/wp\/v2\/media?parent=10505"}],"wp:term":[{"taxonomy":"product_brand","embeddable":true,"href":"https:\/\/tehnikabacko.rs\/index.php\/wp-json\/wp\/v2\/product_brand?post=10505"},{"taxonomy":"product_cat","embeddable":true,"href":"https:\/\/tehnikabacko.rs\/index.php\/wp-json\/wp\/v2\/product_cat?post=10505"},{"taxonomy":"product_tag","embeddable":true,"href":"https:\/\/tehnikabacko.rs\/index.php\/wp-json\/wp\/v2\/product_tag?post=10505"}],"curies":[{"name":"wp","href":"https:\/\/api.w.org\/{rel}","templated":true}]}}