{"id":10500,"date":"2024-05-10T10:32:01","date_gmt":"2024-05-10T10:32:01","guid":{"rendered":"https:\/\/tehnikabacko.rs\/?post_type=product&#038;p=10500"},"modified":"2024-05-10T10:32:01","modified_gmt":"2024-05-10T10:32:01","slug":"farm-motorna-kosilica-samohodna-flm4618-bs-bs","status":"publish","type":"product","link":"https:\/\/tehnikabacko.rs\/index.php\/product\/farm-motorna-kosilica-samohodna-flm4618-bs-bs\/","title":{"rendered":"Farm Motorna Kosilica Samohodna FLM4618 BS B&amp;S"},"content":{"rendered":"<ul>\n<li>Snaga motora kW: 1.7 kW<\/li>\n<li>Motor: B&amp;S 450E, \u010detvorotaktni<\/li>\n<li>\u0160irina Rezanja: 46cm<\/li>\n<li>Povr\u0161ina Ko\u0161enja: 1100 m2<\/li>\n<li>Mobilnost: Samohodna<\/li>\n<li><img decoding=\"async\" src=\"https:\/\/www.bosshop.rs\/media\/2021\/05\/Farm-motorna-kosilica-samohodna-BS450E-FLM4618BS-600x600.jpg\" alt=\"Farm Motorna Kosilica Samohodna B&amp;S450E FLM4618BS\" \/><\/li>\n<li><\/li>\n<\/ul>\n","protected":false},"excerpt":{"rendered":"<p>Snaga motora kW: 1.7 kW Motor: B&amp;S 450E, \u010detvorotaktni \u0160irina Rezanja: 46cm Povr\u0161ina Ko\u0161enja: 1100 m2 Mobilnost: Samohodna<\/p>\n","protected":false},"featured_media":10501,"comment_status":"open","ping_status":"closed","template":"","meta":{"inline_featured_image":false},"product_brand":[],"product_cat":[244,272],"product_tag":[],"class_list":{"0":"post-10500","1":"product","2":"type-product","3":"status-publish","4":"has-post-thumbnail","6":"product_cat-kosacice","7":"product_cat-motorna-kosilica","9":"first","10":"instock","11":"shipping-taxable","12":"purchasable","13":"product-type-simple"},"_links":{"self":[{"href":"https:\/\/tehnikabacko.rs\/index.php\/wp-json\/wp\/v2\/product\/10500","targetHints":{"allow":["GET"]}}],"collection":[{"href":"https:\/\/tehnikabacko.rs\/index.php\/wp-json\/wp\/v2\/product"}],"about":[{"href":"https:\/\/tehnikabacko.rs\/index.php\/wp-json\/wp\/v2\/types\/product"}],"replies":[{"embeddable":true,"href":"https:\/\/tehnikabacko.rs\/index.php\/wp-json\/wp\/v2\/comments?post=10500"}],"wp:featuredmedia":[{"embeddable":true,"href":"https:\/\/tehnikabacko.rs\/index.php\/wp-json\/wp\/v2\/media\/10501"}],"wp:attachment":[{"href":"https:\/\/tehnikabacko.rs\/index.php\/wp-json\/wp\/v2\/media?parent=10500"}],"wp:term":[{"taxonomy":"product_brand","embeddable":true,"href":"https:\/\/tehnikabacko.rs\/index.php\/wp-json\/wp\/v2\/product_brand?post=10500"},{"taxonomy":"product_cat","embeddable":true,"href":"https:\/\/tehnikabacko.rs\/index.php\/wp-json\/wp\/v2\/product_cat?post=10500"},{"taxonomy":"product_tag","embeddable":true,"href":"https:\/\/tehnikabacko.rs\/index.php\/wp-json\/wp\/v2\/product_tag?post=10500"}],"curies":[{"name":"wp","href":"https:\/\/api.w.org\/{rel}","templated":true}]}}