{"id":10498,"date":"2024-05-10T10:24:24","date_gmt":"2024-05-10T10:24:24","guid":{"rendered":"https:\/\/tehnikabacko.rs\/?post_type=product&#038;p=10498"},"modified":"2025-06-07T10:11:21","modified_gmt":"2025-06-07T10:11:21","slug":"akumulatorska-kosilica-40v33cm","status":"publish","type":"product","link":"https:\/\/tehnikabacko.rs\/index.php\/product\/akumulatorska-kosilica-40v33cm\/","title":{"rendered":"Akumulatorska kosilica, 40V,33cm"},"content":{"rendered":"<p>\u0160irina ko\u0161enja : 33 cm<br \/>\nVisina ka\u010denja : 20\/40\/60 mm, 3-stepeno visinsko pode\u0161avanje<br \/>\nZapremina korpe : 30L<br \/>\nDimenzija to\u010dkova : 140 mm (prednji) ; 160 mm (zadnji)<br \/>\nBaterija : 40V (Li-lon)<\/p>\n<p><img decoding=\"async\" src=\"https:\/\/eshop.wurth.rs\/images\/thumbs\/0020022_akumulatorska-kosilica-40v33cm.webp\" \/><\/p>\n<p>Akumulatorska kosilica je idelano re\u0161enje da bez buke motora ili produ\u017enog kabla uredite va\u0161e dvori\u0161te.<\/p>\n<p>Kosilicu odlikuje \u0161irina ko\u0161enja od 33cm, 3-stepeno visinsko pode\u0161avanje kao i korpa za sakupljanje trave zapremine 30L.<\/p>\n<p>\u201eOne for all\u201c vam omogu\u0107ava da sami ukombinujete bateriju i punja\u010d u zavisnosti od va\u0161ih potreba.<\/p>\n","protected":false},"excerpt":{"rendered":"<h2><strong>Kosilica + baterija + punja\u010d<\/strong><\/h2>\n","protected":false},"featured_media":10499,"comment_status":"open","ping_status":"closed","template":"","meta":{"inline_featured_image":false},"product_brand":[],"product_cat":[274,244],"product_tag":[],"class_list":{"0":"post-10498","1":"product","2":"type-product","3":"status-publish","4":"has-post-thumbnail","6":"product_cat-akumulatorska-kosilica","7":"product_cat-kosacice","9":"first","10":"instock","11":"shipping-taxable","12":"purchasable","13":"product-type-simple"},"_links":{"self":[{"href":"https:\/\/tehnikabacko.rs\/index.php\/wp-json\/wp\/v2\/product\/10498","targetHints":{"allow":["GET"]}}],"collection":[{"href":"https:\/\/tehnikabacko.rs\/index.php\/wp-json\/wp\/v2\/product"}],"about":[{"href":"https:\/\/tehnikabacko.rs\/index.php\/wp-json\/wp\/v2\/types\/product"}],"replies":[{"embeddable":true,"href":"https:\/\/tehnikabacko.rs\/index.php\/wp-json\/wp\/v2\/comments?post=10498"}],"wp:featuredmedia":[{"embeddable":true,"href":"https:\/\/tehnikabacko.rs\/index.php\/wp-json\/wp\/v2\/media\/10499"}],"wp:attachment":[{"href":"https:\/\/tehnikabacko.rs\/index.php\/wp-json\/wp\/v2\/media?parent=10498"}],"wp:term":[{"taxonomy":"product_brand","embeddable":true,"href":"https:\/\/tehnikabacko.rs\/index.php\/wp-json\/wp\/v2\/product_brand?post=10498"},{"taxonomy":"product_cat","embeddable":true,"href":"https:\/\/tehnikabacko.rs\/index.php\/wp-json\/wp\/v2\/product_cat?post=10498"},{"taxonomy":"product_tag","embeddable":true,"href":"https:\/\/tehnikabacko.rs\/index.php\/wp-json\/wp\/v2\/product_tag?post=10498"}],"curies":[{"name":"wp","href":"https:\/\/api.w.org\/{rel}","templated":true}]}}