{"id":10495,"date":"2024-05-08T16:34:52","date_gmt":"2024-05-08T16:34:52","guid":{"rendered":"https:\/\/tehnikabacko.rs\/?post_type=product&#038;p=10495"},"modified":"2024-05-08T16:34:52","modified_gmt":"2024-05-08T16:34:52","slug":"villager-atlas-4011-b-motorna-kosacica-briggs","status":"publish","type":"product","link":"https:\/\/tehnikabacko.rs\/index.php\/product\/villager-atlas-4011-b-motorna-kosacica-briggs\/","title":{"rendered":"Villager Atlas 4011 B Motorna kosa\u010dica Briggs"},"content":{"rendered":"<table class=\"table\">\n<tbody>\n<tr>\n<td>Kategorija<\/td>\n<td><strong>Motorne kosa\u010dice<\/strong><\/td>\n<\/tr>\n<tr>\n<td>Motor<\/td>\n<td><strong>Benzinski<\/strong><\/td>\n<\/tr>\n<tr>\n<td>Pogon<\/td>\n<td><strong>Guraju\u0107i<\/strong><\/td>\n<\/tr>\n<tr>\n<td>Povr\u0161ina ko\u0161enja<\/td>\n<td><strong>1100 m\u00b2<\/strong><\/td>\n<\/tr>\n<tr>\n<td>Tip motora<\/td>\n<td><strong>B&amp;S 450 E OHV<\/strong><\/td>\n<\/tr>\n<tr>\n<td>Zapremina motora<\/td>\n<td><strong>125 cm\u00b3<\/strong><\/td>\n<\/tr>\n<tr>\n<td>Snaga motora<\/td>\n<td><strong>1.7 kW (2800 rpm)<\/strong><\/td>\n<\/tr>\n<tr>\n<td>\u0160irina ko\u0161enja<\/td>\n<td><strong>457 mm<\/strong><\/td>\n<\/tr>\n<tr>\n<td>Visina ko\u0161enja<\/td>\n<td><strong>25 &#8211; 75 mm (7 nivoa, centralno)<\/strong><\/td>\n<\/tr>\n<tr>\n<td>Pre\u010dnik to\u010dka prednji \/ zadnji<\/td>\n<td><strong>178 mm \/ 203 mm<\/strong><\/td>\n<\/tr>\n<tr>\n<td>Tip ku\u0107i\u0161ta<\/td>\n<td><strong>\u010celi\u010dno<\/strong><\/td>\n<\/tr>\n<tr>\n<td>Zapremina sakuplja\u010da<\/td>\n<td><strong>60 l<\/strong><\/td>\n<\/tr>\n<tr>\n<td>Masa<\/td>\n<td><strong>30.5 kg<\/strong><\/td>\n<\/tr>\n<tr>\n<td>Linija proizvoda<\/td>\n<td><strong>Orange edition<\/strong><\/td>\n<\/tr>\n<\/tbody>\n<\/table>\n<p>&nbsp;<\/p>\n<p>&nbsp;<\/p>\n<p><strong>Funkcije:<\/strong><\/p>\n<ul>\n<li>Ko\u0161enje<\/li>\n<li>Sakupljanje<\/li>\n<li>Mal\u010diranje<\/li>\n<li>Bo\u010dno izbacivanje<\/li>\n<\/ul>\n<p><strong>Preporuka:<\/strong><\/p>\n<ul>\n<li>Koristiti Villager 4T ulje<\/li>\n<li>Koristiti set za zamenu ulja<\/li>\n<\/ul>\n<p>&nbsp;<\/p>\n<p>&nbsp;<\/p>\n<p>&nbsp;<\/p>\n<p>&nbsp;<\/p>\n<p><img fetchpriority=\"high\" decoding=\"async\" class=\"alignnone  wp-image-10496\" src=\"https:\/\/tehnikabacko.rs\/wp-content\/uploads\/2024\/05\/atlas-4011-b-1-300x200.jpg\" alt=\"\" width=\"371\" height=\"247\" srcset=\"https:\/\/tehnikabacko.rs\/wp-content\/uploads\/2024\/05\/atlas-4011-b-1-300x200.jpg 300w, https:\/\/tehnikabacko.rs\/wp-content\/uploads\/2024\/05\/atlas-4011-b-1-1024x683.jpg 1024w, https:\/\/tehnikabacko.rs\/wp-content\/uploads\/2024\/05\/atlas-4011-b-1-768x512.jpg 768w, https:\/\/tehnikabacko.rs\/wp-content\/uploads\/2024\/05\/atlas-4011-b-1-600x400.jpg 600w, https:\/\/tehnikabacko.rs\/wp-content\/uploads\/2024\/05\/atlas-4011-b-1.jpg 1200w\" sizes=\"(max-width: 371px) 100vw, 371px\" \/><\/p>\n<p>&nbsp;<\/p>\n<p>&nbsp;<\/p>\n<p>&nbsp;<\/p>\n<p><img decoding=\"async\" class=\"alignnone  wp-image-10497\" src=\"https:\/\/tehnikabacko.rs\/wp-content\/uploads\/2024\/05\/Your-Yard-With-Us-1-300x300.png\" alt=\"\" width=\"322\" height=\"322\" srcset=\"https:\/\/tehnikabacko.rs\/wp-content\/uploads\/2024\/05\/Your-Yard-With-Us-1-300x300.png 300w, https:\/\/tehnikabacko.rs\/wp-content\/uploads\/2024\/05\/Your-Yard-With-Us-1-1024x1024.png 1024w, https:\/\/tehnikabacko.rs\/wp-content\/uploads\/2024\/05\/Your-Yard-With-Us-1-150x150.png 150w, https:\/\/tehnikabacko.rs\/wp-content\/uploads\/2024\/05\/Your-Yard-With-Us-1-768x768.png 768w, https:\/\/tehnikabacko.rs\/wp-content\/uploads\/2024\/05\/Your-Yard-With-Us-1-400x400.png 400w, https:\/\/tehnikabacko.rs\/wp-content\/uploads\/2024\/05\/Your-Yard-With-Us-1-600x600.png 600w, https:\/\/tehnikabacko.rs\/wp-content\/uploads\/2024\/05\/Your-Yard-With-Us-1-100x100.png 100w, https:\/\/tehnikabacko.rs\/wp-content\/uploads\/2024\/05\/Your-Yard-With-Us-1-50x50.png 50w, https:\/\/tehnikabacko.rs\/wp-content\/uploads\/2024\/05\/Your-Yard-With-Us-1-96x96.png 96w, https:\/\/tehnikabacko.rs\/wp-content\/uploads\/2024\/05\/Your-Yard-With-Us-1-460x460.png 460w, https:\/\/tehnikabacko.rs\/wp-content\/uploads\/2024\/05\/Your-Yard-With-Us-1.png 1080w\" sizes=\"(max-width: 322px) 100vw, 322px\" \/><\/p>\n","protected":false},"excerpt":{"rendered":"<p>Kategorija Motorne kosa\u010dice Motor Benzinski Pogon Guraju\u0107i Povr\u0161ina ko\u0161enja 1100 m\u00b2 Tip motora B&amp;S 450 E OHV Zapremina motora 125 cm\u00b3 Snaga motora 1.7 kW (2800 rpm) \u0160irina ko\u0161enja 457 mm Visina ko\u0161enja 25 &#8211; 75 mm (7 nivoa, centralno) Pre\u010dnik to\u010dka prednji \/ zadnji 178 mm \/ 203 mm Tip ku\u0107i\u0161ta \u010celi\u010dno Zapremina sakuplja\u010da [&hellip;]<\/p>\n","protected":false},"featured_media":10496,"comment_status":"open","ping_status":"closed","template":"","meta":{"inline_featured_image":false},"product_brand":[],"product_cat":[272],"product_tag":[],"class_list":{"0":"post-10495","1":"product","2":"type-product","3":"status-publish","4":"has-post-thumbnail","6":"product_cat-motorna-kosilica","8":"first","9":"instock","10":"shipping-taxable","11":"purchasable","12":"product-type-simple"},"_links":{"self":[{"href":"https:\/\/tehnikabacko.rs\/index.php\/wp-json\/wp\/v2\/product\/10495","targetHints":{"allow":["GET"]}}],"collection":[{"href":"https:\/\/tehnikabacko.rs\/index.php\/wp-json\/wp\/v2\/product"}],"about":[{"href":"https:\/\/tehnikabacko.rs\/index.php\/wp-json\/wp\/v2\/types\/product"}],"replies":[{"embeddable":true,"href":"https:\/\/tehnikabacko.rs\/index.php\/wp-json\/wp\/v2\/comments?post=10495"}],"wp:featuredmedia":[{"embeddable":true,"href":"https:\/\/tehnikabacko.rs\/index.php\/wp-json\/wp\/v2\/media\/10496"}],"wp:attachment":[{"href":"https:\/\/tehnikabacko.rs\/index.php\/wp-json\/wp\/v2\/media?parent=10495"}],"wp:term":[{"taxonomy":"product_brand","embeddable":true,"href":"https:\/\/tehnikabacko.rs\/index.php\/wp-json\/wp\/v2\/product_brand?post=10495"},{"taxonomy":"product_cat","embeddable":true,"href":"https:\/\/tehnikabacko.rs\/index.php\/wp-json\/wp\/v2\/product_cat?post=10495"},{"taxonomy":"product_tag","embeddable":true,"href":"https:\/\/tehnikabacko.rs\/index.php\/wp-json\/wp\/v2\/product_tag?post=10495"}],"curies":[{"name":"wp","href":"https:\/\/api.w.org\/{rel}","templated":true}]}}