{"id":10490,"date":"2024-05-08T16:29:06","date_gmt":"2024-05-08T16:29:06","guid":{"rendered":"https:\/\/tehnikabacko.rs\/?post_type=product&#038;p=10490"},"modified":"2025-06-02T10:47:24","modified_gmt":"2025-06-02T10:47:24","slug":"alpina-elektricna-kosacica-bl-380-e-1400w","status":"publish","type":"product","link":"https:\/\/tehnikabacko.rs\/index.php\/product\/alpina-elektricna-kosacica-bl-380-e-1400w\/","title":{"rendered":"Alpina Elektri\u010dna kosa\u010dica BL 380 E 1400w"},"content":{"rendered":"<table class=\"table product-attrbite-table\">\n<thead>\n<tr>\n<th>Karakteristika<\/th>\n<th>Vrednost<\/th>\n<\/tr>\n<\/thead>\n<tbody>\n<tr>\n<td>Kategorija<\/td>\n<td><a title=\"Elektri\u010dne kosa\u010dice\" href=\"https:\/\/www.agromarket.rs\/elektricne-kosacice\">Elektri\u010dne kosa\u010dice<\/a><\/td>\n<\/tr>\n<tr class=\"attr-table-product-weight\">\n<td>Te\u017eina pakovanja<\/td>\n<td>10.7 kg<\/td>\n<\/tr>\n<tr class=\"attr-brend\">\n<td>Brend<\/td>\n<td><a title=\"Alpina\" href=\"https:\/\/www.agromarket.rs\/proizvodi\/brend-alpina\">Alpina<\/a><\/td>\n<\/tr>\n<tr class=\"attr-napon\">\n<td>Napon<\/td>\n<td>230 V ~ 50 Hz<\/td>\n<\/tr>\n<tr class=\"attr-prikljucna-snaga\">\n<td>Priklju\u010dna snaga<\/td>\n<td>1400 W<\/td>\n<\/tr>\n<tr class=\"attr-povrsina-kosenja\">\n<td>Povr\u0161ina ko\u0161enja<\/td>\n<td>500 m\u00b2<\/td>\n<\/tr>\n<tr class=\"attr-sirina-kosenja\">\n<td>\u0160irina ko\u0161enja<\/td>\n<td>380 mm<\/td>\n<\/tr>\n<tr class=\"attr-tip-pogona\">\n<td>Tip pogona<\/td>\n<td>Guraju\u0107i<\/td>\n<\/tr>\n<\/tbody>\n<\/table>\n<p>&nbsp;<\/p>\n<p>Proizvo\u0111a\u010d: Alpina<br \/>\nZemlja porekla: Italija<\/p>\n<p>&nbsp;<\/p>\n<p><img fetchpriority=\"high\" decoding=\"async\" class=\"alignnone  wp-image-10491\" src=\"https:\/\/tehnikabacko.rs\/wp-content\/uploads\/2024\/05\/51TvUnlGBRL-300x169.jpg\" alt=\"\" width=\"357\" height=\"201\" srcset=\"https:\/\/tehnikabacko.rs\/wp-content\/uploads\/2024\/05\/51TvUnlGBRL-300x169.jpg 300w, https:\/\/tehnikabacko.rs\/wp-content\/uploads\/2024\/05\/51TvUnlGBRL-1024x576.jpg 1024w, https:\/\/tehnikabacko.rs\/wp-content\/uploads\/2024\/05\/51TvUnlGBRL-768x432.jpg 768w, https:\/\/tehnikabacko.rs\/wp-content\/uploads\/2024\/05\/51TvUnlGBRL-1536x864.jpg 1536w, https:\/\/tehnikabacko.rs\/wp-content\/uploads\/2024\/05\/51TvUnlGBRL-1000x565.jpg 1000w, https:\/\/tehnikabacko.rs\/wp-content\/uploads\/2024\/05\/51TvUnlGBRL-600x338.jpg 600w, https:\/\/tehnikabacko.rs\/wp-content\/uploads\/2024\/05\/51TvUnlGBRL.jpg 1920w\" sizes=\"(max-width: 357px) 100vw, 357px\" \/><\/p>\n<p>&nbsp;<\/p>\n<p><img decoding=\"async\" class=\"alignnone size-medium wp-image-10492\" src=\"https:\/\/tehnikabacko.rs\/wp-content\/uploads\/2024\/05\/acb7aa949d6ec741e203d86a655230951b90_BL380E_293380064A14_amb03_web_ecommerce-300x300.webp\" alt=\"\" width=\"300\" height=\"300\" srcset=\"https:\/\/tehnikabacko.rs\/wp-content\/uploads\/2024\/05\/acb7aa949d6ec741e203d86a655230951b90_BL380E_293380064A14_amb03_web_ecommerce-300x300.webp 300w, https:\/\/tehnikabacko.rs\/wp-content\/uploads\/2024\/05\/acb7aa949d6ec741e203d86a655230951b90_BL380E_293380064A14_amb03_web_ecommerce-150x150.webp 150w, https:\/\/tehnikabacko.rs\/wp-content\/uploads\/2024\/05\/acb7aa949d6ec741e203d86a655230951b90_BL380E_293380064A14_amb03_web_ecommerce-768x768.webp 768w, https:\/\/tehnikabacko.rs\/wp-content\/uploads\/2024\/05\/acb7aa949d6ec741e203d86a655230951b90_BL380E_293380064A14_amb03_web_ecommerce-400x400.webp 400w, https:\/\/tehnikabacko.rs\/wp-content\/uploads\/2024\/05\/acb7aa949d6ec741e203d86a655230951b90_BL380E_293380064A14_amb03_web_ecommerce-600x600.webp 600w, https:\/\/tehnikabacko.rs\/wp-content\/uploads\/2024\/05\/acb7aa949d6ec741e203d86a655230951b90_BL380E_293380064A14_amb03_web_ecommerce-100x100.webp 100w, https:\/\/tehnikabacko.rs\/wp-content\/uploads\/2024\/05\/acb7aa949d6ec741e203d86a655230951b90_BL380E_293380064A14_amb03_web_ecommerce-50x50.webp 50w, https:\/\/tehnikabacko.rs\/wp-content\/uploads\/2024\/05\/acb7aa949d6ec741e203d86a655230951b90_BL380E_293380064A14_amb03_web_ecommerce-96x96.webp 96w, https:\/\/tehnikabacko.rs\/wp-content\/uploads\/2024\/05\/acb7aa949d6ec741e203d86a655230951b90_BL380E_293380064A14_amb03_web_ecommerce-460x460.webp 460w, https:\/\/tehnikabacko.rs\/wp-content\/uploads\/2024\/05\/acb7aa949d6ec741e203d86a655230951b90_BL380E_293380064A14_amb03_web_ecommerce.webp 940w\" sizes=\"(max-width: 300px) 100vw, 300px\" \/><\/p>\n<p>&nbsp;<\/p>\n<p>&nbsp;<\/p>\n<p><img decoding=\"async\" class=\"alignnone size-medium wp-image-10493\" src=\"https:\/\/tehnikabacko.rs\/wp-content\/uploads\/2024\/05\/806b89e43fcc93fc9374d26a07cb46d20ac2a12a_BL380E_293380064A14_full1_ecommerce-1-300x300.webp\" alt=\"\" width=\"300\" height=\"300\" srcset=\"https:\/\/tehnikabacko.rs\/wp-content\/uploads\/2024\/05\/806b89e43fcc93fc9374d26a07cb46d20ac2a12a_BL380E_293380064A14_full1_ecommerce-1-300x300.webp 300w, https:\/\/tehnikabacko.rs\/wp-content\/uploads\/2024\/05\/806b89e43fcc93fc9374d26a07cb46d20ac2a12a_BL380E_293380064A14_full1_ecommerce-1-150x150.webp 150w, https:\/\/tehnikabacko.rs\/wp-content\/uploads\/2024\/05\/806b89e43fcc93fc9374d26a07cb46d20ac2a12a_BL380E_293380064A14_full1_ecommerce-1-400x400.webp 400w, https:\/\/tehnikabacko.rs\/wp-content\/uploads\/2024\/05\/806b89e43fcc93fc9374d26a07cb46d20ac2a12a_BL380E_293380064A14_full1_ecommerce-1-600x600.webp 600w, https:\/\/tehnikabacko.rs\/wp-content\/uploads\/2024\/05\/806b89e43fcc93fc9374d26a07cb46d20ac2a12a_BL380E_293380064A14_full1_ecommerce-1-100x100.webp 100w, https:\/\/tehnikabacko.rs\/wp-content\/uploads\/2024\/05\/806b89e43fcc93fc9374d26a07cb46d20ac2a12a_BL380E_293380064A14_full1_ecommerce-1-50x50.webp 50w, https:\/\/tehnikabacko.rs\/wp-content\/uploads\/2024\/05\/806b89e43fcc93fc9374d26a07cb46d20ac2a12a_BL380E_293380064A14_full1_ecommerce-1-96x96.webp 96w, https:\/\/tehnikabacko.rs\/wp-content\/uploads\/2024\/05\/806b89e43fcc93fc9374d26a07cb46d20ac2a12a_BL380E_293380064A14_full1_ecommerce-1-460x460.webp 460w, https:\/\/tehnikabacko.rs\/wp-content\/uploads\/2024\/05\/806b89e43fcc93fc9374d26a07cb46d20ac2a12a_BL380E_293380064A14_full1_ecommerce-1.webp 700w\" sizes=\"(max-width: 300px) 100vw, 300px\" \/><\/p>\n<p>&nbsp;<\/p>\n<p>&nbsp;<\/p>\n<p><img loading=\"lazy\" decoding=\"async\" class=\"alignnone size-medium wp-image-10494\" src=\"https:\/\/tehnikabacko.rs\/wp-content\/uploads\/2024\/05\/71Ert3EBsRL-300x200.jpg\" alt=\"\" width=\"300\" height=\"200\" srcset=\"https:\/\/tehnikabacko.rs\/wp-content\/uploads\/2024\/05\/71Ert3EBsRL-300x200.jpg 300w, https:\/\/tehnikabacko.rs\/wp-content\/uploads\/2024\/05\/71Ert3EBsRL-1024x683.jpg 1024w, https:\/\/tehnikabacko.rs\/wp-content\/uploads\/2024\/05\/71Ert3EBsRL-768x512.jpg 768w, https:\/\/tehnikabacko.rs\/wp-content\/uploads\/2024\/05\/71Ert3EBsRL-1536x1024.jpg 1536w, https:\/\/tehnikabacko.rs\/wp-content\/uploads\/2024\/05\/71Ert3EBsRL-2048x1366.jpg 2048w, https:\/\/tehnikabacko.rs\/wp-content\/uploads\/2024\/05\/71Ert3EBsRL-600x400.jpg 600w\" sizes=\"(max-width: 300px) 100vw, 300px\" \/><\/p>\n<p>&nbsp;<\/p>\n<p>&nbsp;<\/p>\n<p>&nbsp;<\/p>\n","protected":false},"excerpt":{"rendered":"<p>Karakteristika Vrednost Kategorija Elektri\u010dne kosa\u010dice Te\u017eina pakovanja 10.7 kg Brend Alpina Napon 230 V ~ 50 Hz Priklju\u010dna snaga 1400 W Povr\u0161ina ko\u0161enja 500 m\u00b2 \u0160irina ko\u0161enja 380 mm Tip pogona Guraju\u0107i &nbsp; Proizvo\u0111a\u010d: Alpina Zemlja porekla: Italija &nbsp; &nbsp; &nbsp; &nbsp; &nbsp; &nbsp; &nbsp; &nbsp; &nbsp;<\/p>\n","protected":false},"featured_media":10491,"comment_status":"open","ping_status":"closed","template":"","meta":{"inline_featured_image":false},"product_brand":[],"product_cat":[271],"product_tag":[],"class_list":{"0":"post-10490","1":"product","2":"type-product","3":"status-publish","4":"has-post-thumbnail","6":"product_cat-elektricna-kosilica","8":"first","9":"instock","10":"shipping-taxable","11":"purchasable","12":"product-type-simple"},"_links":{"self":[{"href":"https:\/\/tehnikabacko.rs\/index.php\/wp-json\/wp\/v2\/product\/10490","targetHints":{"allow":["GET"]}}],"collection":[{"href":"https:\/\/tehnikabacko.rs\/index.php\/wp-json\/wp\/v2\/product"}],"about":[{"href":"https:\/\/tehnikabacko.rs\/index.php\/wp-json\/wp\/v2\/types\/product"}],"replies":[{"embeddable":true,"href":"https:\/\/tehnikabacko.rs\/index.php\/wp-json\/wp\/v2\/comments?post=10490"}],"wp:featuredmedia":[{"embeddable":true,"href":"https:\/\/tehnikabacko.rs\/index.php\/wp-json\/wp\/v2\/media\/10491"}],"wp:attachment":[{"href":"https:\/\/tehnikabacko.rs\/index.php\/wp-json\/wp\/v2\/media?parent=10490"}],"wp:term":[{"taxonomy":"product_brand","embeddable":true,"href":"https:\/\/tehnikabacko.rs\/index.php\/wp-json\/wp\/v2\/product_brand?post=10490"},{"taxonomy":"product_cat","embeddable":true,"href":"https:\/\/tehnikabacko.rs\/index.php\/wp-json\/wp\/v2\/product_cat?post=10490"},{"taxonomy":"product_tag","embeddable":true,"href":"https:\/\/tehnikabacko.rs\/index.php\/wp-json\/wp\/v2\/product_tag?post=10490"}],"curies":[{"name":"wp","href":"https:\/\/api.w.org\/{rel}","templated":true}]}}