{"id":10481,"date":"2024-05-03T11:43:47","date_gmt":"2024-05-03T11:43:47","guid":{"rendered":"https:\/\/tehnikabacko.rs\/?post_type=product&#038;p=10481"},"modified":"2025-06-02T09:54:34","modified_gmt":"2025-06-02T09:54:34","slug":"bc-2700-xce-trimer-za-travu","status":"publish","type":"product","link":"https:\/\/tehnikabacko.rs\/index.php\/product\/bc-2700-xce-trimer-za-travu\/","title":{"rendered":"BC 2700 XCE trimer za travu"},"content":{"rendered":"<p>Kategorija<strong>Motorni trimeri<\/strong><\/p>\n<p>Tip motora<strong>Dvotaktni, vazdu\u0161no hla\u0111eni<\/strong><\/p>\n<p>Zapremina motora<strong>46.5 cm\u00b3<\/strong><\/p>\n<p>Snaga motora \/ broj obrtaja<strong>1.95 kW (10500 rpm)<\/strong><\/p>\n<p>Radni zahvat niti<strong>460 mm<\/strong><\/p>\n<p>Radni zahvat no\u017ea<strong>255 mm<\/strong><\/p>\n<p>Sistem prenosa<strong>Kardan<\/strong><\/p>\n<p>Tip kardanske cevi<strong>Nedeljiva aluminijumska<\/strong><\/p>\n<p>Pre\u010dnik kardanske cevi<strong>28 mm<\/strong><\/p>\n<p>Tip rukohvata<strong>Bike rukohvat<\/strong><\/p>\n<p>Tip remena<strong>Profesionalni remen<\/strong><\/p>\n<p>Masa<strong>8.65 kg<\/strong><\/p>\n<p>Linija proizvoda<strong>Black edition<\/strong><\/p>\n<p><img decoding=\"async\" src=\"https:\/\/www.villager.rs\/images\/kosa-f1-bc-2700-xce_VNlhbUFIOAT03r3XYHiK.png\" \/><\/p>\n","protected":false},"excerpt":{"rendered":"<h2>Opis<\/h2>\n<p>BC 2700 XCE je najja\u010da motorna kosa u Villager\u00ae gami. Sa svojih neverovatnih 2 kW snage. Antivabracioni sistem u 4 ta\u010dke i udobni profesionalni remen omogu\u0107i\u0107e Vam sate intenzivnog rada bez umaranja.<\/p>\n<p><strong>Funkcije:<\/strong><\/p>\n<ul>\n<li>Antivibracijski sistem<\/li>\n<li>Super Start<\/li>\n<\/ul>\n","protected":false},"featured_media":10482,"comment_status":"open","ping_status":"closed","template":"","meta":{"inline_featured_image":false},"product_brand":[],"product_cat":[320,290],"product_tag":[],"class_list":{"0":"post-10481","1":"product","2":"type-product","3":"status-publish","4":"has-post-thumbnail","6":"product_cat-motorni-trimeri","7":"product_cat-trimeri-za-travu","9":"first","10":"instock","11":"shipping-taxable","12":"purchasable","13":"product-type-simple"},"_links":{"self":[{"href":"https:\/\/tehnikabacko.rs\/index.php\/wp-json\/wp\/v2\/product\/10481","targetHints":{"allow":["GET"]}}],"collection":[{"href":"https:\/\/tehnikabacko.rs\/index.php\/wp-json\/wp\/v2\/product"}],"about":[{"href":"https:\/\/tehnikabacko.rs\/index.php\/wp-json\/wp\/v2\/types\/product"}],"replies":[{"embeddable":true,"href":"https:\/\/tehnikabacko.rs\/index.php\/wp-json\/wp\/v2\/comments?post=10481"}],"wp:featuredmedia":[{"embeddable":true,"href":"https:\/\/tehnikabacko.rs\/index.php\/wp-json\/wp\/v2\/media\/10482"}],"wp:attachment":[{"href":"https:\/\/tehnikabacko.rs\/index.php\/wp-json\/wp\/v2\/media?parent=10481"}],"wp:term":[{"taxonomy":"product_brand","embeddable":true,"href":"https:\/\/tehnikabacko.rs\/index.php\/wp-json\/wp\/v2\/product_brand?post=10481"},{"taxonomy":"product_cat","embeddable":true,"href":"https:\/\/tehnikabacko.rs\/index.php\/wp-json\/wp\/v2\/product_cat?post=10481"},{"taxonomy":"product_tag","embeddable":true,"href":"https:\/\/tehnikabacko.rs\/index.php\/wp-json\/wp\/v2\/product_tag?post=10481"}],"curies":[{"name":"wp","href":"https:\/\/api.w.org\/{rel}","templated":true}]}}