{"id":10473,"date":"2024-05-03T11:01:26","date_gmt":"2024-05-03T11:01:26","guid":{"rendered":"https:\/\/tehnikabacko.rs\/?post_type=product&#038;p=10473"},"modified":"2024-05-03T11:01:26","modified_gmt":"2024-05-03T11:01:26","slug":"elektricni-bicikl-arizona","status":"publish","type":"product","link":"https:\/\/tehnikabacko.rs\/index.php\/product\/elektricni-bicikl-arizona\/","title":{"rendered":"ELEKTRICNI BICIKL ARIZONA"},"content":{"rendered":"<p>BREND: VENECO<br \/>\nBOJA: CRVENA<br \/>\nTIP: DOBO\u0160, OPRUGA<br \/>\nDIMENZIJA: 17 INCHA<br \/>\nMODEL: MK4-MASTER4<br \/>\nTIP BATERIJE: OLOVNA<br \/>\nDOMET: 20 DO 40 KM<br \/>\nMOTOR: 250 W<br \/>\nKAPACITET BATERIJE: 48V 12AH<br \/>\nMAX BRZINA: 25 KM\/H<br \/>\nTE\u017dINA: 72 KG<br \/>\nMAXIMALNA NOSIVOST: 110 KG<\/p>\n<p><img decoding=\"async\" src=\"https:\/\/www.venerabike.rs\/images\/\/proizvodi\/1200\/elektro-bicikli\/TIW-1300000.jpg\" alt=\"Elektricni bicikl Master4 crveno sivi\" \/><\/p>\n","protected":false},"excerpt":{"rendered":"<p>Jedinstven elektri\u010dni bicikl koji pru\u017ea podjednako u\u017eivanje u vo\u017enji i mla\u0111im i starijim voza\u010dima. Iako je dizajniran sa elektri\u010dnim motorom sa pogonom na pedale, izgleda kao moped, ali sa ni\u017eim tro\u0161kovima rada. Interesantan je tinejd\u017eerima, ali i svima koji \u017eele da stignu sa jednog mesta na drugo, bez muke oko dozvole, tako\u0111e je vrlo interesantan i za starije ljude samo \u017eele malo slobode za kra\u0107a putovanja i vo\u017enju gradom. Udoban je, sa lako\u0107om klizi po putu, a rukovanje njime je vrlo opu\u0161teno. Poseduje i dodatke koji doprinose njegovoj estetici kao \u0161to je LCD displej koji pokazuje brzinu, nivo napunjenosti baterije i ostale indikatore, sirena, integrisana LED svetla i sli\u010dno&#8230;<\/p>\n","protected":false},"featured_media":10474,"comment_status":"open","ping_status":"closed","template":"","meta":{"inline_featured_image":false},"product_brand":[],"product_cat":[333],"product_tag":[],"class_list":{"0":"post-10473","1":"product","2":"type-product","3":"status-publish","4":"has-post-thumbnail","6":"product_cat-bicikle","8":"first","9":"instock","10":"shipping-taxable","11":"purchasable","12":"product-type-simple"},"_links":{"self":[{"href":"https:\/\/tehnikabacko.rs\/index.php\/wp-json\/wp\/v2\/product\/10473","targetHints":{"allow":["GET"]}}],"collection":[{"href":"https:\/\/tehnikabacko.rs\/index.php\/wp-json\/wp\/v2\/product"}],"about":[{"href":"https:\/\/tehnikabacko.rs\/index.php\/wp-json\/wp\/v2\/types\/product"}],"replies":[{"embeddable":true,"href":"https:\/\/tehnikabacko.rs\/index.php\/wp-json\/wp\/v2\/comments?post=10473"}],"wp:featuredmedia":[{"embeddable":true,"href":"https:\/\/tehnikabacko.rs\/index.php\/wp-json\/wp\/v2\/media\/10474"}],"wp:attachment":[{"href":"https:\/\/tehnikabacko.rs\/index.php\/wp-json\/wp\/v2\/media?parent=10473"}],"wp:term":[{"taxonomy":"product_brand","embeddable":true,"href":"https:\/\/tehnikabacko.rs\/index.php\/wp-json\/wp\/v2\/product_brand?post=10473"},{"taxonomy":"product_cat","embeddable":true,"href":"https:\/\/tehnikabacko.rs\/index.php\/wp-json\/wp\/v2\/product_cat?post=10473"},{"taxonomy":"product_tag","embeddable":true,"href":"https:\/\/tehnikabacko.rs\/index.php\/wp-json\/wp\/v2\/product_tag?post=10473"}],"curies":[{"name":"wp","href":"https:\/\/api.w.org\/{rel}","templated":true}]}}